{"id":2079,"date":"2024-04-14T13:32:31","date_gmt":"2024-04-14T13:32:31","guid":{"rendered":"https:\/\/lcpark.com\/politica-de-privacidad\/"},"modified":"2024-06-19T22:09:43","modified_gmt":"2024-06-19T22:09:43","slug":"politica-de-privacidad","status":"publish","type":"page","link":"https:\/\/lcpark.com\/es\/politica-de-privacidad\/","title":{"rendered":"Pol\u00edtica de privacidad"},"content":{"rendered":"<section class=\"l-section wpb_row height_medium\"><div class=\"l-section-h i-cf\"><div class=\"g-cols vc_row via_grid cols_1 laptops-cols_inherit tablets-cols_inherit mobiles-cols_1 valign_top type_default stacking_default\"><div class=\"wpb_column vc_column_container\"><div class=\"vc_column-inner\"><div class=\"w-separator size_large\"><\/div><div class=\"wpb_text_column\"><div class=\"wpb_wrapper\"><h1 style=\"text-align: center;\">POL\u00cdTICA DE PRIVACIDAD Y DE COOKIES<\/h1>\n<\/div><\/div><\/div><\/div><\/div><\/div><\/section><section class=\"l-section wpb_row height_auto\"><div class=\"l-section-h i-cf\"><div class=\"g-cols vc_row via_grid cols_1 laptops-cols_inherit tablets-cols_inherit mobiles-cols_1 valign_top type_default stacking_default\"><div class=\"wpb_column vc_column_container\"><div class=\"vc_column-inner\"><div class=\"w-separator size_small\"><\/div><div class=\"wpb_text_column\"><div class=\"wpb_wrapper\"><h3 style=\"text-align: center;\">Protecci\u00f3n de datos<\/h3>\n<p style=\"text-align: center;\">Como consecuencia de la navegaci\u00f3n por el sitio web y la cumplimentaci\u00f3n de sus formularios, el usuario acepta que los datos personales por \u00e9l facilitados o que se faciliten en el futuro a trav\u00e9s de dichos servicios, sean objeto de tratamiento por parte del establecimiento, incluyendo la recogida de datos de acceso y la utilizaci\u00f3n de cookies y funcionalidades proporcionadas por terceros.<\/p>\n<\/div><\/div><div class=\"w-separator size_medium\"><\/div><\/div><\/div><\/div><\/div><\/section><section class=\"l-section wpb_row height_auto\"><div class=\"l-section-h i-cf\"><div class=\"g-cols vc_row via_grid cols_1 laptops-cols_inherit tablets-cols_inherit mobiles-cols_1 valign_top type_default stacking_default\"><div class=\"wpb_column vc_column_container\"><div class=\"vc_column-inner\"><div class=\"wpb_text_column\"><div class=\"wpb_wrapper\"><h3 style=\"text-align: center;\">Finalidad del tratamiento de datos, legitimaci\u00f3n y destinatarios de la informaci\u00f3n<\/h3>\n<p style=\"text-align: center;\">Permitir el funcionamiento del sitio web y proporcionar acceso a las \u00e1reas para los usuarios registrados<\/p>\n<p style=\"text-align: center;\">Registre y responda a las solicitudes realizadas por los usuarios a trav\u00e9s de formularios web (contacto, etc.)<\/p>\n<p style=\"text-align: center;\">Prestaci\u00f3n y administraci\u00f3n de servicios, tramitaci\u00f3n de reservas y pago de productos y servicios<\/p>\n<p style=\"text-align: center;\">An\u00e1lisis y estad\u00edsticas de la web<\/p>\n<p style=\"text-align: center;\">Incluir funciones proporcionadas por terceros (Google Maps, etc.)<\/p>\n<\/div><\/div><div class=\"w-separator size_medium\"><\/div><\/div><\/div><\/div><\/div><\/section><section class=\"l-section wpb_row height_auto\"><div class=\"l-section-h i-cf\"><div class=\"g-cols vc_row via_grid cols_1 laptops-cols_inherit tablets-cols_inherit mobiles-cols_1 valign_top type_default stacking_default\"><div class=\"wpb_column vc_column_container\"><div class=\"vc_column-inner\"><div class=\"wpb_text_column\"><div class=\"wpb_wrapper\"><h3 style=\"text-align: center;\">Navegaci\u00f3n web y acceso a \u00e1reas para usuarios registrados<\/h3>\n<p style=\"text-align: center;\">Finalidad: se procesan los datos necesarios para la prestaci\u00f3n de servicios en l\u00ednea, incluido el registro de direcciones IP, p\u00e1ginas visitadas y fecha de acceso, as\u00ed como informaci\u00f3n sobre el terminal del usuario. Los datos tambi\u00e9n se procesan con fines de seguridad y mejora de la web.<\/p>\n<p style=\"text-align: center;\">Legitimaci\u00f3n: el tratamiento de los datos es necesario para la prestaci\u00f3n de servicios en l\u00ednea; consentimiento, expresado mediante el uso del sitio web<\/p>\n<p style=\"text-align: center;\">Destinatarios y transferencias: establecimiento y empresas de alojamiento web<\/p>\n<\/div><\/div><div class=\"w-separator size_medium\"><\/div><\/div><\/div><\/div><\/div><\/section><section class=\"l-section wpb_row height_auto\"><div class=\"l-section-h i-cf\"><div class=\"g-cols vc_row via_grid cols_1 laptops-cols_inherit tablets-cols_inherit mobiles-cols_1 valign_top type_default stacking_default\"><div class=\"wpb_column vc_column_container\"><div class=\"vc_column-inner\"><div class=\"wpb_text_column\"><div class=\"wpb_wrapper\"><h3 style=\"text-align: center;\">Utilizaci\u00f3n de formularios web<\/h3>\n<p style=\"text-align: center;\">Finalidad: atender las solicitudes realizadas a trav\u00e9s de los formularios web.<\/p>\n<p style=\"text-align: center;\">Legitimaci\u00f3n: el consentimiento se expresa al utilizar y enviar el formulario.<\/p>\n<p style=\"text-align: center;\">Destinatarios y transferencias: establecimiento y empresas implicadas en la prestaci\u00f3n de los servicios solicitados<\/p>\n<\/div><\/div><div class=\"w-separator size_medium\"><\/div><\/div><\/div><\/div><\/div><\/section><section class=\"l-section wpb_row height_auto\"><div class=\"l-section-h i-cf\"><div class=\"g-cols vc_row via_grid cols_1 laptops-cols_inherit tablets-cols_inherit mobiles-cols_1 valign_top type_default stacking_default\"><div class=\"wpb_column vc_column_container\"><div class=\"vc_column-inner\"><div class=\"wpb_text_column\"><div class=\"wpb_wrapper\"><h3 style=\"text-align: center;\">Provisi\u00f3n de servicios<\/h3>\n<p style=\"text-align: center;\">Finalidad: prestar servicios, incluida la gesti\u00f3n de reservas hoteleras y el pago. Enviar informaci\u00f3n sobre los servicios del establecimiento por medios electr\u00f3nicos. Llevar a cabo encuestas de calidad.<\/p>\n<p style=\"text-align: center;\">Legitimaci\u00f3n: ejecuci\u00f3n del contrato o prestaci\u00f3n del servicio.<\/p>\n<p style=\"text-align: center;\">Destinatarios y transferencias: establecimientos y empresas implicados en la prestaci\u00f3n de los servicios solicitados.<\/p>\n<\/div><\/div><div class=\"w-separator size_medium\"><\/div><\/div><\/div><\/div><\/div><\/section><section class=\"l-section wpb_row height_auto\"><div class=\"l-section-h i-cf\"><div class=\"g-cols vc_row via_grid cols_1 laptops-cols_inherit tablets-cols_inherit mobiles-cols_1 valign_top type_default stacking_default\"><div class=\"wpb_column vc_column_container\"><div class=\"vc_column-inner\"><div class=\"wpb_text_column\"><div class=\"wpb_wrapper\"><h3 style=\"text-align: center;\">Anal\u00edtica web<\/h3>\n<p style=\"text-align: center;\">Finalidad: conocer c\u00f3mo busca, accede y utiliza la web el p\u00fablico. Pueden implicar la recopilaci\u00f3n de datos personales como la direcci\u00f3n IP, la ubicaci\u00f3n de la conexi\u00f3n, informaci\u00f3n sobre el software o hardware de navegaci\u00f3n, etc.<\/p>\n<p style=\"text-align: center;\">Legitimaci\u00f3n: consentimiento, expresado a trav\u00e9s del uso de la p\u00e1gina web.<\/p>\n<p style=\"text-align: center;\">Receptores y transferencias: establecimiento.<\/p>\n<\/div><\/div><div class=\"w-separator size_medium\"><\/div><\/div><\/div><\/div><\/div><\/section><section class=\"l-section wpb_row height_auto\"><div class=\"l-section-h i-cf\"><div class=\"g-cols vc_row via_grid cols_1 laptops-cols_inherit tablets-cols_inherit mobiles-cols_1 valign_top type_default stacking_default\"><div class=\"wpb_column vc_column_container\"><div class=\"vc_column-inner\"><div class=\"wpb_text_column\"><div class=\"wpb_wrapper\"><h3 style=\"text-align: center;\">Funciones suministradas por terceros<\/h3>\n<p style=\"text-align: center;\">Finalidad: incorporar funciones proporcionadas por terceros, como mapas, an\u00e1lisis, botones sociales, widgets de chat de Zendesk, etc.<\/p>\n<p style=\"text-align: center;\">Legitimaci\u00f3n: consentimiento, expresado a trav\u00e9s del uso del sitio web<\/p>\n<p style=\"text-align: center;\">Destinatarios y transferencias: Las funciones de terceros establecen una conexi\u00f3n directa entre el navegador del usuario y los dominios de Internet de terceros, permitiendo la descarga y ejecuci\u00f3n de la funci\u00f3n, incluso desde p\u00e1ginas fuera del Espacio Econ\u00f3mico Europeo.<\/p>\n<p style=\"text-align: center;\">Este sitio web integra funciones de Google Inc, como Google Analytics y Google Maps. Al utilizar este sitio web, el usuario autoriza el tratamiento de sus datos por Google en los t\u00e9rminos de su pol\u00edtica de privacidad: https:\/\/policies.google.com\/privacy.<\/p>\n<\/div><\/div><div class=\"w-separator size_medium\"><\/div><\/div><\/div><\/div><\/div><\/section><section class=\"l-section wpb_row height_auto\"><div class=\"l-section-h i-cf\"><div class=\"g-cols vc_row via_grid cols_1 laptops-cols_inherit tablets-cols_inherit mobiles-cols_1 valign_top type_default stacking_default\"><div class=\"wpb_column vc_column_container\"><div class=\"vc_column-inner\"><div class=\"wpb_text_column\"><div class=\"wpb_wrapper\"><h3 style=\"text-align: center;\">Veracidad de los datos<\/h3>\n<p style=\"text-align: center;\">El usuario debe rellenar los formularios con datos verdaderos, exactos, completos y actualizados. El usuario no introducir\u00e1 datos referentes a otra persona; El establecimiento presumir\u00e1 que los datos han sido facilitados por el titular de los mismos. El usuario ser\u00e1 el \u00fanico responsable de cualquier da\u00f1o o perjuicio, directo o indirecto, que pudiera ocasionar a cualquier persona a causa de la cumplimentaci\u00f3n del formulario con datos relativos a otra persona.<\/p>\n<\/div><\/div><div class=\"w-separator size_medium\"><\/div><\/div><\/div><\/div><\/div><\/section><section class=\"l-section wpb_row height_auto\"><div class=\"l-section-h i-cf\"><div class=\"g-cols vc_row via_grid cols_1 laptops-cols_inherit tablets-cols_inherit mobiles-cols_1 valign_top type_default stacking_default\"><div class=\"wpb_column vc_column_container\"><div class=\"vc_column-inner\"><div class=\"wpb_text_column\"><div class=\"wpb_wrapper\"><h3 style=\"text-align: center;\">Derechos de acceso, rectificaci\u00f3n, supresi\u00f3n, oposici\u00f3n y otros<\/h3>\n<p style=\"text-align: center;\">El interesado tiene en todo momento derecho a acceder, rectificar y suprimir los datos que le conciernan, as\u00ed como a oponerse al tratamiento de los mismos, en los t\u00e9rminos recogidos en la legislaci\u00f3n de protecci\u00f3n de datos. Tambi\u00e9n tiene derecho a solicitar: la portabilidad de sus datos, la revocaci\u00f3n del consentimiento dado en su caso y la limitaci\u00f3n del tratamiento.<\/p>\n<p style=\"text-align: center;\">El titular de los datos podr\u00e1 ejercer estos derechos dirigi\u00e9ndose por escrito a la direcci\u00f3n del establecimiento.<\/p>\n<p style=\"text-align: center;\">El interesado deber\u00e1 incluir una solicitud firmada en la que se indique la acci\u00f3n solicitada y una fotocopia del DNI o pasaporte.<br \/>\nEl interesado tambi\u00e9n puede oponerse a la recepci\u00f3n de correos electr\u00f3nicos comerciales, simplemente solicit\u00e1ndolo mediante un correo electr\u00f3nico enviado desde la direcci\u00f3n para darse de baja y dirigido al establecimiento.<\/p>\n<p style=\"text-align: center;\">Si el interesado considera que el tratamiento de sus datos infringe la legislaci\u00f3n sobre protecci\u00f3n de datos, puede presentar una reclamaci\u00f3n ante las autoridades de control de la protecci\u00f3n de datos.<\/p>\n<\/div><\/div><div class=\"w-separator size_medium\"><\/div><\/div><\/div><\/div><\/div><\/section><section class=\"l-section wpb_row height_auto\"><div class=\"l-section-h i-cf\"><div class=\"g-cols vc_row via_grid cols_1 laptops-cols_inherit tablets-cols_inherit mobiles-cols_1 valign_top type_default stacking_default\"><div class=\"wpb_column vc_column_container\"><div class=\"vc_column-inner\"><div class=\"wpb_text_column\"><div class=\"wpb_wrapper\"><h3 style=\"text-align: center;\">Menores de edad<\/h3>\n<p style=\"text-align: center;\">El uso de esta p\u00e1gina web est\u00e1 prohibido a los menores de 18 a\u00f1os.<\/p>\n<\/div><\/div><div class=\"w-separator size_medium\"><\/div><\/div><\/div><\/div><\/div><\/section><section class=\"l-section wpb_row height_auto\"><div class=\"l-section-h i-cf\"><div class=\"g-cols vc_row via_grid cols_1 laptops-cols_inherit tablets-cols_inherit mobiles-cols_1 valign_top type_default stacking_default\"><div class=\"wpb_column vc_column_container\"><div class=\"vc_column-inner\"><div class=\"wpb_text_column\"><div class=\"wpb_wrapper\"><h3 style=\"text-align: center;\">Seguridad de los datos<\/h3>\n<p style=\"text-align: center;\">Este sitio web dispone de una de las tecnolog\u00edas m\u00e1s seguras en lo que respecta a la protecci\u00f3n de los datos de su tarjeta de cr\u00e9dito. Tambi\u00e9n cumple con todas las normas internacionales que legislan la materia. Todas las secciones en las que solicitamos informaci\u00f3n sensible utilizan el protocolo de comunicaci\u00f3n SSL. Esto significa que la informaci\u00f3n que viaja a trav\u00e9s de Internet desde su ordenador hasta nuestro servidor lo hace encriptada, haci\u00e9ndola indescifrable para cualquier persona ajena. Esta tecnolog\u00eda asegura y garantiza, que sus datos no puedan ser interceptados, manipulados o suplantados, de ninguna manera. De esta forma, el pago a trav\u00e9s de Internet es ahora tan seguro como la compra directa.     <\/p>\n<\/div><\/div><div class=\"w-separator size_medium\"><\/div><\/div><\/div><\/div><\/div><\/section><section class=\"l-section wpb_row height_auto\"><div class=\"l-section-h i-cf\"><div class=\"g-cols vc_row via_grid cols_1 laptops-cols_inherit tablets-cols_inherit mobiles-cols_1 valign_top type_default stacking_default\"><div class=\"wpb_column vc_column_container\"><div class=\"vc_column-inner\"><div class=\"wpb_text_column\"><div class=\"wpb_wrapper\"><h3 style=\"text-align: center;\">\u00bfQu\u00e9 significa SSL?<\/h3>\n<p style=\"text-align: center;\">SSL (Secure Socket Layer) es una tecnolog\u00eda est\u00e1ndar de seguridad en Internet. Aplica un sistema de encriptaci\u00f3n (codificaci\u00f3n) que proporciona la m\u00e1xima confidencialidad de los datos que se nos transmiten. Esto impide la entrada o interceptaci\u00f3n ilegal en un sistema mientras los datos circulan por Internet. Para mayor seguridad, estos datos se almacenan en un servidor seguro protegido por un \u00ab\u00bbcortafuegos\u00bb\u00bb en continua vigilancia.   <\/p>\n<\/div><\/div><div class=\"w-separator size_medium\"><\/div><\/div><\/div><\/div><\/div><\/section>\n","protected":false},"excerpt":{"rendered":"POL\u00cdTICA DE PRIVACIDAD Y DE COOKIES Protecci\u00f3n de datos Como consecuencia de la navegaci\u00f3n por el sitio web y la cumplimentaci\u00f3n de sus formularios, el usuario acepta que los datos personales por \u00e9l facilitados o que se faciliten en el futuro a trav\u00e9s de dichos servicios, sean objeto de tratamiento por parte del establecimiento, incluyendo...","protected":false},"author":2,"featured_media":0,"parent":0,"menu_order":0,"comment_status":"closed","ping_status":"closed","template":"","meta":{"footnotes":""},"class_list":["post-2079","page","type-page","status-publish","hentry"],"yoast_head":"<!-- This site is optimized with the Yoast SEO plugin v27.4 - https:\/\/yoast.com\/product\/yoast-seo-wordpress\/ -->\n<title>Pol\u00edtica de privacidad y cookies | Lisboa Central Park Hotel<\/title>\n<meta name=\"description\" content=\"Pol\u00edtica de privacidad. Lisboa Central Park Hotel Suites &amp; Studios es un hotel urbano situado frente al Parque Eduard VII y el Marqu\u00eas de Pombal.\" \/>\n<meta name=\"robots\" content=\"index, follow, max-snippet:-1, max-image-preview:large, max-video-preview:-1\" \/>\n<link rel=\"canonical\" href=\"https:\/\/lcpark.com\/es\/politica-de-privacidad\/\" \/>\n<meta property=\"og:locale\" content=\"es_ES\" \/>\n<meta property=\"og:type\" content=\"article\" \/>\n<meta property=\"og:title\" content=\"Pol\u00edtica de privacidad y cookies | Lisboa Central Park Hotel\" \/>\n<meta property=\"og:description\" content=\"Pol\u00edtica de privacidad. Lisboa Central Park Hotel Suites &amp; Studios es un hotel urbano situado frente al Parque Eduard VII y el Marqu\u00eas de Pombal.\" \/>\n<meta property=\"og:url\" content=\"https:\/\/lcpark.com\/es\/politica-de-privacidad\/\" \/>\n<meta property=\"og:site_name\" content=\"Lisboa Central Park Hotel Suites &amp; Studios, Lisbon Portugal\" \/>\n<meta property=\"article:publisher\" content=\"https:\/\/www.facebook.com\/people\/Lisboa-Central-Park-Hotel\/100057055796565\/\" \/>\n<meta property=\"article:modified_time\" content=\"2024-06-19T22:09:43+00:00\" \/>\n<meta name=\"twitter:card\" content=\"summary_large_image\" \/>\n<meta name=\"twitter:label1\" content=\"Tiempo de lectura\" \/>\n\t<meta name=\"twitter:data1\" content=\"6 minutos\" \/>\n<script type=\"application\/ld+json\" class=\"yoast-schema-graph\">{\"@context\":\"https:\\\/\\\/schema.org\",\"@graph\":[{\"@type\":\"WebPage\",\"@id\":\"https:\\\/\\\/lcpark.com\\\/es\\\/politica-de-privacidad\\\/\",\"url\":\"https:\\\/\\\/lcpark.com\\\/es\\\/politica-de-privacidad\\\/\",\"name\":\"Pol\u00edtica de privacidad y cookies | Lisboa Central Park Hotel\",\"isPartOf\":{\"@id\":\"https:\\\/\\\/lcpark.com\\\/es\\\/#website\"},\"datePublished\":\"2024-04-14T13:32:31+00:00\",\"dateModified\":\"2024-06-19T22:09:43+00:00\",\"description\":\"Pol\u00edtica de privacidad. Lisboa Central Park Hotel Suites & Studios es un hotel urbano situado frente al Parque Eduard VII y el Marqu\u00eas de Pombal.\",\"breadcrumb\":{\"@id\":\"https:\\\/\\\/lcpark.com\\\/es\\\/politica-de-privacidad\\\/#breadcrumb\"},\"inLanguage\":\"es\",\"potentialAction\":[{\"@type\":\"ReadAction\",\"target\":[\"https:\\\/\\\/lcpark.com\\\/es\\\/politica-de-privacidad\\\/\"]}]},{\"@type\":\"BreadcrumbList\",\"@id\":\"https:\\\/\\\/lcpark.com\\\/es\\\/politica-de-privacidad\\\/#breadcrumb\",\"itemListElement\":[{\"@type\":\"ListItem\",\"position\":1,\"name\":\"Home\",\"item\":\"https:\\\/\\\/lcpark.com\\\/es\\\/\"},{\"@type\":\"ListItem\",\"position\":2,\"name\":\"Pol\u00edtica de privacidad\"}]},{\"@type\":\"WebSite\",\"@id\":\"https:\\\/\\\/lcpark.com\\\/es\\\/#website\",\"url\":\"https:\\\/\\\/lcpark.com\\\/es\\\/\",\"name\":\"Lisbon Central Park Hotel Suites & Studios\",\"description\":\"Lisbon Central Park - Staging website description\",\"publisher\":{\"@id\":\"https:\\\/\\\/lcpark.com\\\/es\\\/#organization\"},\"potentialAction\":[{\"@type\":\"SearchAction\",\"target\":{\"@type\":\"EntryPoint\",\"urlTemplate\":\"https:\\\/\\\/lcpark.com\\\/es\\\/?s={search_term_string}\"},\"query-input\":{\"@type\":\"PropertyValueSpecification\",\"valueRequired\":true,\"valueName\":\"search_term_string\"}}],\"inLanguage\":\"es\"},{\"@type\":\"Organization\",\"@id\":\"https:\\\/\\\/lcpark.com\\\/es\\\/#organization\",\"name\":\"Lisbon Central Park Hotel Suites & Studios\",\"alternateName\":\"Lisbon Central Park Hotel\",\"url\":\"https:\\\/\\\/lcpark.com\\\/es\\\/\",\"logo\":{\"@type\":\"ImageObject\",\"inLanguage\":\"es\",\"@id\":\"https:\\\/\\\/lcpark.com\\\/es\\\/#\\\/schema\\\/logo\\\/image\\\/\",\"url\":\"https:\\\/\\\/lcpark.com\\\/wp-content\\\/uploads\\\/2024\\\/04\\\/Lisboa-Central-Park-Favicon-Logo-Circle-Transparent.webp\",\"contentUrl\":\"https:\\\/\\\/lcpark.com\\\/wp-content\\\/uploads\\\/2024\\\/04\\\/Lisboa-Central-Park-Favicon-Logo-Circle-Transparent.webp\",\"width\":834,\"height\":834,\"caption\":\"Lisbon Central Park Hotel Suites & Studios\"},\"image\":{\"@id\":\"https:\\\/\\\/lcpark.com\\\/es\\\/#\\\/schema\\\/logo\\\/image\\\/\"},\"sameAs\":[\"https:\\\/\\\/www.facebook.com\\\/people\\\/Lisboa-Central-Park-Hotel\\\/100057055796565\\\/\",\"https:\\\/\\\/www.instagram.com\\\/lisboacentralpark\\\/\"]}]}<\/script>\n<!-- \/ Yoast SEO plugin. -->","yoast_head_json":{"title":"Pol\u00edtica de privacidad y cookies | Lisboa Central Park Hotel","description":"Pol\u00edtica de privacidad. Lisboa Central Park Hotel Suites & Studios es un hotel urbano situado frente al Parque Eduard VII y el Marqu\u00eas de Pombal.","robots":{"index":"index","follow":"follow","max-snippet":"max-snippet:-1","max-image-preview":"max-image-preview:large","max-video-preview":"max-video-preview:-1"},"canonical":"https:\/\/lcpark.com\/es\/politica-de-privacidad\/","og_locale":"es_ES","og_type":"article","og_title":"Pol\u00edtica de privacidad y cookies | Lisboa Central Park Hotel","og_description":"Pol\u00edtica de privacidad. Lisboa Central Park Hotel Suites & Studios es un hotel urbano situado frente al Parque Eduard VII y el Marqu\u00eas de Pombal.","og_url":"https:\/\/lcpark.com\/es\/politica-de-privacidad\/","og_site_name":"Lisboa Central Park Hotel Suites &amp; Studios, Lisbon Portugal","article_publisher":"https:\/\/www.facebook.com\/people\/Lisboa-Central-Park-Hotel\/100057055796565\/","article_modified_time":"2024-06-19T22:09:43+00:00","twitter_card":"summary_large_image","twitter_misc":{"Tiempo de lectura":"6 minutos"},"schema":{"@context":"https:\/\/schema.org","@graph":[{"@type":"WebPage","@id":"https:\/\/lcpark.com\/es\/politica-de-privacidad\/","url":"https:\/\/lcpark.com\/es\/politica-de-privacidad\/","name":"Pol\u00edtica de privacidad y cookies | Lisboa Central Park Hotel","isPartOf":{"@id":"https:\/\/lcpark.com\/es\/#website"},"datePublished":"2024-04-14T13:32:31+00:00","dateModified":"2024-06-19T22:09:43+00:00","description":"Pol\u00edtica de privacidad. Lisboa Central Park Hotel Suites & Studios es un hotel urbano situado frente al Parque Eduard VII y el Marqu\u00eas de Pombal.","breadcrumb":{"@id":"https:\/\/lcpark.com\/es\/politica-de-privacidad\/#breadcrumb"},"inLanguage":"es","potentialAction":[{"@type":"ReadAction","target":["https:\/\/lcpark.com\/es\/politica-de-privacidad\/"]}]},{"@type":"BreadcrumbList","@id":"https:\/\/lcpark.com\/es\/politica-de-privacidad\/#breadcrumb","itemListElement":[{"@type":"ListItem","position":1,"name":"Home","item":"https:\/\/lcpark.com\/es\/"},{"@type":"ListItem","position":2,"name":"Pol\u00edtica de privacidad"}]},{"@type":"WebSite","@id":"https:\/\/lcpark.com\/es\/#website","url":"https:\/\/lcpark.com\/es\/","name":"Lisbon Central Park Hotel Suites & Studios","description":"Lisbon Central Park - Staging website description","publisher":{"@id":"https:\/\/lcpark.com\/es\/#organization"},"potentialAction":[{"@type":"SearchAction","target":{"@type":"EntryPoint","urlTemplate":"https:\/\/lcpark.com\/es\/?s={search_term_string}"},"query-input":{"@type":"PropertyValueSpecification","valueRequired":true,"valueName":"search_term_string"}}],"inLanguage":"es"},{"@type":"Organization","@id":"https:\/\/lcpark.com\/es\/#organization","name":"Lisbon Central Park Hotel Suites & Studios","alternateName":"Lisbon Central Park Hotel","url":"https:\/\/lcpark.com\/es\/","logo":{"@type":"ImageObject","inLanguage":"es","@id":"https:\/\/lcpark.com\/es\/#\/schema\/logo\/image\/","url":"https:\/\/lcpark.com\/wp-content\/uploads\/2024\/04\/Lisboa-Central-Park-Favicon-Logo-Circle-Transparent.webp","contentUrl":"https:\/\/lcpark.com\/wp-content\/uploads\/2024\/04\/Lisboa-Central-Park-Favicon-Logo-Circle-Transparent.webp","width":834,"height":834,"caption":"Lisbon Central Park Hotel Suites & Studios"},"image":{"@id":"https:\/\/lcpark.com\/es\/#\/schema\/logo\/image\/"},"sameAs":["https:\/\/www.facebook.com\/people\/Lisboa-Central-Park-Hotel\/100057055796565\/","https:\/\/www.instagram.com\/lisboacentralpark\/"]}]}},"_links":{"self":[{"href":"https:\/\/lcpark.com\/es\/wp-json\/wp\/v2\/pages\/2079","targetHints":{"allow":["GET"]}}],"collection":[{"href":"https:\/\/lcpark.com\/es\/wp-json\/wp\/v2\/pages"}],"about":[{"href":"https:\/\/lcpark.com\/es\/wp-json\/wp\/v2\/types\/page"}],"author":[{"embeddable":true,"href":"https:\/\/lcpark.com\/es\/wp-json\/wp\/v2\/users\/2"}],"replies":[{"embeddable":true,"href":"https:\/\/lcpark.com\/es\/wp-json\/wp\/v2\/comments?post=2079"}],"version-history":[{"count":2,"href":"https:\/\/lcpark.com\/es\/wp-json\/wp\/v2\/pages\/2079\/revisions"}],"predecessor-version":[{"id":2081,"href":"https:\/\/lcpark.com\/es\/wp-json\/wp\/v2\/pages\/2079\/revisions\/2081"}],"wp:attachment":[{"href":"https:\/\/lcpark.com\/es\/wp-json\/wp\/v2\/media?parent=2079"}],"curies":[{"name":"wp","href":"https:\/\/api.w.org\/{rel}","templated":true}]}}