{"id":2089,"date":"2024-04-06T17:44:34","date_gmt":"2024-04-06T17:44:34","guid":{"rendered":"https:\/\/lcpark.com\/ventajas-de-reservar-directamente\/"},"modified":"2024-06-19T22:21:50","modified_gmt":"2024-06-19T22:21:50","slug":"ventajas-de-reservar-directamente","status":"publish","type":"page","link":"https:\/\/lcpark.com\/es\/ventajas-de-reservar-directamente\/","title":{"rendered":"Ventajas de Reservar Directamente"},"content":{"rendered":"<section class=\"l-section wpb_row height_auto width_full with_img parallax_ver parallax_xpos_left\"><div class=\"l-section-img\" role=\"img\" aria-label=\"Imagen\" data-img-width=\"1920\" data-img-height=\"1080\" style=\"background-image: url(https:\/\/lcpark.com\/wp-content\/uploads\/2024\/04\/Lisboa-Central-Park-Book-Direct-Exclusive-Advantages.webp);background-position: top left;background-repeat: no-repeat;\"><\/div><div class=\"l-section-overlay\" style=\"background:rgba(0,0,0,0.40)\"><\/div><div class=\"l-section-h i-cf\"><div class=\"g-cols vc_row via_grid cols_1-4-1 laptops-cols_inherit tablets-cols_inherit mobiles-cols_1 valign_top type_default stacking_default\"><div class=\"wpb_column vc_column_container\"><div class=\"vc_column-inner\"><\/div><\/div><div class=\"wpb_column vc_column_container\"><div class=\"vc_column-inner\"><div class=\"w-separator size_custom\" style=\"height:360px\" id=\"x810\"><style>@media(max-width:1024px){ #x810{height:300px!important}}@media(max-width:600px){ #x810{height:260px!important}}<\/style><\/div><div class=\"wpb_text_column us_custom_13015197\"><div class=\"wpb_wrapper\"><h1 style=\"text-align: center;\"><span style=\"color: #d9c39a;\">RESERVE DIRECTAMENTE VENTAJAS EXCLUSIVAS<\/span><\/h1>\n<\/div><\/div><div class=\"w-separator size_custom\" style=\"height:10px\"><\/div><div class=\"wpb_text_column us_custom_13015197\"><div class=\"wpb_wrapper\"><p style=\"text-align: center;\"><span style=\"color: #d9c39a;\">Siempre se asegurar\u00e1 el mejor precio directamente, reservando en l\u00ednea en este sitio o hablando con uno de los miembros de nuestro equipo de reservas.<br \/>\n<\/span><\/p>\n<\/div><\/div><div class=\"w-separator size_custom\" style=\"height:360px\" id=\"j125\"><style>@media(max-width:1024px){ #j125{height:300px!important}}@media(max-width:600px){ #j125{height:260px!important}}<\/style><\/div><\/div><\/div><div class=\"wpb_column vc_column_container\"><div class=\"vc_column-inner\"><\/div><\/div><\/div><\/div><\/section><section class=\"l-section wpb_row height_small\"><div class=\"l-section-h i-cf\"><div class=\"g-cols vc_row via_grid cols_1-4-1 laptops-cols_inherit tablets-cols_inherit mobiles-cols_1 valign_top type_default stacking_default\"><div class=\"wpb_column vc_column_container\"><div class=\"vc_column-inner\"><\/div><\/div><div class=\"wpb_column vc_column_container\"><div class=\"vc_column-inner\"><div class=\"wpb_text_column\"><div class=\"wpb_wrapper\"><p style=\"text-align: center;\">Ofrecemos el mejor precio garantizado reservando en esta p\u00e1gina web o hablando con uno de los miembros de nuestro equipo de reservas, y tambi\u00e9n tenemos otras ventajas y ofertas exclusivas de las que puede disfrutar. Eche un vistazo a continuaci\u00f3n a todas las razones por las que es mejor reservar directamente.<\/p>\n<\/div><\/div><\/div><\/div><div class=\"wpb_column vc_column_container\"><div class=\"vc_column-inner\"><\/div><\/div><\/div><\/div><\/section><section class=\"l-section wpb_row height_small\"><div class=\"l-section-h i-cf\"><div class=\"g-cols vc_row via_grid cols_2 laptops-cols_inherit tablets-cols_inherit mobiles-cols_1 valign_top type_default stacking_default\"><div class=\"wpb_column vc_column_container us_custom_afa92309 has_bg_color\"><div class=\"vc_column-inner\"><div class=\"w-iconbox iconpos_top style_default color_custom align_center\"><div class=\"w-iconbox-icon\" style=\"font-size:2rem;--icon-color:#142623;--icon-bg-color:#142623;\"><i class=\"fal fa-check-circle\"><\/i><\/div><div class=\"w-iconbox-meta\"><h3 class=\"w-iconbox-title\">Mejor Precio Garantizado<\/h3><div class=\"w-iconbox-text\"><p style=\"text-align: center;\">Nos comprometemos a ofrecer a nuestros hu\u00e9spedes los precios m\u00e1s competitivos cuando reserven directamente con nosotros. Si por casualidad encuentra un precio m\u00e1s bajo en otro sitio, le garantizamos que se lo igualaremos, asegur\u00e1ndole que podr\u00e1 disfrutar de todas las ventajas adicionales de reservar directamente con nosotros.<\/p>\n<\/div><\/div><\/div><\/div><\/div><div class=\"wpb_column vc_column_container us_custom_afa92309 has_bg_color\"><div class=\"vc_column-inner\"><div class=\"w-iconbox iconpos_top style_default color_custom align_center\"><div class=\"w-iconbox-icon\" style=\"font-size:2rem;--icon-color:#142623;--icon-bg-color:#142623;\"><i class=\"fal fa-usd-circle\"><\/i><\/div><div class=\"w-iconbox-meta\"><h3 class=\"w-iconbox-title\">Paquetes y Ofertas Exclusivos<\/h3><div class=\"w-iconbox-text\"><p style=\"text-align: center;\">Al reservar directamente con nosotros, tendr\u00e1 acceso a ofertas especiales exclusivas y a tarifas de compra anticipada. Tiene la flexibilidad de seleccionar la tarifa y las pol\u00edticas de cancelaci\u00f3n que se ajusten perfectamente a sus preferencias. Si prefiere una opci\u00f3n de alojamiento y desayuno, paquetes familiares, tarifas especiales para estancias prolongadas u ofertas de compra anticipada, la elecci\u00f3n es totalmente suya.<\/p>\n<\/div><\/div><\/div><\/div><\/div><\/div><\/div><\/section><section class=\"l-section wpb_row height_small\"><div class=\"l-section-h i-cf\"><div class=\"g-cols vc_row via_grid cols_2 laptops-cols_inherit tablets-cols_inherit mobiles-cols_1 valign_top type_default stacking_default\"><div class=\"wpb_column vc_column_container us_custom_afa92309 has_bg_color\"><div class=\"vc_column-inner\"><div class=\"w-iconbox iconpos_top style_default color_custom align_center\"><div class=\"w-iconbox-icon\" style=\"font-size:2rem;--icon-color:#142623;--icon-bg-color:#142623;\"><i class=\"fal fa-clock\"><\/i><\/div><div class=\"w-iconbox-meta\"><h3 class=\"w-iconbox-title\">M\u00e1s Flexibilidad<\/h3><div class=\"w-iconbox-text\"><p>Disfrute de la libertad de adaptar su horario a sus planes de viaje, garantizando una estancia agradable y sin complicaciones con nosotros. Tanto si necesita llegar antes para instalarse c\u00f3modamente como si desea prolongar su hora de salida para disfrutar de una experiencia de salida relajada, tendr\u00e1 acceso a nuestras opciones gratuitas de entrada anticipada y salida tard\u00eda, sujetas a disponibilidad.<\/p>\n<\/div><\/div><\/div><\/div><\/div><div class=\"wpb_column vc_column_container us_custom_afa92309 has_bg_color\"><div class=\"vc_column-inner\"><div class=\"w-iconbox iconpos_top style_default color_custom align_center\"><div class=\"w-iconbox-icon\" style=\"font-size:2rem;--icon-color:#142623;--icon-bg-color:#142623;\"><i class=\"fal fa-arrow-to-top\"><\/i><\/div><div class=\"w-iconbox-meta\"><h3 class=\"w-iconbox-title\">Mejora de Habitaci\u00f3n<\/h3><div class=\"w-iconbox-text\"><p>Reserve directamente con nosotros y eleve su estancia con un alojamiento de categor\u00eda superior, sujeto a disponibilidad. Ya se trate de una habitaci\u00f3n en una planta superior o de servicios de primera calidad, nuestro objetivo es superar sus expectativas.<\/p>\n<\/div><\/div><\/div><\/div><\/div><\/div><\/div><\/section><section class=\"l-section wpb_row height_small\"><div class=\"l-section-h i-cf\"><div class=\"g-cols vc_row via_grid cols_2 laptops-cols_inherit tablets-cols_inherit mobiles-cols_1 valign_top type_default stacking_default\"><div class=\"wpb_column vc_column_container us_custom_afa92309 has_bg_color\"><div class=\"vc_column-inner\"><div class=\"w-iconbox iconpos_top style_default color_custom align_center\"><div class=\"w-iconbox-icon\" style=\"font-size:2rem;--icon-color:#142623;--icon-bg-color:#142623;\"><i class=\"fal fa-utensils\"><\/i><\/div><div class=\"w-iconbox-meta\"><h3 class=\"w-iconbox-title\">10% de Descuento en Restaurante<\/h3><div class=\"w-iconbox-text\"><p>Obtenga un 10% de descuento en nuestro restaurante durante su estancia mientras disfruta de la comodidad y el confort de comer in situ. Ya sea un copioso desayuno para empezar el d\u00eda, un productivo almuerzo de negocios o una relajante cena para desconectar, aproveche este descuento exclusivo para reservas directas.<\/p>\n<\/div><\/div><\/div><\/div><\/div><div class=\"wpb_column vc_column_container\"><div class=\"vc_column-inner\"><\/div><\/div><\/div><\/div><\/section><section class=\"l-section wpb_row height_medium\"><div class=\"l-section-h i-cf\"><div class=\"g-cols vc_row via_grid cols_1 laptops-cols_inherit tablets-cols_inherit mobiles-cols_1 valign_top type_default stacking_default\"><div class=\"wpb_column vc_column_container\"><div class=\"vc_column-inner\"><\/div><\/div><\/div><\/div><\/section>\n","protected":false},"excerpt":{"rendered":"RESERVE DIRECTAMENTE VENTAJAS EXCLUSIVAS Siempre se asegurar\u00e1 el mejor precio directamente, reservando en l\u00ednea en este sitio o hablando con uno de los miembros de nuestro equipo de reservas. Ofrecemos el mejor precio garantizado reservando en esta p\u00e1gina web o hablando con uno de los miembros de nuestro equipo de reservas, y tambi\u00e9n tenemos otras...","protected":false},"author":2,"featured_media":2090,"parent":0,"menu_order":0,"comment_status":"closed","ping_status":"closed","template":"","meta":{"footnotes":""},"class_list":["post-2089","page","type-page","status-publish","has-post-thumbnail","hentry"],"yoast_head":"<!-- This site is optimized with the Yoast SEO plugin v27.4 - https:\/\/yoast.com\/product\/yoast-seo-wordpress\/ -->\n<title>Reservar Directamente Ventajas Exclusivas | Lisboa Central Park Hotel<\/title>\n<meta name=\"description\" content=\"Siempre se asegurar\u00e1 el mejor precio directamente, reservando en l\u00ednea en este sitio o hablando con uno de los miembros de nuestro equipo de reservas.\" \/>\n<meta name=\"robots\" content=\"index, follow, max-snippet:-1, max-image-preview:large, max-video-preview:-1\" \/>\n<link rel=\"canonical\" href=\"https:\/\/lcpark.com\/es\/ventajas-de-reservar-directamente\/\" \/>\n<meta property=\"og:locale\" content=\"es_ES\" \/>\n<meta property=\"og:type\" content=\"article\" \/>\n<meta property=\"og:title\" content=\"Reservar Directamente Ventajas Exclusivas | Lisboa Central Park Hotel\" \/>\n<meta property=\"og:description\" content=\"Siempre se asegurar\u00e1 el mejor precio directamente, reservando en l\u00ednea en este sitio o hablando con uno de los miembros de nuestro equipo de reservas.\" \/>\n<meta property=\"og:url\" content=\"https:\/\/lcpark.com\/es\/ventajas-de-reservar-directamente\/\" \/>\n<meta property=\"og:site_name\" content=\"Lisboa Central Park Hotel Suites &amp; Studios, Lisbon Portugal\" \/>\n<meta property=\"article:publisher\" content=\"https:\/\/www.facebook.com\/people\/Lisboa-Central-Park-Hotel\/100057055796565\/\" \/>\n<meta property=\"article:modified_time\" content=\"2024-06-19T22:21:50+00:00\" \/>\n<meta property=\"og:image\" content=\"https:\/\/lcpark.com\/wp-content\/uploads\/2024\/04\/Lisboa-Central-Park-Book-Direct-Exclusive-Advantages.webp\" \/>\n\t<meta property=\"og:image:width\" content=\"1920\" \/>\n\t<meta property=\"og:image:height\" content=\"1080\" \/>\n\t<meta property=\"og:image:type\" content=\"image\/webp\" \/>\n<meta name=\"twitter:card\" content=\"summary_large_image\" \/>\n<meta name=\"twitter:label1\" content=\"Tiempo de lectura\" \/>\n\t<meta name=\"twitter:data1\" content=\"4 minutos\" \/>\n<script type=\"application\/ld+json\" class=\"yoast-schema-graph\">{\"@context\":\"https:\\\/\\\/schema.org\",\"@graph\":[{\"@type\":\"WebPage\",\"@id\":\"https:\\\/\\\/lcpark.com\\\/es\\\/ventajas-de-reservar-directamente\\\/\",\"url\":\"https:\\\/\\\/lcpark.com\\\/es\\\/ventajas-de-reservar-directamente\\\/\",\"name\":\"Reservar Directamente Ventajas Exclusivas | Lisboa Central Park Hotel\",\"isPartOf\":{\"@id\":\"https:\\\/\\\/lcpark.com\\\/es\\\/#website\"},\"primaryImageOfPage\":{\"@id\":\"https:\\\/\\\/lcpark.com\\\/es\\\/ventajas-de-reservar-directamente\\\/#primaryimage\"},\"image\":{\"@id\":\"https:\\\/\\\/lcpark.com\\\/es\\\/ventajas-de-reservar-directamente\\\/#primaryimage\"},\"thumbnailUrl\":\"https:\\\/\\\/lcpark.com\\\/wp-content\\\/uploads\\\/2024\\\/04\\\/Lisboa-Central-Park-Book-Direct-Exclusive-Advantages.webp\",\"datePublished\":\"2024-04-06T17:44:34+00:00\",\"dateModified\":\"2024-06-19T22:21:50+00:00\",\"description\":\"Siempre se asegurar\u00e1 el mejor precio directamente, reservando en l\u00ednea en este sitio o hablando con uno de los miembros de nuestro equipo de reservas.\",\"breadcrumb\":{\"@id\":\"https:\\\/\\\/lcpark.com\\\/es\\\/ventajas-de-reservar-directamente\\\/#breadcrumb\"},\"inLanguage\":\"es\",\"potentialAction\":[{\"@type\":\"ReadAction\",\"target\":[\"https:\\\/\\\/lcpark.com\\\/es\\\/ventajas-de-reservar-directamente\\\/\"]}]},{\"@type\":\"ImageObject\",\"inLanguage\":\"es\",\"@id\":\"https:\\\/\\\/lcpark.com\\\/es\\\/ventajas-de-reservar-directamente\\\/#primaryimage\",\"url\":\"https:\\\/\\\/lcpark.com\\\/wp-content\\\/uploads\\\/2024\\\/04\\\/Lisboa-Central-Park-Book-Direct-Exclusive-Advantages.webp\",\"contentUrl\":\"https:\\\/\\\/lcpark.com\\\/wp-content\\\/uploads\\\/2024\\\/04\\\/Lisboa-Central-Park-Book-Direct-Exclusive-Advantages.webp\",\"width\":1920,\"height\":1080},{\"@type\":\"BreadcrumbList\",\"@id\":\"https:\\\/\\\/lcpark.com\\\/es\\\/ventajas-de-reservar-directamente\\\/#breadcrumb\",\"itemListElement\":[{\"@type\":\"ListItem\",\"position\":1,\"name\":\"Home\",\"item\":\"https:\\\/\\\/lcpark.com\\\/es\\\/\"},{\"@type\":\"ListItem\",\"position\":2,\"name\":\"Ventajas de Reservar Directamente\"}]},{\"@type\":\"WebSite\",\"@id\":\"https:\\\/\\\/lcpark.com\\\/es\\\/#website\",\"url\":\"https:\\\/\\\/lcpark.com\\\/es\\\/\",\"name\":\"Lisbon Central Park Hotel Suites & Studios\",\"description\":\"Lisbon Central Park - Staging website description\",\"publisher\":{\"@id\":\"https:\\\/\\\/lcpark.com\\\/es\\\/#organization\"},\"potentialAction\":[{\"@type\":\"SearchAction\",\"target\":{\"@type\":\"EntryPoint\",\"urlTemplate\":\"https:\\\/\\\/lcpark.com\\\/es\\\/?s={search_term_string}\"},\"query-input\":{\"@type\":\"PropertyValueSpecification\",\"valueRequired\":true,\"valueName\":\"search_term_string\"}}],\"inLanguage\":\"es\"},{\"@type\":\"Organization\",\"@id\":\"https:\\\/\\\/lcpark.com\\\/es\\\/#organization\",\"name\":\"Lisbon Central Park Hotel Suites & Studios\",\"alternateName\":\"Lisbon Central Park Hotel\",\"url\":\"https:\\\/\\\/lcpark.com\\\/es\\\/\",\"logo\":{\"@type\":\"ImageObject\",\"inLanguage\":\"es\",\"@id\":\"https:\\\/\\\/lcpark.com\\\/es\\\/#\\\/schema\\\/logo\\\/image\\\/\",\"url\":\"https:\\\/\\\/lcpark.com\\\/wp-content\\\/uploads\\\/2024\\\/04\\\/Lisboa-Central-Park-Favicon-Logo-Circle-Transparent.webp\",\"contentUrl\":\"https:\\\/\\\/lcpark.com\\\/wp-content\\\/uploads\\\/2024\\\/04\\\/Lisboa-Central-Park-Favicon-Logo-Circle-Transparent.webp\",\"width\":834,\"height\":834,\"caption\":\"Lisbon Central Park Hotel Suites & Studios\"},\"image\":{\"@id\":\"https:\\\/\\\/lcpark.com\\\/es\\\/#\\\/schema\\\/logo\\\/image\\\/\"},\"sameAs\":[\"https:\\\/\\\/www.facebook.com\\\/people\\\/Lisboa-Central-Park-Hotel\\\/100057055796565\\\/\",\"https:\\\/\\\/www.instagram.com\\\/lisboacentralpark\\\/\"]}]}<\/script>\n<!-- \/ Yoast SEO plugin. -->","yoast_head_json":{"title":"Reservar Directamente Ventajas Exclusivas | Lisboa Central Park Hotel","description":"Siempre se asegurar\u00e1 el mejor precio directamente, reservando en l\u00ednea en este sitio o hablando con uno de los miembros de nuestro equipo de reservas.","robots":{"index":"index","follow":"follow","max-snippet":"max-snippet:-1","max-image-preview":"max-image-preview:large","max-video-preview":"max-video-preview:-1"},"canonical":"https:\/\/lcpark.com\/es\/ventajas-de-reservar-directamente\/","og_locale":"es_ES","og_type":"article","og_title":"Reservar Directamente Ventajas Exclusivas | Lisboa Central Park Hotel","og_description":"Siempre se asegurar\u00e1 el mejor precio directamente, reservando en l\u00ednea en este sitio o hablando con uno de los miembros de nuestro equipo de reservas.","og_url":"https:\/\/lcpark.com\/es\/ventajas-de-reservar-directamente\/","og_site_name":"Lisboa Central Park Hotel Suites &amp; Studios, Lisbon Portugal","article_publisher":"https:\/\/www.facebook.com\/people\/Lisboa-Central-Park-Hotel\/100057055796565\/","article_modified_time":"2024-06-19T22:21:50+00:00","og_image":[{"width":1920,"height":1080,"url":"https:\/\/lcpark.com\/wp-content\/uploads\/2024\/04\/Lisboa-Central-Park-Book-Direct-Exclusive-Advantages.webp","type":"image\/webp"}],"twitter_card":"summary_large_image","twitter_misc":{"Tiempo de lectura":"4 minutos"},"schema":{"@context":"https:\/\/schema.org","@graph":[{"@type":"WebPage","@id":"https:\/\/lcpark.com\/es\/ventajas-de-reservar-directamente\/","url":"https:\/\/lcpark.com\/es\/ventajas-de-reservar-directamente\/","name":"Reservar Directamente Ventajas Exclusivas | Lisboa Central Park Hotel","isPartOf":{"@id":"https:\/\/lcpark.com\/es\/#website"},"primaryImageOfPage":{"@id":"https:\/\/lcpark.com\/es\/ventajas-de-reservar-directamente\/#primaryimage"},"image":{"@id":"https:\/\/lcpark.com\/es\/ventajas-de-reservar-directamente\/#primaryimage"},"thumbnailUrl":"https:\/\/lcpark.com\/wp-content\/uploads\/2024\/04\/Lisboa-Central-Park-Book-Direct-Exclusive-Advantages.webp","datePublished":"2024-04-06T17:44:34+00:00","dateModified":"2024-06-19T22:21:50+00:00","description":"Siempre se asegurar\u00e1 el mejor precio directamente, reservando en l\u00ednea en este sitio o hablando con uno de los miembros de nuestro equipo de reservas.","breadcrumb":{"@id":"https:\/\/lcpark.com\/es\/ventajas-de-reservar-directamente\/#breadcrumb"},"inLanguage":"es","potentialAction":[{"@type":"ReadAction","target":["https:\/\/lcpark.com\/es\/ventajas-de-reservar-directamente\/"]}]},{"@type":"ImageObject","inLanguage":"es","@id":"https:\/\/lcpark.com\/es\/ventajas-de-reservar-directamente\/#primaryimage","url":"https:\/\/lcpark.com\/wp-content\/uploads\/2024\/04\/Lisboa-Central-Park-Book-Direct-Exclusive-Advantages.webp","contentUrl":"https:\/\/lcpark.com\/wp-content\/uploads\/2024\/04\/Lisboa-Central-Park-Book-Direct-Exclusive-Advantages.webp","width":1920,"height":1080},{"@type":"BreadcrumbList","@id":"https:\/\/lcpark.com\/es\/ventajas-de-reservar-directamente\/#breadcrumb","itemListElement":[{"@type":"ListItem","position":1,"name":"Home","item":"https:\/\/lcpark.com\/es\/"},{"@type":"ListItem","position":2,"name":"Ventajas de Reservar Directamente"}]},{"@type":"WebSite","@id":"https:\/\/lcpark.com\/es\/#website","url":"https:\/\/lcpark.com\/es\/","name":"Lisbon Central Park Hotel Suites & Studios","description":"Lisbon Central Park - Staging website description","publisher":{"@id":"https:\/\/lcpark.com\/es\/#organization"},"potentialAction":[{"@type":"SearchAction","target":{"@type":"EntryPoint","urlTemplate":"https:\/\/lcpark.com\/es\/?s={search_term_string}"},"query-input":{"@type":"PropertyValueSpecification","valueRequired":true,"valueName":"search_term_string"}}],"inLanguage":"es"},{"@type":"Organization","@id":"https:\/\/lcpark.com\/es\/#organization","name":"Lisbon Central Park Hotel Suites & Studios","alternateName":"Lisbon Central Park Hotel","url":"https:\/\/lcpark.com\/es\/","logo":{"@type":"ImageObject","inLanguage":"es","@id":"https:\/\/lcpark.com\/es\/#\/schema\/logo\/image\/","url":"https:\/\/lcpark.com\/wp-content\/uploads\/2024\/04\/Lisboa-Central-Park-Favicon-Logo-Circle-Transparent.webp","contentUrl":"https:\/\/lcpark.com\/wp-content\/uploads\/2024\/04\/Lisboa-Central-Park-Favicon-Logo-Circle-Transparent.webp","width":834,"height":834,"caption":"Lisbon Central Park Hotel Suites & Studios"},"image":{"@id":"https:\/\/lcpark.com\/es\/#\/schema\/logo\/image\/"},"sameAs":["https:\/\/www.facebook.com\/people\/Lisboa-Central-Park-Hotel\/100057055796565\/","https:\/\/www.instagram.com\/lisboacentralpark\/"]}]}},"_links":{"self":[{"href":"https:\/\/lcpark.com\/es\/wp-json\/wp\/v2\/pages\/2089","targetHints":{"allow":["GET"]}}],"collection":[{"href":"https:\/\/lcpark.com\/es\/wp-json\/wp\/v2\/pages"}],"about":[{"href":"https:\/\/lcpark.com\/es\/wp-json\/wp\/v2\/types\/page"}],"author":[{"embeddable":true,"href":"https:\/\/lcpark.com\/es\/wp-json\/wp\/v2\/users\/2"}],"replies":[{"embeddable":true,"href":"https:\/\/lcpark.com\/es\/wp-json\/wp\/v2\/comments?post=2089"}],"version-history":[{"count":3,"href":"https:\/\/lcpark.com\/es\/wp-json\/wp\/v2\/pages\/2089\/revisions"}],"predecessor-version":[{"id":2093,"href":"https:\/\/lcpark.com\/es\/wp-json\/wp\/v2\/pages\/2089\/revisions\/2093"}],"wp:featuredmedia":[{"embeddable":true,"href":"https:\/\/lcpark.com\/es\/wp-json\/wp\/v2\/media\/2090"}],"wp:attachment":[{"href":"https:\/\/lcpark.com\/es\/wp-json\/wp\/v2\/media?parent=2089"}],"curies":[{"name":"wp","href":"https:\/\/api.w.org\/{rel}","templated":true}]}}