{"id":2155,"date":"2024-03-30T19:55:59","date_gmt":"2024-03-30T19:55:59","guid":{"rendered":"https:\/\/lcpark.com\/oferta-especial-ahorre-un-20-en-estancias-mas-largas\/"},"modified":"2026-02-10T22:50:40","modified_gmt":"2026-02-10T22:50:40","slug":"ahorre-en-estancias-mas-largas","status":"publish","type":"page","link":"https:\/\/lcpark.com\/es\/ofertas\/ahorre-en-estancias-mas-largas\/","title":{"rendered":"Oferta especial Ahorre en Estancias Largas"},"content":{"rendered":"<section class=\"l-section wpb_row height_auto width_full with_img parallax_ver\"><div class=\"l-section-img\" role=\"img\" aria-label=\"Imagen\" data-img-width=\"1920\" data-img-height=\"1280\" style=\"background-image: url(https:\/\/lcpark.com\/wp-content\/uploads\/2024\/03\/Special-Offers-Lisboa-Central-Park-Stay-Longer-Spend-Less.webp);background-repeat: no-repeat;\"><\/div><div class=\"l-section-overlay\" style=\"background:rgba(0,0,0,0.50)\"><\/div><div class=\"l-section-h i-cf\"><div class=\"g-cols vc_row via_grid cols_1-4-1 laptops-cols_inherit tablets-cols_inherit mobiles-cols_1 valign_top type_default stacking_default\"><div class=\"wpb_column vc_column_container\"><div class=\"vc_column-inner\"><\/div><\/div><div class=\"wpb_column vc_column_container\"><div class=\"vc_column-inner\"><div class=\"w-separator size_custom\" style=\"height:320px\" id=\"c29e\"><style>@media(max-width:1024px){ #c29e{height:260px!important}}@media(max-width:600px){ #c29e{height:100px!important}}<\/style><\/div><div class=\"wpb_text_column\"><div class=\"wpb_wrapper\"><h1 style=\"text-align: center;\"><span style=\"color: #d9c39a;\">AHORRE UN 15% EN ESTANCIAS LARGAS<\/span><\/h1>\n<\/div><\/div><div class=\"w-separator size_custom\" style=\"height:10px\"><\/div><div class=\"wpb_text_column us_custom_de67d1db\"><div class=\"wpb_wrapper\"><p style=\"text-align: center;\"><span style=\"color: #d9c39a;\">Qu\u00e9dese m\u00e1s tiempo y ahorre. Al\u00f3jate cuatro noches consecutivas o m\u00e1s y obt\u00e9n un 15% de descuento sobre la tarifa est\u00e1ndar.<\/span><\/p>\n<\/div><\/div><div class=\"w-separator size_custom\" style=\"height:20px\"><\/div><div class=\"w-btn-wrapper align_center\"><a class=\"w-btn us-btn-style_2\" href=\"https:\/\/www.secure-hotel-booking.com\/Lisboa-Central-Park-Hotel-Suites-Studios\/JREN?hotelId=14196&amp;arrivalDate=2026-04-10&amp;departureDate=2026-04-15&amp;rateAction=Highlight&amp;rateId=577185&amp;showSearch=true\"><span class=\"w-btn-label\">RESERVAR OFERTA AHORA<\/span><\/a><\/div><div class=\"w-separator size_custom\" style=\"height:320px\" id=\"jdcc\"><style>@media(max-width:1024px){ #jdcc{height:260px!important}}@media(max-width:600px){ #jdcc{height:100px!important}}<\/style><\/div><\/div><\/div><div class=\"wpb_column vc_column_container\"><div class=\"vc_column-inner\"><\/div><\/div><\/div><\/div><\/section><section class=\"l-section wpb_row height_medium width_custom\" style=\"--site-content-width:1200px;\"><div class=\"l-section-h i-cf\"><div class=\"g-cols vc_row via_grid cols_2 laptops-cols_inherit tablets-cols_inherit mobiles-cols_1 valign_top type_default stacking_default\"><div class=\"wpb_column vc_column_container\"><div class=\"vc_column-inner\"><div class=\"wpb_text_column\"><div class=\"wpb_wrapper\"><h3><strong>INCLUIDO<\/strong><\/h3>\n<\/div><\/div><div class=\"w-separator size_custom\" style=\"height:10px\"><\/div><div class=\"wpb_text_column\"><div class=\"wpb_wrapper\"><ul>\n<li>15% de ahorro al alojarse cuatro noches o m\u00e1s<\/li>\n<li>Entrada anticipada, salida tard\u00eda, sujeto a disponibilidad<\/li>\n<li>Upgrade de habitaci\u00f3n, sujeto a disponibilidad<\/li>\n<li>10% de descuento en el men\u00fa a la carta del restaurante<\/li>\n<\/ul>\n<\/div><\/div><div class=\"w-separator size_custom\" style=\"height:20px\"><\/div><div class=\"wpb_text_column\"><div class=\"wpb_wrapper\"><p>desde 86\u20ac<\/p>\n<\/div><\/div><div class=\"w-separator size_small\"><\/div><div class=\"w-btn-wrapper align_none\"><a class=\"w-btn us-btn-style_3 SeeMoreButtonStyle us_custom_064d3121 SeeMoreButton icon_atright\" href=\"https:\/\/www.secure-hotel-booking.com\/Lisboa-Central-Park-Hotel-Suites-Studios\/JREN?hotelId=14196&amp;arrivalDate=2026-04-10&amp;departureDate=2026-04-15&amp;rateAction=Highlight&amp;rateId=577185&amp;showSearch=true\"><span class=\"w-btn-label\">RESERVAR OFERTA AHORA<\/span><i class=\"material-icons\">north_east<\/i><\/a><\/div><\/div><\/div><div class=\"wpb_column vc_column_container\"><div class=\"vc_column-inner\"><div class=\"wpb_text_column\"><div class=\"wpb_wrapper\"><h3><strong>CONDICIONES<\/strong><\/h3>\n<\/div><\/div><div class=\"w-separator size_custom\" style=\"height:10px\"><\/div><div class=\"wpb_text_column\"><div class=\"wpb_wrapper\"><ul>\n<li>La(s) noche(s) de cortes\u00eda debe(n) utilizarse con la estancia inicial.<\/li>\n<li>Check-in: 15:00 horas<\/li>\n<li>Check-out: 12:00 horas<\/li>\n<li>Cancelaci\u00f3n gratuita hasta 48 horas antes de la fecha de entrada<\/li>\n<\/ul>\n<\/div><\/div><\/div><\/div><\/div><\/div><\/section><section class=\"l-section wpb_row height_small width_custom\" style=\"--site-content-width:1200px;\"><div class=\"l-section-h i-cf\"><div class=\"g-cols vc_row via_grid cols_1 laptops-cols_inherit tablets-cols_inherit mobiles-cols_1 valign_top type_default stacking_default\"><div class=\"wpb_column vc_column_container\"><div class=\"vc_column-inner\"><div class=\"wpb_text_column\"><div class=\"wpb_wrapper\"><p style=\"text-align: center;\"><em>Todas las ofertas est\u00e1n sujetas a disponibilidad. Pueden aplicarse fechas de restricci\u00f3n. Las ofertas no se pueden combinar con ninguna otra oferta. Tenga en cuenta que los cargos por servicios, tasas e impuestos pueden cambiar sin previo aviso.<\/em><\/p>\n<\/div><\/div><div class=\"w-separator size_large\"><\/div><\/div><\/div><\/div><\/div><\/section>\n","protected":false},"excerpt":{"rendered":"AHORRE UN 15% EN ESTANCIAS LARGAS Qu\u00e9dese m\u00e1s tiempo y ahorre. Al\u00f3jate cuatro noches consecutivas o m\u00e1s y obt\u00e9n un 15% de descuento sobre la tarifa est\u00e1ndar. RESERVAR OFERTA AHORAINCLUIDO 15% de ahorro al alojarse cuatro noches o m\u00e1s Entrada anticipada, salida tard\u00eda, sujeto a disponibilidad Upgrade de habitaci\u00f3n, sujeto a disponibilidad 10% de descuento...","protected":false},"author":2,"featured_media":2156,"parent":2192,"menu_order":0,"comment_status":"closed","ping_status":"closed","template":"","meta":{"footnotes":""},"class_list":["post-2155","page","type-page","status-publish","has-post-thumbnail","hentry"],"yoast_head":"<!-- This site is optimized with the Yoast SEO plugin v27.4 - https:\/\/yoast.com\/product\/yoast-seo-wordpress\/ -->\n<title>Oferta Ahorre 15% en Estancias Largas | Lisboa Central Park Hotel<\/title>\n<meta name=\"description\" content=\"Qu\u00e9dese m\u00e1s tiempo y ahorre. Reserve ahora y obtenga un 15% de descuento si se aloja durante cuatro noches consecutivas o m\u00e1s.\" \/>\n<meta name=\"robots\" content=\"index, follow, max-snippet:-1, max-image-preview:large, max-video-preview:-1\" \/>\n<link rel=\"canonical\" href=\"https:\/\/lcpark.com\/es\/ofertas\/ahorre-en-estancias-mas-largas\/\" \/>\n<meta property=\"og:locale\" content=\"es_ES\" \/>\n<meta property=\"og:type\" content=\"article\" \/>\n<meta property=\"og:title\" content=\"Oferta Ahorre 15% en Estancias Largas | Lisboa Central Park Hotel\" \/>\n<meta property=\"og:description\" content=\"Qu\u00e9dese m\u00e1s tiempo y ahorre. Reserve ahora y obtenga un 15% de descuento si se aloja durante cuatro noches consecutivas o m\u00e1s.\" \/>\n<meta property=\"og:url\" content=\"https:\/\/lcpark.com\/es\/ofertas\/ahorre-en-estancias-mas-largas\/\" \/>\n<meta property=\"og:site_name\" content=\"Lisboa Central Park Hotel Suites &amp; Studios, Lisbon Portugal\" \/>\n<meta property=\"article:publisher\" content=\"https:\/\/www.facebook.com\/people\/Lisboa-Central-Park-Hotel\/100057055796565\/\" \/>\n<meta property=\"article:modified_time\" content=\"2026-02-10T22:50:40+00:00\" \/>\n<meta property=\"og:image\" content=\"https:\/\/lcpark.com\/wp-content\/uploads\/2024\/03\/Special-Offers-Lisboa-Central-Park-Stay-Longer-Spend-Less.webp\" \/>\n\t<meta property=\"og:image:width\" content=\"1920\" \/>\n\t<meta property=\"og:image:height\" content=\"1280\" \/>\n\t<meta property=\"og:image:type\" content=\"image\/webp\" \/>\n<meta name=\"twitter:card\" content=\"summary_large_image\" \/>\n<meta name=\"twitter:label1\" content=\"Tiempo de lectura\" \/>\n\t<meta name=\"twitter:data1\" content=\"2 minutos\" \/>\n<script type=\"application\/ld+json\" class=\"yoast-schema-graph\">{\"@context\":\"https:\\\/\\\/schema.org\",\"@graph\":[{\"@type\":\"WebPage\",\"@id\":\"https:\\\/\\\/lcpark.com\\\/es\\\/ofertas\\\/ahorre-en-estancias-mas-largas\\\/\",\"url\":\"https:\\\/\\\/lcpark.com\\\/es\\\/ofertas\\\/ahorre-en-estancias-mas-largas\\\/\",\"name\":\"Oferta Ahorre 15% en Estancias Largas | Lisboa Central Park Hotel\",\"isPartOf\":{\"@id\":\"https:\\\/\\\/lcpark.com\\\/es\\\/#website\"},\"primaryImageOfPage\":{\"@id\":\"https:\\\/\\\/lcpark.com\\\/es\\\/ofertas\\\/ahorre-en-estancias-mas-largas\\\/#primaryimage\"},\"image\":{\"@id\":\"https:\\\/\\\/lcpark.com\\\/es\\\/ofertas\\\/ahorre-en-estancias-mas-largas\\\/#primaryimage\"},\"thumbnailUrl\":\"https:\\\/\\\/lcpark.com\\\/wp-content\\\/uploads\\\/2024\\\/03\\\/Special-Offers-Lisboa-Central-Park-Stay-Longer-Spend-Less.webp\",\"datePublished\":\"2024-03-30T19:55:59+00:00\",\"dateModified\":\"2026-02-10T22:50:40+00:00\",\"description\":\"Qu\u00e9dese m\u00e1s tiempo y ahorre. Reserve ahora y obtenga un 15% de descuento si se aloja durante cuatro noches consecutivas o m\u00e1s.\",\"breadcrumb\":{\"@id\":\"https:\\\/\\\/lcpark.com\\\/es\\\/ofertas\\\/ahorre-en-estancias-mas-largas\\\/#breadcrumb\"},\"inLanguage\":\"es\",\"potentialAction\":[{\"@type\":\"ReadAction\",\"target\":[\"https:\\\/\\\/lcpark.com\\\/es\\\/ofertas\\\/ahorre-en-estancias-mas-largas\\\/\"]}]},{\"@type\":\"ImageObject\",\"inLanguage\":\"es\",\"@id\":\"https:\\\/\\\/lcpark.com\\\/es\\\/ofertas\\\/ahorre-en-estancias-mas-largas\\\/#primaryimage\",\"url\":\"https:\\\/\\\/lcpark.com\\\/wp-content\\\/uploads\\\/2024\\\/03\\\/Special-Offers-Lisboa-Central-Park-Stay-Longer-Spend-Less.webp\",\"contentUrl\":\"https:\\\/\\\/lcpark.com\\\/wp-content\\\/uploads\\\/2024\\\/03\\\/Special-Offers-Lisboa-Central-Park-Stay-Longer-Spend-Less.webp\",\"width\":1920,\"height\":1280},{\"@type\":\"BreadcrumbList\",\"@id\":\"https:\\\/\\\/lcpark.com\\\/es\\\/ofertas\\\/ahorre-en-estancias-mas-largas\\\/#breadcrumb\",\"itemListElement\":[{\"@type\":\"ListItem\",\"position\":1,\"name\":\"Home\",\"item\":\"https:\\\/\\\/lcpark.com\\\/es\\\/\"},{\"@type\":\"ListItem\",\"position\":2,\"name\":\"Ofertas\",\"item\":\"https:\\\/\\\/lcpark.com\\\/es\\\/ofertas\\\/\"},{\"@type\":\"ListItem\",\"position\":3,\"name\":\"Oferta especial Ahorre en Estancias Largas\"}]},{\"@type\":\"WebSite\",\"@id\":\"https:\\\/\\\/lcpark.com\\\/es\\\/#website\",\"url\":\"https:\\\/\\\/lcpark.com\\\/es\\\/\",\"name\":\"Lisbon Central Park Hotel Suites & Studios\",\"description\":\"Lisbon Central Park - Staging website description\",\"publisher\":{\"@id\":\"https:\\\/\\\/lcpark.com\\\/es\\\/#organization\"},\"potentialAction\":[{\"@type\":\"SearchAction\",\"target\":{\"@type\":\"EntryPoint\",\"urlTemplate\":\"https:\\\/\\\/lcpark.com\\\/es\\\/?s={search_term_string}\"},\"query-input\":{\"@type\":\"PropertyValueSpecification\",\"valueRequired\":true,\"valueName\":\"search_term_string\"}}],\"inLanguage\":\"es\"},{\"@type\":\"Organization\",\"@id\":\"https:\\\/\\\/lcpark.com\\\/es\\\/#organization\",\"name\":\"Lisbon Central Park Hotel Suites & Studios\",\"alternateName\":\"Lisbon Central Park Hotel\",\"url\":\"https:\\\/\\\/lcpark.com\\\/es\\\/\",\"logo\":{\"@type\":\"ImageObject\",\"inLanguage\":\"es\",\"@id\":\"https:\\\/\\\/lcpark.com\\\/es\\\/#\\\/schema\\\/logo\\\/image\\\/\",\"url\":\"https:\\\/\\\/lcpark.com\\\/wp-content\\\/uploads\\\/2024\\\/04\\\/Lisboa-Central-Park-Favicon-Logo-Circle-Transparent.webp\",\"contentUrl\":\"https:\\\/\\\/lcpark.com\\\/wp-content\\\/uploads\\\/2024\\\/04\\\/Lisboa-Central-Park-Favicon-Logo-Circle-Transparent.webp\",\"width\":834,\"height\":834,\"caption\":\"Lisbon Central Park Hotel Suites & Studios\"},\"image\":{\"@id\":\"https:\\\/\\\/lcpark.com\\\/es\\\/#\\\/schema\\\/logo\\\/image\\\/\"},\"sameAs\":[\"https:\\\/\\\/www.facebook.com\\\/people\\\/Lisboa-Central-Park-Hotel\\\/100057055796565\\\/\",\"https:\\\/\\\/www.instagram.com\\\/lisboacentralpark\\\/\"]}]}<\/script>\n<!-- \/ Yoast SEO plugin. -->","yoast_head_json":{"title":"Oferta Ahorre 15% en Estancias Largas | Lisboa Central Park Hotel","description":"Qu\u00e9dese m\u00e1s tiempo y ahorre. Reserve ahora y obtenga un 15% de descuento si se aloja durante cuatro noches consecutivas o m\u00e1s.","robots":{"index":"index","follow":"follow","max-snippet":"max-snippet:-1","max-image-preview":"max-image-preview:large","max-video-preview":"max-video-preview:-1"},"canonical":"https:\/\/lcpark.com\/es\/ofertas\/ahorre-en-estancias-mas-largas\/","og_locale":"es_ES","og_type":"article","og_title":"Oferta Ahorre 15% en Estancias Largas | Lisboa Central Park Hotel","og_description":"Qu\u00e9dese m\u00e1s tiempo y ahorre. Reserve ahora y obtenga un 15% de descuento si se aloja durante cuatro noches consecutivas o m\u00e1s.","og_url":"https:\/\/lcpark.com\/es\/ofertas\/ahorre-en-estancias-mas-largas\/","og_site_name":"Lisboa Central Park Hotel Suites &amp; Studios, Lisbon Portugal","article_publisher":"https:\/\/www.facebook.com\/people\/Lisboa-Central-Park-Hotel\/100057055796565\/","article_modified_time":"2026-02-10T22:50:40+00:00","og_image":[{"width":1920,"height":1280,"url":"https:\/\/lcpark.com\/wp-content\/uploads\/2024\/03\/Special-Offers-Lisboa-Central-Park-Stay-Longer-Spend-Less.webp","type":"image\/webp"}],"twitter_card":"summary_large_image","twitter_misc":{"Tiempo de lectura":"2 minutos"},"schema":{"@context":"https:\/\/schema.org","@graph":[{"@type":"WebPage","@id":"https:\/\/lcpark.com\/es\/ofertas\/ahorre-en-estancias-mas-largas\/","url":"https:\/\/lcpark.com\/es\/ofertas\/ahorre-en-estancias-mas-largas\/","name":"Oferta Ahorre 15% en Estancias Largas | Lisboa Central Park Hotel","isPartOf":{"@id":"https:\/\/lcpark.com\/es\/#website"},"primaryImageOfPage":{"@id":"https:\/\/lcpark.com\/es\/ofertas\/ahorre-en-estancias-mas-largas\/#primaryimage"},"image":{"@id":"https:\/\/lcpark.com\/es\/ofertas\/ahorre-en-estancias-mas-largas\/#primaryimage"},"thumbnailUrl":"https:\/\/lcpark.com\/wp-content\/uploads\/2024\/03\/Special-Offers-Lisboa-Central-Park-Stay-Longer-Spend-Less.webp","datePublished":"2024-03-30T19:55:59+00:00","dateModified":"2026-02-10T22:50:40+00:00","description":"Qu\u00e9dese m\u00e1s tiempo y ahorre. Reserve ahora y obtenga un 15% de descuento si se aloja durante cuatro noches consecutivas o m\u00e1s.","breadcrumb":{"@id":"https:\/\/lcpark.com\/es\/ofertas\/ahorre-en-estancias-mas-largas\/#breadcrumb"},"inLanguage":"es","potentialAction":[{"@type":"ReadAction","target":["https:\/\/lcpark.com\/es\/ofertas\/ahorre-en-estancias-mas-largas\/"]}]},{"@type":"ImageObject","inLanguage":"es","@id":"https:\/\/lcpark.com\/es\/ofertas\/ahorre-en-estancias-mas-largas\/#primaryimage","url":"https:\/\/lcpark.com\/wp-content\/uploads\/2024\/03\/Special-Offers-Lisboa-Central-Park-Stay-Longer-Spend-Less.webp","contentUrl":"https:\/\/lcpark.com\/wp-content\/uploads\/2024\/03\/Special-Offers-Lisboa-Central-Park-Stay-Longer-Spend-Less.webp","width":1920,"height":1280},{"@type":"BreadcrumbList","@id":"https:\/\/lcpark.com\/es\/ofertas\/ahorre-en-estancias-mas-largas\/#breadcrumb","itemListElement":[{"@type":"ListItem","position":1,"name":"Home","item":"https:\/\/lcpark.com\/es\/"},{"@type":"ListItem","position":2,"name":"Ofertas","item":"https:\/\/lcpark.com\/es\/ofertas\/"},{"@type":"ListItem","position":3,"name":"Oferta especial Ahorre en Estancias Largas"}]},{"@type":"WebSite","@id":"https:\/\/lcpark.com\/es\/#website","url":"https:\/\/lcpark.com\/es\/","name":"Lisbon Central Park Hotel Suites & Studios","description":"Lisbon Central Park - Staging website description","publisher":{"@id":"https:\/\/lcpark.com\/es\/#organization"},"potentialAction":[{"@type":"SearchAction","target":{"@type":"EntryPoint","urlTemplate":"https:\/\/lcpark.com\/es\/?s={search_term_string}"},"query-input":{"@type":"PropertyValueSpecification","valueRequired":true,"valueName":"search_term_string"}}],"inLanguage":"es"},{"@type":"Organization","@id":"https:\/\/lcpark.com\/es\/#organization","name":"Lisbon Central Park Hotel Suites & Studios","alternateName":"Lisbon Central Park Hotel","url":"https:\/\/lcpark.com\/es\/","logo":{"@type":"ImageObject","inLanguage":"es","@id":"https:\/\/lcpark.com\/es\/#\/schema\/logo\/image\/","url":"https:\/\/lcpark.com\/wp-content\/uploads\/2024\/04\/Lisboa-Central-Park-Favicon-Logo-Circle-Transparent.webp","contentUrl":"https:\/\/lcpark.com\/wp-content\/uploads\/2024\/04\/Lisboa-Central-Park-Favicon-Logo-Circle-Transparent.webp","width":834,"height":834,"caption":"Lisbon Central Park Hotel Suites & Studios"},"image":{"@id":"https:\/\/lcpark.com\/es\/#\/schema\/logo\/image\/"},"sameAs":["https:\/\/www.facebook.com\/people\/Lisboa-Central-Park-Hotel\/100057055796565\/","https:\/\/www.instagram.com\/lisboacentralpark\/"]}]}},"_links":{"self":[{"href":"https:\/\/lcpark.com\/es\/wp-json\/wp\/v2\/pages\/2155","targetHints":{"allow":["GET"]}}],"collection":[{"href":"https:\/\/lcpark.com\/es\/wp-json\/wp\/v2\/pages"}],"about":[{"href":"https:\/\/lcpark.com\/es\/wp-json\/wp\/v2\/types\/page"}],"author":[{"embeddable":true,"href":"https:\/\/lcpark.com\/es\/wp-json\/wp\/v2\/users\/2"}],"replies":[{"embeddable":true,"href":"https:\/\/lcpark.com\/es\/wp-json\/wp\/v2\/comments?post=2155"}],"version-history":[{"count":56,"href":"https:\/\/lcpark.com\/es\/wp-json\/wp\/v2\/pages\/2155\/revisions"}],"predecessor-version":[{"id":3130,"href":"https:\/\/lcpark.com\/es\/wp-json\/wp\/v2\/pages\/2155\/revisions\/3130"}],"up":[{"embeddable":true,"href":"https:\/\/lcpark.com\/es\/wp-json\/wp\/v2\/pages\/2192"}],"wp:featuredmedia":[{"embeddable":true,"href":"https:\/\/lcpark.com\/es\/wp-json\/wp\/v2\/media\/2156"}],"wp:attachment":[{"href":"https:\/\/lcpark.com\/es\/wp-json\/wp\/v2\/media?parent=2155"}],"curies":[{"name":"wp","href":"https:\/\/api.w.org\/{rel}","templated":true}]}}