{"id":2164,"date":"2024-03-30T17:12:40","date_gmt":"2024-03-30T17:12:40","guid":{"rendered":"https:\/\/lcpark.com\/oferta-especial-desayuno-incluido\/"},"modified":"2025-10-19T16:55:18","modified_gmt":"2025-10-19T16:55:18","slug":"oferta-especial-desayuno-incluido","status":"publish","type":"page","link":"https:\/\/lcpark.com\/es\/ofertas\/oferta-especial-desayuno-incluido\/","title":{"rendered":"Oferta Especial Desayuno Incluido"},"content":{"rendered":"<section class=\"l-section wpb_row height_auto width_full with_img parallax_ver parallax_xpos_right\"><div class=\"l-section-img\" role=\"img\" aria-label=\"Imagen\" data-img-width=\"1920\" data-img-height=\"1280\" style=\"background-image: url(https:\/\/lcpark.com\/wp-content\/uploads\/2024\/04\/Breakfast-Included-Special-Offer-Lisboa-Central-Park-Suites-and-Studios.webp);background-position: center right;background-repeat: no-repeat;\"><\/div><div class=\"l-section-overlay\" style=\"background:rgba(0,0,0,0.50)\"><\/div><div class=\"l-section-h i-cf\"><div class=\"g-cols vc_row via_grid cols_1-4-1 laptops-cols_inherit tablets-cols_inherit mobiles-cols_1 valign_top type_default stacking_default\"><div class=\"wpb_column vc_column_container\"><div class=\"vc_column-inner\"><\/div><\/div><div class=\"wpb_column vc_column_container\"><div class=\"vc_column-inner\"><div class=\"w-separator size_custom\" style=\"height:320px\" id=\"d21c\"><style>@media(max-width:1024px){ #d21c{height:260px!important}}@media(max-width:600px){ #d21c{height:100px!important}}<\/style><\/div><div class=\"wpb_text_column\"><div class=\"wpb_wrapper\"><h1 style=\"text-align: center;\"><span style=\"color: #d9c39a;\">DESAYUNO INCLU\u00cdDO<\/span><\/h1>\n<\/div><\/div><div class=\"w-separator size_custom\" style=\"height:10px\"><\/div><div class=\"wpb_text_column us_custom_de67d1db\"><div class=\"wpb_wrapper\"><p style=\"text-align: center;\"><span style=\"color: #d9c39a;\">Disfrute de un desayuno gratuito y empiece el d\u00eda con el aroma de croissants reci\u00e9n sacados del horno, gofres calientes y tortitas llenando el aire de la ma\u00f1ana.<\/span><\/p>\n<\/div><\/div><div class=\"w-separator size_custom\" style=\"height:20px\"><\/div><div class=\"w-btn-wrapper align_center\"><a class=\"w-btn us-btn-style_2\" href=\"https:\/\/www.secure-hotel-booking.com\/Lisboa-Central-Park-Hotel-Suites-Studios\/JREN?hotelId=14196&amp;arrivalDate=2026-02-02&amp;departureDate=2026-02-03&amp;rateAction=Highlight&amp;rateId=356248&amp;selectedAdultCount=2\"><span class=\"w-btn-label\">RESERVAR OFERTA AHORA<\/span><\/a><\/div><div class=\"w-separator size_custom\" style=\"height:320px\" id=\"ld4b\"><style>@media(max-width:1024px){ #ld4b{height:260px!important}}@media(max-width:600px){ #ld4b{height:100px!important}}<\/style><\/div><\/div><\/div><div class=\"wpb_column vc_column_container\"><div class=\"vc_column-inner\"><\/div><\/div><\/div><\/div><\/section><section class=\"l-section wpb_row height_medium width_custom\" style=\"--site-content-width:1200px;\"><div class=\"l-section-h i-cf\"><div class=\"g-cols vc_row via_grid cols_2 laptops-cols_inherit tablets-cols_inherit mobiles-cols_1 valign_top type_default stacking_default\"><div class=\"wpb_column vc_column_container\"><div class=\"vc_column-inner\"><div class=\"wpb_text_column\"><div class=\"wpb_wrapper\"><h3><strong>INCLUIDO<\/strong><\/h3>\n<\/div><\/div><div class=\"w-separator size_custom\" style=\"height:10px\"><\/div><div class=\"wpb_text_column\"><div class=\"wpb_wrapper\"><ul>\n<li>Desayuno buf\u00e9 gratuito para un m\u00e1ximo de dos hu\u00e9spedes.<\/li>\n<li>Entrada anticipada, salida tard\u00eda, sujeto a disponibilidad.<\/li>\n<li>Upgrade de habitaci\u00f3n, sujeto a disponibilidad.<\/li>\n<li>10% de descuento en el men\u00fa a la carta del restaurante.<\/li>\n<\/ul>\n<\/div><\/div><div class=\"w-separator size_small\"><\/div><div class=\"w-btn-wrapper align_none\"><a class=\"w-btn us-btn-style_3 SeeMoreButtonStyle us_custom_064d3121 SeeMoreButton icon_atright\" href=\"https:\/\/www.secure-hotel-booking.com\/Lisboa-Central-Park-Hotel-Suites-Studios\/JREN?hotelId=14196&amp;arrivalDate=2026-02-02&amp;departureDate=2026-02-03&amp;rateAction=Highlight&amp;rateId=356248&amp;selectedAdultCount=2\"><span class=\"w-btn-label\">RESERVAR OFERTA AHORA<\/span><i class=\"material-icons\">north_east<\/i><\/a><\/div><\/div><\/div><div class=\"wpb_column vc_column_container\"><div class=\"vc_column-inner\"><div class=\"wpb_text_column\"><div class=\"wpb_wrapper\"><h3><strong>CONDICIONES<\/strong><\/h3>\n<\/div><\/div><div class=\"w-separator size_custom\" style=\"height:10px\"><\/div><div class=\"wpb_text_column\"><div class=\"wpb_wrapper\"><ul>\n<li>Se aplicar\u00e1n cargos adicionales por desayuno a m\u00e1s de dos hu\u00e9spedes alojados en una habitaci\u00f3n.<\/li>\n<li>Check-in: 15:00 horas<\/li>\n<li>Check-out: 12:00 horas<\/li>\n<li>Cancelaci\u00f3n gratuita hasta 48 horas antes de la fecha de entrada<\/li>\n<\/ul>\n<\/div><\/div><\/div><\/div><\/div><\/div><\/section><section class=\"l-section wpb_row height_small width_custom\" style=\"--site-content-width:1200px;\"><div class=\"l-section-h i-cf\"><div class=\"g-cols vc_row via_grid cols_1 laptops-cols_inherit tablets-cols_inherit mobiles-cols_1 valign_top type_default stacking_default\"><div class=\"wpb_column vc_column_container\"><div class=\"vc_column-inner\"><div class=\"wpb_text_column\"><div class=\"wpb_wrapper\"><p style=\"text-align: center;\"><em>Todas las ofertas est\u00e1n sujetas a disponibilidad. Pueden aplicarse fechas de restricci\u00f3n. Las ofertas no se pueden combinar con ninguna otra oferta. Tenga en cuenta que los cargos por servicios, tasas e impuestos pueden cambiar sin previo aviso.<\/em><\/p>\n<\/div><\/div><div class=\"w-separator size_large\"><\/div><\/div><\/div><\/div><\/div><\/section>\n","protected":false},"excerpt":{"rendered":"DESAYUNO INCLU\u00cdDO Disfrute de un desayuno gratuito y empiece el d\u00eda con el aroma de croissants reci\u00e9n sacados del horno, gofres calientes y tortitas llenando el aire de la ma\u00f1ana. RESERVAR OFERTA AHORAINCLUIDO Desayuno buf\u00e9 gratuito para un m\u00e1ximo de dos hu\u00e9spedes. Entrada anticipada, salida tard\u00eda, sujeto a disponibilidad. Upgrade de habitaci\u00f3n, sujeto a disponibilidad....","protected":false},"author":2,"featured_media":2165,"parent":2192,"menu_order":0,"comment_status":"closed","ping_status":"closed","template":"","meta":{"footnotes":""},"class_list":["post-2164","page","type-page","status-publish","has-post-thumbnail","hentry"],"yoast_head":"<!-- This site is optimized with the Yoast SEO plugin v27.4 - https:\/\/yoast.com\/product\/yoast-seo-wordpress\/ -->\n<title>Oferta Especial Desayuno Incluido | Lisboa Central Park Hotel<\/title>\n<meta name=\"description\" content=\"Oferta con Desayuno Incluido. No importa lo que haya en la agenda del d\u00eda, marque la pauta con el desayuno perfecto. Reservar ahora\" \/>\n<meta name=\"robots\" content=\"index, follow, max-snippet:-1, max-image-preview:large, max-video-preview:-1\" \/>\n<link rel=\"canonical\" href=\"https:\/\/lcpark.com\/es\/ofertas\/oferta-especial-desayuno-incluido\/\" \/>\n<meta property=\"og:locale\" content=\"es_ES\" \/>\n<meta property=\"og:type\" content=\"article\" \/>\n<meta property=\"og:title\" content=\"Oferta Especial Desayuno Incluido | Lisboa Central Park Hotel\" \/>\n<meta property=\"og:description\" content=\"Oferta con Desayuno Incluido. No importa lo que haya en la agenda del d\u00eda, marque la pauta con el desayuno perfecto. Reservar ahora\" \/>\n<meta property=\"og:url\" content=\"https:\/\/lcpark.com\/es\/ofertas\/oferta-especial-desayuno-incluido\/\" \/>\n<meta property=\"og:site_name\" content=\"Lisboa Central Park Hotel Suites &amp; Studios, Lisbon Portugal\" \/>\n<meta property=\"article:publisher\" content=\"https:\/\/www.facebook.com\/people\/Lisboa-Central-Park-Hotel\/100057055796565\/\" \/>\n<meta property=\"article:modified_time\" content=\"2025-10-19T16:55:18+00:00\" \/>\n<meta property=\"og:image\" content=\"https:\/\/lcpark.com\/wp-content\/uploads\/2024\/04\/Breakfast-Included-Special-Offer-Lisboa-Central-Park-Suites-and-Studios.webp\" \/>\n\t<meta property=\"og:image:width\" content=\"1920\" \/>\n\t<meta property=\"og:image:height\" content=\"1280\" \/>\n\t<meta property=\"og:image:type\" content=\"image\/webp\" \/>\n<meta name=\"twitter:card\" content=\"summary_large_image\" \/>\n<meta name=\"twitter:label1\" content=\"Tiempo de lectura\" \/>\n\t<meta name=\"twitter:data1\" content=\"2 minutos\" \/>\n<script type=\"application\/ld+json\" class=\"yoast-schema-graph\">{\"@context\":\"https:\\\/\\\/schema.org\",\"@graph\":[{\"@type\":\"WebPage\",\"@id\":\"https:\\\/\\\/lcpark.com\\\/es\\\/ofertas\\\/oferta-especial-desayuno-incluido\\\/\",\"url\":\"https:\\\/\\\/lcpark.com\\\/es\\\/ofertas\\\/oferta-especial-desayuno-incluido\\\/\",\"name\":\"Oferta Especial Desayuno Incluido | Lisboa Central Park Hotel\",\"isPartOf\":{\"@id\":\"https:\\\/\\\/lcpark.com\\\/es\\\/#website\"},\"primaryImageOfPage\":{\"@id\":\"https:\\\/\\\/lcpark.com\\\/es\\\/ofertas\\\/oferta-especial-desayuno-incluido\\\/#primaryimage\"},\"image\":{\"@id\":\"https:\\\/\\\/lcpark.com\\\/es\\\/ofertas\\\/oferta-especial-desayuno-incluido\\\/#primaryimage\"},\"thumbnailUrl\":\"https:\\\/\\\/lcpark.com\\\/wp-content\\\/uploads\\\/2024\\\/04\\\/Breakfast-Included-Special-Offer-Lisboa-Central-Park-Suites-and-Studios.webp\",\"datePublished\":\"2024-03-30T17:12:40+00:00\",\"dateModified\":\"2025-10-19T16:55:18+00:00\",\"description\":\"Oferta con Desayuno Incluido. No importa lo que haya en la agenda del d\u00eda, marque la pauta con el desayuno perfecto. Reservar ahora\",\"breadcrumb\":{\"@id\":\"https:\\\/\\\/lcpark.com\\\/es\\\/ofertas\\\/oferta-especial-desayuno-incluido\\\/#breadcrumb\"},\"inLanguage\":\"es\",\"potentialAction\":[{\"@type\":\"ReadAction\",\"target\":[\"https:\\\/\\\/lcpark.com\\\/es\\\/ofertas\\\/oferta-especial-desayuno-incluido\\\/\"]}]},{\"@type\":\"ImageObject\",\"inLanguage\":\"es\",\"@id\":\"https:\\\/\\\/lcpark.com\\\/es\\\/ofertas\\\/oferta-especial-desayuno-incluido\\\/#primaryimage\",\"url\":\"https:\\\/\\\/lcpark.com\\\/wp-content\\\/uploads\\\/2024\\\/04\\\/Breakfast-Included-Special-Offer-Lisboa-Central-Park-Suites-and-Studios.webp\",\"contentUrl\":\"https:\\\/\\\/lcpark.com\\\/wp-content\\\/uploads\\\/2024\\\/04\\\/Breakfast-Included-Special-Offer-Lisboa-Central-Park-Suites-and-Studios.webp\",\"width\":1920,\"height\":1280},{\"@type\":\"BreadcrumbList\",\"@id\":\"https:\\\/\\\/lcpark.com\\\/es\\\/ofertas\\\/oferta-especial-desayuno-incluido\\\/#breadcrumb\",\"itemListElement\":[{\"@type\":\"ListItem\",\"position\":1,\"name\":\"Home\",\"item\":\"https:\\\/\\\/lcpark.com\\\/es\\\/\"},{\"@type\":\"ListItem\",\"position\":2,\"name\":\"Ofertas\",\"item\":\"https:\\\/\\\/lcpark.com\\\/es\\\/ofertas\\\/\"},{\"@type\":\"ListItem\",\"position\":3,\"name\":\"Oferta Especial Desayuno Incluido\"}]},{\"@type\":\"WebSite\",\"@id\":\"https:\\\/\\\/lcpark.com\\\/es\\\/#website\",\"url\":\"https:\\\/\\\/lcpark.com\\\/es\\\/\",\"name\":\"Lisbon Central Park Hotel Suites & Studios\",\"description\":\"Lisbon Central Park - Staging website description\",\"publisher\":{\"@id\":\"https:\\\/\\\/lcpark.com\\\/es\\\/#organization\"},\"potentialAction\":[{\"@type\":\"SearchAction\",\"target\":{\"@type\":\"EntryPoint\",\"urlTemplate\":\"https:\\\/\\\/lcpark.com\\\/es\\\/?s={search_term_string}\"},\"query-input\":{\"@type\":\"PropertyValueSpecification\",\"valueRequired\":true,\"valueName\":\"search_term_string\"}}],\"inLanguage\":\"es\"},{\"@type\":\"Organization\",\"@id\":\"https:\\\/\\\/lcpark.com\\\/es\\\/#organization\",\"name\":\"Lisbon Central Park Hotel Suites & Studios\",\"alternateName\":\"Lisbon Central Park Hotel\",\"url\":\"https:\\\/\\\/lcpark.com\\\/es\\\/\",\"logo\":{\"@type\":\"ImageObject\",\"inLanguage\":\"es\",\"@id\":\"https:\\\/\\\/lcpark.com\\\/es\\\/#\\\/schema\\\/logo\\\/image\\\/\",\"url\":\"https:\\\/\\\/lcpark.com\\\/wp-content\\\/uploads\\\/2024\\\/04\\\/Lisboa-Central-Park-Favicon-Logo-Circle-Transparent.webp\",\"contentUrl\":\"https:\\\/\\\/lcpark.com\\\/wp-content\\\/uploads\\\/2024\\\/04\\\/Lisboa-Central-Park-Favicon-Logo-Circle-Transparent.webp\",\"width\":834,\"height\":834,\"caption\":\"Lisbon Central Park Hotel Suites & Studios\"},\"image\":{\"@id\":\"https:\\\/\\\/lcpark.com\\\/es\\\/#\\\/schema\\\/logo\\\/image\\\/\"},\"sameAs\":[\"https:\\\/\\\/www.facebook.com\\\/people\\\/Lisboa-Central-Park-Hotel\\\/100057055796565\\\/\",\"https:\\\/\\\/www.instagram.com\\\/lisboacentralpark\\\/\"]}]}<\/script>\n<!-- \/ Yoast SEO plugin. -->","yoast_head_json":{"title":"Oferta Especial Desayuno Incluido | Lisboa Central Park Hotel","description":"Oferta con Desayuno Incluido. No importa lo que haya en la agenda del d\u00eda, marque la pauta con el desayuno perfecto. Reservar ahora","robots":{"index":"index","follow":"follow","max-snippet":"max-snippet:-1","max-image-preview":"max-image-preview:large","max-video-preview":"max-video-preview:-1"},"canonical":"https:\/\/lcpark.com\/es\/ofertas\/oferta-especial-desayuno-incluido\/","og_locale":"es_ES","og_type":"article","og_title":"Oferta Especial Desayuno Incluido | Lisboa Central Park Hotel","og_description":"Oferta con Desayuno Incluido. No importa lo que haya en la agenda del d\u00eda, marque la pauta con el desayuno perfecto. Reservar ahora","og_url":"https:\/\/lcpark.com\/es\/ofertas\/oferta-especial-desayuno-incluido\/","og_site_name":"Lisboa Central Park Hotel Suites &amp; Studios, Lisbon Portugal","article_publisher":"https:\/\/www.facebook.com\/people\/Lisboa-Central-Park-Hotel\/100057055796565\/","article_modified_time":"2025-10-19T16:55:18+00:00","og_image":[{"width":1920,"height":1280,"url":"https:\/\/lcpark.com\/wp-content\/uploads\/2024\/04\/Breakfast-Included-Special-Offer-Lisboa-Central-Park-Suites-and-Studios.webp","type":"image\/webp"}],"twitter_card":"summary_large_image","twitter_misc":{"Tiempo de lectura":"2 minutos"},"schema":{"@context":"https:\/\/schema.org","@graph":[{"@type":"WebPage","@id":"https:\/\/lcpark.com\/es\/ofertas\/oferta-especial-desayuno-incluido\/","url":"https:\/\/lcpark.com\/es\/ofertas\/oferta-especial-desayuno-incluido\/","name":"Oferta Especial Desayuno Incluido | Lisboa Central Park Hotel","isPartOf":{"@id":"https:\/\/lcpark.com\/es\/#website"},"primaryImageOfPage":{"@id":"https:\/\/lcpark.com\/es\/ofertas\/oferta-especial-desayuno-incluido\/#primaryimage"},"image":{"@id":"https:\/\/lcpark.com\/es\/ofertas\/oferta-especial-desayuno-incluido\/#primaryimage"},"thumbnailUrl":"https:\/\/lcpark.com\/wp-content\/uploads\/2024\/04\/Breakfast-Included-Special-Offer-Lisboa-Central-Park-Suites-and-Studios.webp","datePublished":"2024-03-30T17:12:40+00:00","dateModified":"2025-10-19T16:55:18+00:00","description":"Oferta con Desayuno Incluido. No importa lo que haya en la agenda del d\u00eda, marque la pauta con el desayuno perfecto. Reservar ahora","breadcrumb":{"@id":"https:\/\/lcpark.com\/es\/ofertas\/oferta-especial-desayuno-incluido\/#breadcrumb"},"inLanguage":"es","potentialAction":[{"@type":"ReadAction","target":["https:\/\/lcpark.com\/es\/ofertas\/oferta-especial-desayuno-incluido\/"]}]},{"@type":"ImageObject","inLanguage":"es","@id":"https:\/\/lcpark.com\/es\/ofertas\/oferta-especial-desayuno-incluido\/#primaryimage","url":"https:\/\/lcpark.com\/wp-content\/uploads\/2024\/04\/Breakfast-Included-Special-Offer-Lisboa-Central-Park-Suites-and-Studios.webp","contentUrl":"https:\/\/lcpark.com\/wp-content\/uploads\/2024\/04\/Breakfast-Included-Special-Offer-Lisboa-Central-Park-Suites-and-Studios.webp","width":1920,"height":1280},{"@type":"BreadcrumbList","@id":"https:\/\/lcpark.com\/es\/ofertas\/oferta-especial-desayuno-incluido\/#breadcrumb","itemListElement":[{"@type":"ListItem","position":1,"name":"Home","item":"https:\/\/lcpark.com\/es\/"},{"@type":"ListItem","position":2,"name":"Ofertas","item":"https:\/\/lcpark.com\/es\/ofertas\/"},{"@type":"ListItem","position":3,"name":"Oferta Especial Desayuno Incluido"}]},{"@type":"WebSite","@id":"https:\/\/lcpark.com\/es\/#website","url":"https:\/\/lcpark.com\/es\/","name":"Lisbon Central Park Hotel Suites & Studios","description":"Lisbon Central Park - Staging website description","publisher":{"@id":"https:\/\/lcpark.com\/es\/#organization"},"potentialAction":[{"@type":"SearchAction","target":{"@type":"EntryPoint","urlTemplate":"https:\/\/lcpark.com\/es\/?s={search_term_string}"},"query-input":{"@type":"PropertyValueSpecification","valueRequired":true,"valueName":"search_term_string"}}],"inLanguage":"es"},{"@type":"Organization","@id":"https:\/\/lcpark.com\/es\/#organization","name":"Lisbon Central Park Hotel Suites & Studios","alternateName":"Lisbon Central Park Hotel","url":"https:\/\/lcpark.com\/es\/","logo":{"@type":"ImageObject","inLanguage":"es","@id":"https:\/\/lcpark.com\/es\/#\/schema\/logo\/image\/","url":"https:\/\/lcpark.com\/wp-content\/uploads\/2024\/04\/Lisboa-Central-Park-Favicon-Logo-Circle-Transparent.webp","contentUrl":"https:\/\/lcpark.com\/wp-content\/uploads\/2024\/04\/Lisboa-Central-Park-Favicon-Logo-Circle-Transparent.webp","width":834,"height":834,"caption":"Lisbon Central Park Hotel Suites & Studios"},"image":{"@id":"https:\/\/lcpark.com\/es\/#\/schema\/logo\/image\/"},"sameAs":["https:\/\/www.facebook.com\/people\/Lisboa-Central-Park-Hotel\/100057055796565\/","https:\/\/www.instagram.com\/lisboacentralpark\/"]}]}},"_links":{"self":[{"href":"https:\/\/lcpark.com\/es\/wp-json\/wp\/v2\/pages\/2164","targetHints":{"allow":["GET"]}}],"collection":[{"href":"https:\/\/lcpark.com\/es\/wp-json\/wp\/v2\/pages"}],"about":[{"href":"https:\/\/lcpark.com\/es\/wp-json\/wp\/v2\/types\/page"}],"author":[{"embeddable":true,"href":"https:\/\/lcpark.com\/es\/wp-json\/wp\/v2\/users\/2"}],"replies":[{"embeddable":true,"href":"https:\/\/lcpark.com\/es\/wp-json\/wp\/v2\/comments?post=2164"}],"version-history":[{"count":21,"href":"https:\/\/lcpark.com\/es\/wp-json\/wp\/v2\/pages\/2164\/revisions"}],"predecessor-version":[{"id":2958,"href":"https:\/\/lcpark.com\/es\/wp-json\/wp\/v2\/pages\/2164\/revisions\/2958"}],"up":[{"embeddable":true,"href":"https:\/\/lcpark.com\/es\/wp-json\/wp\/v2\/pages\/2192"}],"wp:featuredmedia":[{"embeddable":true,"href":"https:\/\/lcpark.com\/es\/wp-json\/wp\/v2\/media\/2165"}],"wp:attachment":[{"href":"https:\/\/lcpark.com\/es\/wp-json\/wp\/v2\/media?parent=2164"}],"curies":[{"name":"wp","href":"https:\/\/api.w.org\/{rel}","templated":true}]}}