{"id":2169,"date":"2024-03-30T19:38:04","date_gmt":"2024-03-30T19:38:04","guid":{"rendered":"https:\/\/lcpark.com\/oferta-mejor-precio\/"},"modified":"2024-06-20T16:49:27","modified_gmt":"2024-06-20T16:49:27","slug":"oferta-mejor-precio","status":"publish","type":"page","link":"https:\/\/lcpark.com\/es\/ofertas\/oferta-mejor-precio\/","title":{"rendered":"Oferta Mejor Precio"},"content":{"rendered":"<section class=\"l-section wpb_row height_auto width_full with_img parallax_ver\"><div class=\"l-section-img\" role=\"img\" aria-label=\"Imagen\" data-img-width=\"1920\" data-img-height=\"1280\" style=\"background-image: url(https:\/\/lcpark.com\/wp-content\/uploads\/2024\/03\/Special-Offers-Lisboa-Central-Park-Best-Rate-Available.webp);background-repeat: no-repeat;\"><\/div><div class=\"l-section-overlay\" style=\"background:rgba(0,0,0,0.50)\"><\/div><div class=\"l-section-h i-cf\"><div class=\"g-cols vc_row via_grid cols_1-4-1 laptops-cols_inherit tablets-cols_inherit mobiles-cols_1 valign_top type_default stacking_default\"><div class=\"wpb_column vc_column_container\"><div class=\"vc_column-inner\"><\/div><\/div><div class=\"wpb_column vc_column_container\"><div class=\"vc_column-inner\"><div class=\"w-separator size_custom\" style=\"height:320px\" id=\"n771\"><style>@media(max-width:1024px){ #n771{height:260px!important}}@media(max-width:600px){ #n771{height:100px!important}}<\/style><\/div><div class=\"wpb_text_column\"><div class=\"wpb_wrapper\"><h1 style=\"text-align: center;\"><span style=\"color: #d9c39a;\">LA MEJOR TARIFA<\/span><\/h1>\n<\/div><\/div><div class=\"w-separator size_custom\" style=\"height:10px\"><\/div><div class=\"wpb_text_column us_custom_de67d1db\"><div class=\"wpb_wrapper\"><p style=\"text-align: center;\"><span style=\"color: #d9c39a;\">La mejor tarifa disponible y la m\u00e1xima flexibilidad est\u00e1n garantizadas cuando reserva directamente en nuestra p\u00e1gina web.<\/span><\/p>\n<\/div><\/div><div class=\"w-separator size_custom\" style=\"height:20px\"><\/div><div class=\"w-btn-wrapper align_center\"><a class=\"w-btn us-btn-style_2\" href=\"https:\/\/www.secure-hotel-booking.com\/Lisboa-Central-Park-Hotel-Suites-Studios\/JREN?hotelId=14196&amp;selectedAdultCount=2&amp;showSearch=true\"><span class=\"w-btn-label\">RESERVAR OFERTA AHORA<\/span><\/a><\/div><div class=\"w-separator size_custom\" style=\"height:320px\" id=\"x1f3\"><style>@media(max-width:1024px){ #x1f3{height:260px!important}}@media(max-width:600px){ #x1f3{height:100px!important}}<\/style><\/div><\/div><\/div><div class=\"wpb_column vc_column_container\"><div class=\"vc_column-inner\"><\/div><\/div><\/div><\/div><\/section><section class=\"l-section wpb_row height_medium width_custom\" style=\"--site-content-width:1200px;\"><div class=\"l-section-h i-cf\"><div class=\"g-cols vc_row via_grid cols_2 laptops-cols_inherit tablets-cols_inherit mobiles-cols_1 valign_top type_default stacking_default\"><div class=\"wpb_column vc_column_container\"><div class=\"vc_column-inner\"><div class=\"wpb_text_column\"><div class=\"wpb_wrapper\"><h3><strong>INCLUIDO<\/strong><\/h3>\n<\/div><\/div><div class=\"w-separator size_custom\" style=\"height:10px\"><\/div><div class=\"wpb_text_column\"><div class=\"wpb_wrapper\"><ul>\n<li>La mejor tarifa disponible<\/li>\n<li>Entrada anticipada, salida tard\u00eda, sujeto a disponibilidad<\/li>\n<li>Upgrade de habitaci\u00f3n, sujeto a disponibilidad<\/li>\n<li>10% de descuento en el men\u00fa a la carta del restaurante<\/li>\n<\/ul>\n<\/div><\/div><div class=\"w-separator size_custom\" style=\"height:20px\"><\/div><div class=\"wpb_text_column\"><div class=\"wpb_wrapper\"><h4>desde 108\u20ac<\/h4>\n<\/div><\/div><div class=\"w-separator size_small\"><\/div><div class=\"w-btn-wrapper align_none\"><a class=\"w-btn us-btn-style_3 SeeMoreButtonStyle us_custom_064d3121 SeeMoreButton icon_atright\" href=\"https:\/\/www.secure-hotel-booking.com\/Lisboa-Central-Park-Hotel-Suites-Studios\/JREN?hotelId=14196&amp;selectedAdultCount=2&amp;showSearch=true\"><span class=\"w-btn-label\">RESERVAR OFERTA AHORA<\/span><i class=\"material-icons\">north_east<\/i><\/a><\/div><\/div><\/div><div class=\"wpb_column vc_column_container\"><div class=\"vc_column-inner\"><div class=\"wpb_text_column\"><div class=\"wpb_wrapper\"><h3><strong>CONDICIONES<\/strong><\/h3>\n<\/div><\/div><div class=\"w-separator size_custom\" style=\"height:10px\"><\/div><div class=\"wpb_text_column\"><div class=\"wpb_wrapper\"><ul>\n<li>Check-in: 15:00 horas<\/li>\n<li>Check-out: 12:00 horas<\/li>\n<li>Cancelaci\u00f3n gratuita hasta 48 horas antes de la fecha de entrada<\/li>\n<\/ul>\n<\/div><\/div><\/div><\/div><\/div><\/div><\/section><section class=\"l-section wpb_row height_small width_custom\" style=\"--site-content-width:1200px;\"><div class=\"l-section-h i-cf\"><div class=\"g-cols vc_row via_grid cols_1 laptops-cols_inherit tablets-cols_inherit mobiles-cols_1 valign_top type_default stacking_default\"><div class=\"wpb_column vc_column_container\"><div class=\"vc_column-inner\"><div class=\"wpb_text_column\"><div class=\"wpb_wrapper\"><p style=\"text-align: center;\"><em>Todas las ofertas est\u00e1n sujetas a disponibilidad. Pueden aplicarse fechas de restricci\u00f3n. Las ofertas no se pueden combinar con ninguna otra oferta. Tenga en cuenta que los cargos por servicios, tasas e impuestos pueden cambiar sin previo aviso.<\/em><\/p>\n<\/div><\/div><div class=\"w-separator size_large\"><\/div><\/div><\/div><\/div><\/div><\/section>\n","protected":false},"excerpt":{"rendered":"LA MEJOR TARIFA La mejor tarifa disponible y la m\u00e1xima flexibilidad est\u00e1n garantizadas cuando reserva directamente en nuestra p\u00e1gina web. RESERVAR OFERTA AHORAINCLUIDO La mejor tarifa disponible Entrada anticipada, salida tard\u00eda, sujeto a disponibilidad Upgrade de habitaci\u00f3n, sujeto a disponibilidad 10% de descuento en el men\u00fa a la carta del restaurante desde 108\u20ac RESERVAR OFERTA...","protected":false},"author":2,"featured_media":2170,"parent":2192,"menu_order":0,"comment_status":"closed","ping_status":"closed","template":"","meta":{"footnotes":""},"class_list":["post-2169","page","type-page","status-publish","has-post-thumbnail","hentry"],"yoast_head":"<!-- This site is optimized with the Yoast SEO plugin v27.4 - https:\/\/yoast.com\/product\/yoast-seo-wordpress\/ -->\n<title>Oferta de la mejor tarifa | Lisboa Central Park Hotel<\/title>\n<meta name=\"description\" content=\"La mejor tarifa disponible y la m\u00e1xima flexibilidad est\u00e1n garantizadas cuando reserva directamente en nuestra p\u00e1gina web. Reservar ahora\" \/>\n<meta name=\"robots\" content=\"index, follow, max-snippet:-1, max-image-preview:large, max-video-preview:-1\" \/>\n<link rel=\"canonical\" href=\"https:\/\/lcpark.com\/es\/ofertas\/oferta-mejor-precio\/\" \/>\n<meta property=\"og:locale\" content=\"es_ES\" \/>\n<meta property=\"og:type\" content=\"article\" \/>\n<meta property=\"og:title\" content=\"Oferta de la mejor tarifa | Lisboa Central Park Hotel\" \/>\n<meta property=\"og:description\" content=\"La mejor tarifa disponible y la m\u00e1xima flexibilidad est\u00e1n garantizadas cuando reserva directamente en nuestra p\u00e1gina web. Reservar ahora\" \/>\n<meta property=\"og:url\" content=\"https:\/\/lcpark.com\/es\/ofertas\/oferta-mejor-precio\/\" \/>\n<meta property=\"og:site_name\" content=\"Lisboa Central Park Hotel Suites &amp; Studios, Lisbon Portugal\" \/>\n<meta property=\"article:publisher\" content=\"https:\/\/www.facebook.com\/people\/Lisboa-Central-Park-Hotel\/100057055796565\/\" \/>\n<meta property=\"article:modified_time\" content=\"2024-06-20T16:49:27+00:00\" \/>\n<meta property=\"og:image\" content=\"https:\/\/lcpark.com\/wp-content\/uploads\/2024\/03\/Special-Offers-Lisboa-Central-Park-Best-Rate-Available.webp\" \/>\n\t<meta property=\"og:image:width\" content=\"1920\" \/>\n\t<meta property=\"og:image:height\" content=\"1280\" \/>\n\t<meta property=\"og:image:type\" content=\"image\/webp\" \/>\n<meta name=\"twitter:card\" content=\"summary_large_image\" \/>\n<meta name=\"twitter:label1\" content=\"Tiempo de lectura\" \/>\n\t<meta name=\"twitter:data1\" content=\"2 minutos\" \/>\n<script type=\"application\/ld+json\" class=\"yoast-schema-graph\">{\"@context\":\"https:\\\/\\\/schema.org\",\"@graph\":[{\"@type\":\"WebPage\",\"@id\":\"https:\\\/\\\/lcpark.com\\\/es\\\/ofertas\\\/oferta-mejor-precio\\\/\",\"url\":\"https:\\\/\\\/lcpark.com\\\/es\\\/ofertas\\\/oferta-mejor-precio\\\/\",\"name\":\"Oferta de la mejor tarifa | Lisboa Central Park Hotel\",\"isPartOf\":{\"@id\":\"https:\\\/\\\/lcpark.com\\\/es\\\/#website\"},\"primaryImageOfPage\":{\"@id\":\"https:\\\/\\\/lcpark.com\\\/es\\\/ofertas\\\/oferta-mejor-precio\\\/#primaryimage\"},\"image\":{\"@id\":\"https:\\\/\\\/lcpark.com\\\/es\\\/ofertas\\\/oferta-mejor-precio\\\/#primaryimage\"},\"thumbnailUrl\":\"https:\\\/\\\/lcpark.com\\\/wp-content\\\/uploads\\\/2024\\\/03\\\/Special-Offers-Lisboa-Central-Park-Best-Rate-Available.webp\",\"datePublished\":\"2024-03-30T19:38:04+00:00\",\"dateModified\":\"2024-06-20T16:49:27+00:00\",\"description\":\"La mejor tarifa disponible y la m\u00e1xima flexibilidad est\u00e1n garantizadas cuando reserva directamente en nuestra p\u00e1gina web. Reservar ahora\",\"breadcrumb\":{\"@id\":\"https:\\\/\\\/lcpark.com\\\/es\\\/ofertas\\\/oferta-mejor-precio\\\/#breadcrumb\"},\"inLanguage\":\"es\",\"potentialAction\":[{\"@type\":\"ReadAction\",\"target\":[\"https:\\\/\\\/lcpark.com\\\/es\\\/ofertas\\\/oferta-mejor-precio\\\/\"]}]},{\"@type\":\"ImageObject\",\"inLanguage\":\"es\",\"@id\":\"https:\\\/\\\/lcpark.com\\\/es\\\/ofertas\\\/oferta-mejor-precio\\\/#primaryimage\",\"url\":\"https:\\\/\\\/lcpark.com\\\/wp-content\\\/uploads\\\/2024\\\/03\\\/Special-Offers-Lisboa-Central-Park-Best-Rate-Available.webp\",\"contentUrl\":\"https:\\\/\\\/lcpark.com\\\/wp-content\\\/uploads\\\/2024\\\/03\\\/Special-Offers-Lisboa-Central-Park-Best-Rate-Available.webp\",\"width\":1920,\"height\":1280},{\"@type\":\"BreadcrumbList\",\"@id\":\"https:\\\/\\\/lcpark.com\\\/es\\\/ofertas\\\/oferta-mejor-precio\\\/#breadcrumb\",\"itemListElement\":[{\"@type\":\"ListItem\",\"position\":1,\"name\":\"Home\",\"item\":\"https:\\\/\\\/lcpark.com\\\/es\\\/\"},{\"@type\":\"ListItem\",\"position\":2,\"name\":\"Ofertas\",\"item\":\"https:\\\/\\\/lcpark.com\\\/es\\\/ofertas\\\/\"},{\"@type\":\"ListItem\",\"position\":3,\"name\":\"Oferta Mejor Precio\"}]},{\"@type\":\"WebSite\",\"@id\":\"https:\\\/\\\/lcpark.com\\\/es\\\/#website\",\"url\":\"https:\\\/\\\/lcpark.com\\\/es\\\/\",\"name\":\"Lisbon Central Park Hotel Suites & Studios\",\"description\":\"Lisbon Central Park - Staging website description\",\"publisher\":{\"@id\":\"https:\\\/\\\/lcpark.com\\\/es\\\/#organization\"},\"potentialAction\":[{\"@type\":\"SearchAction\",\"target\":{\"@type\":\"EntryPoint\",\"urlTemplate\":\"https:\\\/\\\/lcpark.com\\\/es\\\/?s={search_term_string}\"},\"query-input\":{\"@type\":\"PropertyValueSpecification\",\"valueRequired\":true,\"valueName\":\"search_term_string\"}}],\"inLanguage\":\"es\"},{\"@type\":\"Organization\",\"@id\":\"https:\\\/\\\/lcpark.com\\\/es\\\/#organization\",\"name\":\"Lisbon Central Park Hotel Suites & Studios\",\"alternateName\":\"Lisbon Central Park Hotel\",\"url\":\"https:\\\/\\\/lcpark.com\\\/es\\\/\",\"logo\":{\"@type\":\"ImageObject\",\"inLanguage\":\"es\",\"@id\":\"https:\\\/\\\/lcpark.com\\\/es\\\/#\\\/schema\\\/logo\\\/image\\\/\",\"url\":\"https:\\\/\\\/lcpark.com\\\/wp-content\\\/uploads\\\/2024\\\/04\\\/Lisboa-Central-Park-Favicon-Logo-Circle-Transparent.webp\",\"contentUrl\":\"https:\\\/\\\/lcpark.com\\\/wp-content\\\/uploads\\\/2024\\\/04\\\/Lisboa-Central-Park-Favicon-Logo-Circle-Transparent.webp\",\"width\":834,\"height\":834,\"caption\":\"Lisbon Central Park Hotel Suites & Studios\"},\"image\":{\"@id\":\"https:\\\/\\\/lcpark.com\\\/es\\\/#\\\/schema\\\/logo\\\/image\\\/\"},\"sameAs\":[\"https:\\\/\\\/www.facebook.com\\\/people\\\/Lisboa-Central-Park-Hotel\\\/100057055796565\\\/\",\"https:\\\/\\\/www.instagram.com\\\/lisboacentralpark\\\/\"]}]}<\/script>\n<!-- \/ Yoast SEO plugin. -->","yoast_head_json":{"title":"Oferta de la mejor tarifa | Lisboa Central Park Hotel","description":"La mejor tarifa disponible y la m\u00e1xima flexibilidad est\u00e1n garantizadas cuando reserva directamente en nuestra p\u00e1gina web. Reservar ahora","robots":{"index":"index","follow":"follow","max-snippet":"max-snippet:-1","max-image-preview":"max-image-preview:large","max-video-preview":"max-video-preview:-1"},"canonical":"https:\/\/lcpark.com\/es\/ofertas\/oferta-mejor-precio\/","og_locale":"es_ES","og_type":"article","og_title":"Oferta de la mejor tarifa | Lisboa Central Park Hotel","og_description":"La mejor tarifa disponible y la m\u00e1xima flexibilidad est\u00e1n garantizadas cuando reserva directamente en nuestra p\u00e1gina web. Reservar ahora","og_url":"https:\/\/lcpark.com\/es\/ofertas\/oferta-mejor-precio\/","og_site_name":"Lisboa Central Park Hotel Suites &amp; Studios, Lisbon Portugal","article_publisher":"https:\/\/www.facebook.com\/people\/Lisboa-Central-Park-Hotel\/100057055796565\/","article_modified_time":"2024-06-20T16:49:27+00:00","og_image":[{"width":1920,"height":1280,"url":"https:\/\/lcpark.com\/wp-content\/uploads\/2024\/03\/Special-Offers-Lisboa-Central-Park-Best-Rate-Available.webp","type":"image\/webp"}],"twitter_card":"summary_large_image","twitter_misc":{"Tiempo de lectura":"2 minutos"},"schema":{"@context":"https:\/\/schema.org","@graph":[{"@type":"WebPage","@id":"https:\/\/lcpark.com\/es\/ofertas\/oferta-mejor-precio\/","url":"https:\/\/lcpark.com\/es\/ofertas\/oferta-mejor-precio\/","name":"Oferta de la mejor tarifa | Lisboa Central Park Hotel","isPartOf":{"@id":"https:\/\/lcpark.com\/es\/#website"},"primaryImageOfPage":{"@id":"https:\/\/lcpark.com\/es\/ofertas\/oferta-mejor-precio\/#primaryimage"},"image":{"@id":"https:\/\/lcpark.com\/es\/ofertas\/oferta-mejor-precio\/#primaryimage"},"thumbnailUrl":"https:\/\/lcpark.com\/wp-content\/uploads\/2024\/03\/Special-Offers-Lisboa-Central-Park-Best-Rate-Available.webp","datePublished":"2024-03-30T19:38:04+00:00","dateModified":"2024-06-20T16:49:27+00:00","description":"La mejor tarifa disponible y la m\u00e1xima flexibilidad est\u00e1n garantizadas cuando reserva directamente en nuestra p\u00e1gina web. Reservar ahora","breadcrumb":{"@id":"https:\/\/lcpark.com\/es\/ofertas\/oferta-mejor-precio\/#breadcrumb"},"inLanguage":"es","potentialAction":[{"@type":"ReadAction","target":["https:\/\/lcpark.com\/es\/ofertas\/oferta-mejor-precio\/"]}]},{"@type":"ImageObject","inLanguage":"es","@id":"https:\/\/lcpark.com\/es\/ofertas\/oferta-mejor-precio\/#primaryimage","url":"https:\/\/lcpark.com\/wp-content\/uploads\/2024\/03\/Special-Offers-Lisboa-Central-Park-Best-Rate-Available.webp","contentUrl":"https:\/\/lcpark.com\/wp-content\/uploads\/2024\/03\/Special-Offers-Lisboa-Central-Park-Best-Rate-Available.webp","width":1920,"height":1280},{"@type":"BreadcrumbList","@id":"https:\/\/lcpark.com\/es\/ofertas\/oferta-mejor-precio\/#breadcrumb","itemListElement":[{"@type":"ListItem","position":1,"name":"Home","item":"https:\/\/lcpark.com\/es\/"},{"@type":"ListItem","position":2,"name":"Ofertas","item":"https:\/\/lcpark.com\/es\/ofertas\/"},{"@type":"ListItem","position":3,"name":"Oferta Mejor Precio"}]},{"@type":"WebSite","@id":"https:\/\/lcpark.com\/es\/#website","url":"https:\/\/lcpark.com\/es\/","name":"Lisbon Central Park Hotel Suites & Studios","description":"Lisbon Central Park - Staging website description","publisher":{"@id":"https:\/\/lcpark.com\/es\/#organization"},"potentialAction":[{"@type":"SearchAction","target":{"@type":"EntryPoint","urlTemplate":"https:\/\/lcpark.com\/es\/?s={search_term_string}"},"query-input":{"@type":"PropertyValueSpecification","valueRequired":true,"valueName":"search_term_string"}}],"inLanguage":"es"},{"@type":"Organization","@id":"https:\/\/lcpark.com\/es\/#organization","name":"Lisbon Central Park Hotel Suites & Studios","alternateName":"Lisbon Central Park Hotel","url":"https:\/\/lcpark.com\/es\/","logo":{"@type":"ImageObject","inLanguage":"es","@id":"https:\/\/lcpark.com\/es\/#\/schema\/logo\/image\/","url":"https:\/\/lcpark.com\/wp-content\/uploads\/2024\/04\/Lisboa-Central-Park-Favicon-Logo-Circle-Transparent.webp","contentUrl":"https:\/\/lcpark.com\/wp-content\/uploads\/2024\/04\/Lisboa-Central-Park-Favicon-Logo-Circle-Transparent.webp","width":834,"height":834,"caption":"Lisbon Central Park Hotel Suites & Studios"},"image":{"@id":"https:\/\/lcpark.com\/es\/#\/schema\/logo\/image\/"},"sameAs":["https:\/\/www.facebook.com\/people\/Lisboa-Central-Park-Hotel\/100057055796565\/","https:\/\/www.instagram.com\/lisboacentralpark\/"]}]}},"_links":{"self":[{"href":"https:\/\/lcpark.com\/es\/wp-json\/wp\/v2\/pages\/2169","targetHints":{"allow":["GET"]}}],"collection":[{"href":"https:\/\/lcpark.com\/es\/wp-json\/wp\/v2\/pages"}],"about":[{"href":"https:\/\/lcpark.com\/es\/wp-json\/wp\/v2\/types\/page"}],"author":[{"embeddable":true,"href":"https:\/\/lcpark.com\/es\/wp-json\/wp\/v2\/users\/2"}],"replies":[{"embeddable":true,"href":"https:\/\/lcpark.com\/es\/wp-json\/wp\/v2\/comments?post=2169"}],"version-history":[{"count":3,"href":"https:\/\/lcpark.com\/es\/wp-json\/wp\/v2\/pages\/2169\/revisions"}],"predecessor-version":[{"id":2173,"href":"https:\/\/lcpark.com\/es\/wp-json\/wp\/v2\/pages\/2169\/revisions\/2173"}],"up":[{"embeddable":true,"href":"https:\/\/lcpark.com\/es\/wp-json\/wp\/v2\/pages\/2192"}],"wp:featuredmedia":[{"embeddable":true,"href":"https:\/\/lcpark.com\/es\/wp-json\/wp\/v2\/media\/2170"}],"wp:attachment":[{"href":"https:\/\/lcpark.com\/es\/wp-json\/wp\/v2\/media?parent=2169"}],"curies":[{"name":"wp","href":"https:\/\/api.w.org\/{rel}","templated":true}]}}