{"id":3085,"date":"2025-10-25T17:37:04","date_gmt":"2025-10-25T17:37:04","guid":{"rendered":"https:\/\/lcpark.com\/mercadillo-navidad-lisboa\/"},"modified":"2025-11-14T19:21:00","modified_gmt":"2025-11-14T19:21:00","slug":"mercadillo-navidad-lisboa","status":"publish","type":"page","link":"https:\/\/lcpark.com\/es\/mercadillo-navidad-lisboa\/","title":{"rendered":"Mercadillo Navidad Lisboa"},"content":{"rendered":"<section class=\"l-section wpb_row height_auto width_full with_img parallax_ver\"><div class=\"l-section-img\" role=\"img\" aria-label=\"Mercadillo Navidad Lisboa Wonderland\" data-img-width=\"2400\" data-img-height=\"1599\" style=\"background-image: url(https:\/\/lcpark.com\/wp-content\/uploads\/2025\/10\/Lisbon-Christmas-Market-Wonderland-Cover.webp);background-position: bottom center;background-repeat: no-repeat;\"><\/div><div class=\"l-section-overlay\" style=\"background:rgba(0,0,0,0.20)\"><\/div><div class=\"l-section-h i-cf\"><div class=\"g-cols vc_row via_grid cols_1-4-1 laptops-cols_inherit tablets-cols_inherit mobiles-cols_1 valign_bottom type_default stacking_default\"><div class=\"wpb_column vc_column_container\"><div class=\"vc_column-inner\"><\/div><\/div><div class=\"wpb_column vc_column_container\"><div class=\"vc_column-inner\"><div class=\"w-separator size_custom\" style=\"height:70vh\" id=\"j449\"><style>@media(max-width:1024px){ #j449{height:60vh!important}}@media(max-width:600px){ #j449{height:60vh!important}}<\/style><\/div><div class=\"wpb_text_column\"><div class=\"wpb_wrapper\"><h1 style=\"text-align: center;\"><span style=\"color: #d9c39a;\">MERCADILLO NAVIDAD LISBOA<\/span><\/h1>\n<\/div><\/div><div class=\"w-separator size_custom\" style=\"height:10px\"><\/div><div class=\"wpb_text_column us_custom_de67d1db\"><div class=\"wpb_wrapper\"><p style=\"text-align: center;\"><span style=\"color: #d9c39a;\">Del 28 de noviembre de 2025 al 4 de enero de 2026<\/span><\/p>\n<\/div><\/div><div class=\"w-separator size_custom\" style=\"height:30px\"><\/div><div class=\"w-btn-wrapper align_center\"><a class=\"w-btn us-btn-style_2\" href=\"https:\/\/www.secure-hotel-booking.com\/Lisboa-Central-Park-Hotel-Suites-Studios\/JREN?hotelId=14196&amp;arrivalDate=2025-12-10&amp;departureDate=2025-12-11&amp;selectedAdultCount=2\"><span class=\"w-btn-label\">RESERVAR HABITACI\u00d3N<\/span><\/a><\/div><div class=\"w-separator size_custom\" style=\"height:10vh\" id=\"ef62\"><style>@media(max-width:1024px){ #ef62{height:5vh!important}}@media(max-width:600px){ #ef62{height:5vh!important}}<\/style><\/div><\/div><\/div><div class=\"wpb_column vc_column_container\"><div class=\"vc_column-inner\"><\/div><\/div><\/div><\/div><\/section><section class=\"l-section wpb_row height_medium\"><div class=\"l-section-h i-cf\"><div class=\"g-cols vc_row via_grid cols_1-4-1 laptops-cols_inherit tablets-cols_inherit mobiles-cols_1 valign_top type_default stacking_default\"><div class=\"wpb_column vc_column_container\"><div class=\"vc_column-inner\"><\/div><\/div><div class=\"wpb_column vc_column_container\"><div class=\"vc_column-inner\"><div class=\"wpb_text_column\"><div class=\"wpb_wrapper\"><h2 style=\"text-align: center;\">WONDERLAND LISBOA<\/h2>\n<\/div><\/div><div class=\"w-separator size_custom\" style=\"height:20px\"><\/div><div class=\"wpb_text_column\"><div class=\"wpb_wrapper\"><p style=\"text-align: center;\"><em>Noria gigante con vistas impresionantes \u2022 Pista de hielo \u2022 Casa de Pap\u00e1 Noel \u2022 Mercado navide\u00f1o artesanal \u2022 Zona de restauraci\u00f3n \u2022 M\u00fasica en vivo<\/em><\/p>\n<\/div><\/div><div class=\"w-separator size_custom\" style=\"height:20px\"><\/div><div class=\"wpb_text_column\"><div class=\"wpb_wrapper\"><p style=\"text-align: center;\">Justo enfrente del Lisboa Central Park Hotel, el Mercadillo de Navidad de Lisboa, Wonderland Lisboa, transforma el Parque Eduardo VII en un festivo pa\u00eds de las maravillas desde el 28 de noviembre de 2025 hasta el 4 de enero de 2026. Votado como el mejor mercadillo navide\u00f1o soleado de Europa, este evento de entrada gratuita captura el encanto de la temporada navide\u00f1a bajo el suave sol invernal de Lisboa, donde las luces centelleantes, las risas y la m\u00fasica llenan el aire.<\/p>\n<\/div><\/div><\/div><\/div><div class=\"wpb_column vc_column_container\"><div class=\"vc_column-inner\"><\/div><\/div><\/div><\/div><\/section><section class=\"l-section wpb_row height_medium width_custom\" style=\"--site-content-width:1280px;\"><div class=\"l-section-h i-cf\"><div class=\"g-cols vc_row via_grid cols_custom laptops-cols_inherit tablets-cols_inherit mobiles-cols_1 valign_middle type_default stacking_default\" style=\"--custom-columns:0.5fr 3fr 2fr 0.5fr \"><div class=\"wpb_column vc_column_container\"><div class=\"vc_column-inner\"><\/div><\/div><div class=\"wpb_column vc_column_container\"><div class=\"vc_column-inner\"><div class=\"w-image us_custom_0140f05a align_none\"><div class=\"w-image-h\"><img decoding=\"async\" width=\"1140\" height=\"1596\" src=\"https:\/\/lcpark.com\/wp-content\/uploads\/2025\/10\/Lisbon-Christmas-Market-Park-Eduardo-VII.webp\" class=\"attachment-full size-full\" alt=\"Mercadillo Navidad Lisboa Park Eduardo VII\" loading=\"lazy\" srcset=\"https:\/\/lcpark.com\/wp-content\/uploads\/2025\/10\/Lisbon-Christmas-Market-Park-Eduardo-VII.webp 1140w, https:\/\/lcpark.com\/wp-content\/uploads\/2025\/10\/Lisbon-Christmas-Market-Park-Eduardo-VII-214x300.webp 214w, https:\/\/lcpark.com\/wp-content\/uploads\/2025\/10\/Lisbon-Christmas-Market-Park-Eduardo-VII-731x1024.webp 731w\" sizes=\"auto, (max-width: 1140px) 100vw, 1140px\" \/><\/div><\/div><\/div><\/div><div class=\"wpb_column vc_column_container\"><div class=\"vc_column-inner\"><div class=\"w-image us_custom_0140f05a align_none\"><div class=\"w-image-h\"><img decoding=\"async\" width=\"1707\" height=\"2560\" src=\"https:\/\/lcpark.com\/wp-content\/uploads\/2025\/10\/Ferris-wheel-at-Lisbon-Christmas-Market.webp\" class=\"attachment-full size-full\" alt=\"Noria gigante Mercadillo de Navidad de Lisboa\" loading=\"lazy\" srcset=\"https:\/\/lcpark.com\/wp-content\/uploads\/2025\/10\/Ferris-wheel-at-Lisbon-Christmas-Market.webp 1707w, https:\/\/lcpark.com\/wp-content\/uploads\/2025\/10\/Ferris-wheel-at-Lisbon-Christmas-Market-200x300.webp 200w, https:\/\/lcpark.com\/wp-content\/uploads\/2025\/10\/Ferris-wheel-at-Lisbon-Christmas-Market-683x1024.webp 683w\" sizes=\"auto, (max-width: 1707px) 100vw, 1707px\" \/><\/div><\/div><\/div><\/div><div class=\"wpb_column vc_column_container\"><div class=\"vc_column-inner\"><\/div><\/div><\/div><\/div><\/section><section class=\"l-section wpb_row height_medium width_custom\" style=\"--site-content-width:1280px;\"><div class=\"l-section-h i-cf\"><div class=\"g-cols vc_row via_grid cols_custom laptops-cols_inherit tablets-cols_inherit mobiles-cols_1 valign_top type_default stacking_default\" style=\"--custom-columns:0.5fr 3fr 2fr 0.5fr \"><div class=\"wpb_column vc_column_container\"><div class=\"vc_column-inner\"><\/div><\/div><div class=\"wpb_column vc_column_container\"><div class=\"vc_column-inner\"><div class=\"wpb_text_column\"><div class=\"wpb_wrapper\"><p>Los visitantes pueden disfrutar de un ambiente verdaderamente m\u00e1gico con una noria gigante que ofrece unas vistas impresionantes de la ciudad y del r\u00edo Tajo.<\/p>\n<\/div><\/div><div class=\"w-separator size_custom\" style=\"height:10px\"><\/div><div class=\"wpb_text_column\"><div class=\"wpb_wrapper\"><p data-start=\"619\" data-end=\"1043\">Tambi\u00e9n hay una pista de hielo sostenible de 800 m\u00b2, la Casa de Pap\u00e1 Noel y el Pueblo del Afecto, perfectos para familias con ni\u00f1os.<\/p>\n<\/div><\/div><div class=\"w-separator size_custom\" style=\"height:10px\"><\/div><div class=\"wpb_text_column\"><div class=\"wpb_wrapper\"><p data-start=\"619\" data-end=\"1043\">El mercado navide\u00f1o es una visita imperdible, con artesan\u00eda local, regalos hechos a mano y delicias regionales, desde dulces portugueses hasta comida callejera festiva.<\/p>\n<\/div><\/div><\/div><\/div><div class=\"wpb_column vc_column_container\"><div class=\"vc_column-inner\"><div class=\"wpb_text_column\"><div class=\"wpb_wrapper\"><p>Wonderland Lisboa es una experiencia imperdible que celebra el esp\u00edritu alegre de la ciudad.<\/p>\n<\/div><\/div><div class=\"w-separator size_custom\" style=\"height:10px\"><\/div><div class=\"wpb_text_column\"><div class=\"wpb_wrapper\"><p>Alojarse en el Lisboa Central Park Hotel significa estar a solo unos pasos de toda la diversi\u00f3n: la ubicaci\u00f3n perfecta para disfrutar de la calidez, el encanto y la magia de la temporada navide\u00f1a en Lisboa.<\/p>\n<\/div><\/div><div class=\"w-separator size_small\"><\/div><div class=\"w-btn-wrapper align_none\"><a class=\"w-btn us-btn-style_3 SeeMoreButtonStyle us_custom_064d3121 SeeMoreButton icon_atright\" href=\"https:\/\/www.secure-hotel-booking.com\/Lisboa-Central-Park-Hotel-Suites-Studios\/JREN?hotelId=14196&amp;arrivalDate=2025-12-10&amp;departureDate=2025-12-11&amp;selectedAdultCount=2\"><span class=\"w-btn-label\">RESERVAR HABITACI\u00d3N<\/span><i class=\"material-icons\">north_east<\/i><\/a><\/div><\/div><\/div><div class=\"wpb_column vc_column_container\"><div class=\"vc_column-inner\"><\/div><\/div><\/div><\/div><\/section><section class=\"l-section wpb_row height_small\"><div class=\"l-section-h i-cf\"><div class=\"g-cols vc_row via_grid cols_1 laptops-cols_inherit tablets-cols_inherit mobiles-cols_1 valign_top type_default stacking_default\"><div class=\"wpb_column vc_column_container\"><div class=\"vc_column-inner\"><div class=\"w-separator size_small\"><\/div><\/div><\/div><\/div><\/div><\/section>\n","protected":false},"excerpt":{"rendered":"MERCADILLO NAVIDAD LISBOA Del 28 de noviembre de 2025 al 4 de enero de 2026 RESERVAR HABITACI\u00d3NWONDERLAND LISBOA Noria gigante con vistas impresionantes \u2022 Pista de hielo \u2022 Casa de Pap\u00e1 Noel \u2022 Mercado navide\u00f1o artesanal \u2022 Zona de restauraci\u00f3n \u2022 M\u00fasica en vivo Justo enfrente del Lisboa Central Park Hotel, el Mercadillo de Navidad...","protected":false},"author":2,"featured_media":3075,"parent":0,"menu_order":0,"comment_status":"closed","ping_status":"open","template":"","meta":{"footnotes":""},"class_list":["post-3085","page","type-page","status-publish","has-post-thumbnail","hentry"],"yoast_head":"<!-- This site is optimized with the Yoast SEO plugin v27.2 - https:\/\/yoast.com\/product\/yoast-seo-wordpress\/ -->\n<title>Mercadillo Navidad Lisboa | Wonderland Lisboa | Parque Eduardo VII<\/title>\n<meta name=\"description\" content=\"El mercadillo de Navidad de Lisboa, justo enfrente del Lisboa Central Park Hotel, transforma el Parque Eduardo VII en Wonderland Lisboa, un lugar de ensue\u00f1o festivo.\" \/>\n<meta name=\"robots\" content=\"index, follow, max-snippet:-1, max-image-preview:large, max-video-preview:-1\" \/>\n<link rel=\"canonical\" href=\"https:\/\/lcpark.com\/es\/mercadillo-navidad-lisboa\/\" \/>\n<meta property=\"og:locale\" content=\"es_ES\" \/>\n<meta property=\"og:type\" content=\"article\" \/>\n<meta property=\"og:title\" content=\"Mercadillo Navidad Lisboa | Wonderland Lisboa | Parque Eduardo VII\" \/>\n<meta property=\"og:description\" content=\"El mercadillo de Navidad de Lisboa, justo enfrente del Lisboa Central Park Hotel, transforma el Parque Eduardo VII en Wonderland Lisboa, un lugar de ensue\u00f1o festivo.\" \/>\n<meta property=\"og:url\" content=\"https:\/\/lcpark.com\/es\/mercadillo-navidad-lisboa\/\" \/>\n<meta property=\"og:site_name\" content=\"Lisboa Central Park Hotel Suites &amp; Studios, Lisbon Portugal\" \/>\n<meta property=\"article:publisher\" content=\"https:\/\/www.facebook.com\/people\/Lisboa-Central-Park-Hotel\/100057055796565\/\" \/>\n<meta property=\"article:modified_time\" content=\"2025-11-14T19:21:00+00:00\" \/>\n<meta property=\"og:image\" content=\"https:\/\/lcpark.com\/wp-content\/uploads\/2025\/10\/Lisbon-Christmas-Market-Wonderland-Cover.webp\" \/>\n\t<meta property=\"og:image:width\" content=\"2400\" \/>\n\t<meta property=\"og:image:height\" content=\"1599\" \/>\n\t<meta property=\"og:image:type\" content=\"image\/webp\" \/>\n<meta name=\"twitter:card\" content=\"summary_large_image\" \/>\n<meta name=\"twitter:label1\" content=\"Tiempo de lectura\" \/>\n\t<meta name=\"twitter:data1\" content=\"2 minutos\" \/>\n<script type=\"application\/ld+json\" class=\"yoast-schema-graph\">{\"@context\":\"https:\/\/schema.org\",\"@graph\":[{\"@type\":\"WebPage\",\"@id\":\"https:\/\/lcpark.com\/es\/mercadillo-navidad-lisboa\/\",\"url\":\"https:\/\/lcpark.com\/es\/mercadillo-navidad-lisboa\/\",\"name\":\"Mercadillo Navidad Lisboa | Wonderland Lisboa | Parque Eduardo VII\",\"isPartOf\":{\"@id\":\"https:\/\/lcpark.com\/es\/#website\"},\"primaryImageOfPage\":{\"@id\":\"https:\/\/lcpark.com\/es\/mercadillo-navidad-lisboa\/#primaryimage\"},\"image\":{\"@id\":\"https:\/\/lcpark.com\/es\/mercadillo-navidad-lisboa\/#primaryimage\"},\"thumbnailUrl\":\"https:\/\/lcpark.com\/wp-content\/uploads\/2025\/10\/Lisbon-Christmas-Market-Wonderland-Cover.webp\",\"datePublished\":\"2025-10-25T17:37:04+00:00\",\"dateModified\":\"2025-11-14T19:21:00+00:00\",\"description\":\"El mercadillo de Navidad de Lisboa, justo enfrente del Lisboa Central Park Hotel, transforma el Parque Eduardo VII en Wonderland Lisboa, un lugar de ensue\u00f1o festivo.\",\"breadcrumb\":{\"@id\":\"https:\/\/lcpark.com\/es\/mercadillo-navidad-lisboa\/#breadcrumb\"},\"inLanguage\":\"es\",\"potentialAction\":[{\"@type\":\"ReadAction\",\"target\":[\"https:\/\/lcpark.com\/es\/mercadillo-navidad-lisboa\/\"]}]},{\"@type\":\"ImageObject\",\"inLanguage\":\"es\",\"@id\":\"https:\/\/lcpark.com\/es\/mercadillo-navidad-lisboa\/#primaryimage\",\"url\":\"https:\/\/lcpark.com\/wp-content\/uploads\/2025\/10\/Lisbon-Christmas-Market-Wonderland-Cover.webp\",\"contentUrl\":\"https:\/\/lcpark.com\/wp-content\/uploads\/2025\/10\/Lisbon-Christmas-Market-Wonderland-Cover.webp\",\"width\":2400,\"height\":1599,\"caption\":\"Mercadillo Navidad Lisboa Wonderland\"},{\"@type\":\"BreadcrumbList\",\"@id\":\"https:\/\/lcpark.com\/es\/mercadillo-navidad-lisboa\/#breadcrumb\",\"itemListElement\":[{\"@type\":\"ListItem\",\"position\":1,\"name\":\"Home\",\"item\":\"https:\/\/lcpark.com\/es\/\"},{\"@type\":\"ListItem\",\"position\":2,\"name\":\"Mercadillo Navidad Lisboa\"}]},{\"@type\":\"WebSite\",\"@id\":\"https:\/\/lcpark.com\/es\/#website\",\"url\":\"https:\/\/lcpark.com\/es\/\",\"name\":\"Lisbon Central Park Hotel Suites & Studios\",\"description\":\"Lisbon Central Park - Staging website description\",\"publisher\":{\"@id\":\"https:\/\/lcpark.com\/es\/#organization\"},\"potentialAction\":[{\"@type\":\"SearchAction\",\"target\":{\"@type\":\"EntryPoint\",\"urlTemplate\":\"https:\/\/lcpark.com\/es\/?s={search_term_string}\"},\"query-input\":{\"@type\":\"PropertyValueSpecification\",\"valueRequired\":true,\"valueName\":\"search_term_string\"}}],\"inLanguage\":\"es\"},{\"@type\":\"Organization\",\"@id\":\"https:\/\/lcpark.com\/es\/#organization\",\"name\":\"Lisbon Central Park Hotel Suites & Studios\",\"alternateName\":\"Lisbon Central Park Hotel\",\"url\":\"https:\/\/lcpark.com\/es\/\",\"logo\":{\"@type\":\"ImageObject\",\"inLanguage\":\"es\",\"@id\":\"https:\/\/lcpark.com\/es\/#\/schema\/logo\/image\/\",\"url\":\"https:\/\/lcpark.com\/wp-content\/uploads\/2024\/04\/Lisboa-Central-Park-Favicon-Logo-Circle-Transparent.webp\",\"contentUrl\":\"https:\/\/lcpark.com\/wp-content\/uploads\/2024\/04\/Lisboa-Central-Park-Favicon-Logo-Circle-Transparent.webp\",\"width\":834,\"height\":834,\"caption\":\"Lisbon Central Park Hotel Suites & Studios\"},\"image\":{\"@id\":\"https:\/\/lcpark.com\/es\/#\/schema\/logo\/image\/\"},\"sameAs\":[\"https:\/\/www.facebook.com\/people\/Lisboa-Central-Park-Hotel\/100057055796565\/\",\"https:\/\/www.instagram.com\/lisboacentralpark\/\"]}]}<\/script>\n<!-- \/ Yoast SEO plugin. -->","yoast_head_json":{"title":"Mercadillo Navidad Lisboa | Wonderland Lisboa | Parque Eduardo VII","description":"El mercadillo de Navidad de Lisboa, justo enfrente del Lisboa Central Park Hotel, transforma el Parque Eduardo VII en Wonderland Lisboa, un lugar de ensue\u00f1o festivo.","robots":{"index":"index","follow":"follow","max-snippet":"max-snippet:-1","max-image-preview":"max-image-preview:large","max-video-preview":"max-video-preview:-1"},"canonical":"https:\/\/lcpark.com\/es\/mercadillo-navidad-lisboa\/","og_locale":"es_ES","og_type":"article","og_title":"Mercadillo Navidad Lisboa | Wonderland Lisboa | Parque Eduardo VII","og_description":"El mercadillo de Navidad de Lisboa, justo enfrente del Lisboa Central Park Hotel, transforma el Parque Eduardo VII en Wonderland Lisboa, un lugar de ensue\u00f1o festivo.","og_url":"https:\/\/lcpark.com\/es\/mercadillo-navidad-lisboa\/","og_site_name":"Lisboa Central Park Hotel Suites &amp; Studios, Lisbon Portugal","article_publisher":"https:\/\/www.facebook.com\/people\/Lisboa-Central-Park-Hotel\/100057055796565\/","article_modified_time":"2025-11-14T19:21:00+00:00","og_image":[{"width":2400,"height":1599,"url":"https:\/\/lcpark.com\/wp-content\/uploads\/2025\/10\/Lisbon-Christmas-Market-Wonderland-Cover.webp","type":"image\/webp"}],"twitter_card":"summary_large_image","twitter_misc":{"Tiempo de lectura":"2 minutos"},"schema":{"@context":"https:\/\/schema.org","@graph":[{"@type":"WebPage","@id":"https:\/\/lcpark.com\/es\/mercadillo-navidad-lisboa\/","url":"https:\/\/lcpark.com\/es\/mercadillo-navidad-lisboa\/","name":"Mercadillo Navidad Lisboa | Wonderland Lisboa | Parque Eduardo VII","isPartOf":{"@id":"https:\/\/lcpark.com\/es\/#website"},"primaryImageOfPage":{"@id":"https:\/\/lcpark.com\/es\/mercadillo-navidad-lisboa\/#primaryimage"},"image":{"@id":"https:\/\/lcpark.com\/es\/mercadillo-navidad-lisboa\/#primaryimage"},"thumbnailUrl":"https:\/\/lcpark.com\/wp-content\/uploads\/2025\/10\/Lisbon-Christmas-Market-Wonderland-Cover.webp","datePublished":"2025-10-25T17:37:04+00:00","dateModified":"2025-11-14T19:21:00+00:00","description":"El mercadillo de Navidad de Lisboa, justo enfrente del Lisboa Central Park Hotel, transforma el Parque Eduardo VII en Wonderland Lisboa, un lugar de ensue\u00f1o festivo.","breadcrumb":{"@id":"https:\/\/lcpark.com\/es\/mercadillo-navidad-lisboa\/#breadcrumb"},"inLanguage":"es","potentialAction":[{"@type":"ReadAction","target":["https:\/\/lcpark.com\/es\/mercadillo-navidad-lisboa\/"]}]},{"@type":"ImageObject","inLanguage":"es","@id":"https:\/\/lcpark.com\/es\/mercadillo-navidad-lisboa\/#primaryimage","url":"https:\/\/lcpark.com\/wp-content\/uploads\/2025\/10\/Lisbon-Christmas-Market-Wonderland-Cover.webp","contentUrl":"https:\/\/lcpark.com\/wp-content\/uploads\/2025\/10\/Lisbon-Christmas-Market-Wonderland-Cover.webp","width":2400,"height":1599,"caption":"Mercadillo Navidad Lisboa Wonderland"},{"@type":"BreadcrumbList","@id":"https:\/\/lcpark.com\/es\/mercadillo-navidad-lisboa\/#breadcrumb","itemListElement":[{"@type":"ListItem","position":1,"name":"Home","item":"https:\/\/lcpark.com\/es\/"},{"@type":"ListItem","position":2,"name":"Mercadillo Navidad Lisboa"}]},{"@type":"WebSite","@id":"https:\/\/lcpark.com\/es\/#website","url":"https:\/\/lcpark.com\/es\/","name":"Lisbon Central Park Hotel Suites & Studios","description":"Lisbon Central Park - Staging website description","publisher":{"@id":"https:\/\/lcpark.com\/es\/#organization"},"potentialAction":[{"@type":"SearchAction","target":{"@type":"EntryPoint","urlTemplate":"https:\/\/lcpark.com\/es\/?s={search_term_string}"},"query-input":{"@type":"PropertyValueSpecification","valueRequired":true,"valueName":"search_term_string"}}],"inLanguage":"es"},{"@type":"Organization","@id":"https:\/\/lcpark.com\/es\/#organization","name":"Lisbon Central Park Hotel Suites & Studios","alternateName":"Lisbon Central Park Hotel","url":"https:\/\/lcpark.com\/es\/","logo":{"@type":"ImageObject","inLanguage":"es","@id":"https:\/\/lcpark.com\/es\/#\/schema\/logo\/image\/","url":"https:\/\/lcpark.com\/wp-content\/uploads\/2024\/04\/Lisboa-Central-Park-Favicon-Logo-Circle-Transparent.webp","contentUrl":"https:\/\/lcpark.com\/wp-content\/uploads\/2024\/04\/Lisboa-Central-Park-Favicon-Logo-Circle-Transparent.webp","width":834,"height":834,"caption":"Lisbon Central Park Hotel Suites & Studios"},"image":{"@id":"https:\/\/lcpark.com\/es\/#\/schema\/logo\/image\/"},"sameAs":["https:\/\/www.facebook.com\/people\/Lisboa-Central-Park-Hotel\/100057055796565\/","https:\/\/www.instagram.com\/lisboacentralpark\/"]}]}},"_links":{"self":[{"href":"https:\/\/lcpark.com\/es\/wp-json\/wp\/v2\/pages\/3085","targetHints":{"allow":["GET"]}}],"collection":[{"href":"https:\/\/lcpark.com\/es\/wp-json\/wp\/v2\/pages"}],"about":[{"href":"https:\/\/lcpark.com\/es\/wp-json\/wp\/v2\/types\/page"}],"author":[{"embeddable":true,"href":"https:\/\/lcpark.com\/es\/wp-json\/wp\/v2\/users\/2"}],"replies":[{"embeddable":true,"href":"https:\/\/lcpark.com\/es\/wp-json\/wp\/v2\/comments?post=3085"}],"version-history":[{"count":5,"href":"https:\/\/lcpark.com\/es\/wp-json\/wp\/v2\/pages\/3085\/revisions"}],"predecessor-version":[{"id":3106,"href":"https:\/\/lcpark.com\/es\/wp-json\/wp\/v2\/pages\/3085\/revisions\/3106"}],"wp:featuredmedia":[{"embeddable":true,"href":"https:\/\/lcpark.com\/es\/wp-json\/wp\/v2\/media\/3075"}],"wp:attachment":[{"href":"https:\/\/lcpark.com\/es\/wp-json\/wp\/v2\/media?parent=3085"}],"curies":[{"name":"wp","href":"https:\/\/api.w.org\/{rel}","templated":true}]}}