{"id":3275,"date":"2026-04-14T23:09:19","date_gmt":"2026-04-14T23:09:19","guid":{"rendered":"https:\/\/lcpark.com\/ofertas\/paquete-familiar\/"},"modified":"2026-04-17T16:37:45","modified_gmt":"2026-04-17T16:37:45","slug":"paquete-familiar","status":"publish","type":"page","link":"https:\/\/lcpark.com\/es\/ofertas\/paquete-familiar\/","title":{"rendered":"Paquete Familiar"},"content":{"rendered":"<section class=\"l-section wpb_row height_auto width_full with_img parallax_ver\"><div class=\"l-section-img\" role=\"img\" aria-label=\"Family Hotel Lisbon, Family Suites\" data-img-width=\"2309\" data-img-height=\"1299\" style=\"background-image: url(https:\/\/lcpark.com\/wp-content\/uploads\/2026\/03\/Family-Hotel-Lisbon.webp);background-repeat: no-repeat;\"><\/div><div class=\"l-section-overlay\" style=\"background:rgba(0,0,0,0.50)\"><\/div><div class=\"l-section-h i-cf\"><div class=\"g-cols vc_row via_grid cols_1-4-1 laptops-cols_inherit tablets-cols_inherit mobiles-cols_1 valign_top type_default stacking_default\"><div class=\"wpb_column vc_column_container\"><div class=\"vc_column-inner\"><\/div><\/div><div class=\"wpb_column vc_column_container\"><div class=\"vc_column-inner\"><div class=\"w-separator size_custom\" style=\"height:320px\" id=\"heda\"><style>@media(max-width:1024px){ #heda{height:260px!important}}@media(max-width:600px){ #heda{height:100px!important}}<\/style><\/div><div class=\"wpb_text_column\"><div class=\"wpb_wrapper\"><h1 style=\"text-align: center;\"><span style=\"color: #d9c39a;\">PAQUETE ESPECIAL PARA FAMILIAS<\/span><\/h1>\n<\/div><\/div><div class=\"w-separator size_custom\" style=\"height:10px\"><\/div><div class=\"wpb_text_column us_custom_de67d1db\"><div class=\"wpb_wrapper\"><p style=\"text-align: center;\"><span style=\"color: #d9c39a;\">M\u00e1s comodidad, m\u00e1s valor, m\u00e1s tiempo juntos<\/span><\/p>\n<\/div><\/div><div class=\"w-separator size_custom\" style=\"height:20px\"><\/div><div class=\"w-btn-wrapper align_center\"><a class=\"w-btn us-btn-style_2\" href=\"https:\/\/www.secure-hotel-booking.com\/Lisboa-Central-Park-Hotel-Suites-Studios\/JREN?hotelId=14196&amp;arrivalDate=2026-11-26&amp;departureDate=2026-11-28&amp;rateAction=Highlight&amp;rateId=577194&amp;selectedAdultCount=2&amp;selectedchildCount=2\"><span class=\"w-btn-label\">RESERVAR OFERTA AHORA<\/span><\/a><\/div><div class=\"w-separator size_custom\" style=\"height:320px\" id=\"v981\"><style>@media(max-width:1024px){ #v981{height:260px!important}}@media(max-width:600px){ #v981{height:100px!important}}<\/style><\/div><\/div><\/div><div class=\"wpb_column vc_column_container\"><div class=\"vc_column-inner\"><\/div><\/div><\/div><\/div><\/section><section class=\"l-section wpb_row height_medium width_custom\" style=\"--site-content-width:1200px;\"><div class=\"l-section-h i-cf\"><div class=\"g-cols vc_row via_grid cols_2 laptops-cols_inherit tablets-cols_inherit mobiles-cols_1 valign_top type_default stacking_default\"><div class=\"wpb_column vc_column_container\"><div class=\"vc_column-inner\"><div class=\"wpb_text_column\"><div class=\"wpb_wrapper\"><h3><strong>INCLUIDO<\/strong><\/h3>\n<\/div><\/div><div class=\"w-separator size_custom\" style=\"height:10px\"><\/div><div class=\"wpb_text_column\"><div class=\"wpb_wrapper\"><div class=\"wpb_text_column\">\n<div class=\"wpb_wrapper\">\n<ul>\n<li><span>15 % de descuento sobre la mejor tarifa disponible <\/span><\/li>\n<li>Alojamiento en Suite Familiar de dos dormitorios<\/li>\n<li>Desayuno buffet gratuito para padres e hijos<\/li>\n<li>Entrada anticipada, salida tard\u00eda, sujeto a disponibilidad<\/li>\n<li>Ventajas exclusivas en algunas de las atracciones m\u00e1s populares de Lisboa*<\/li>\n<\/ul>\n<p>* Incluye un descuento del 10 % en el Acuario de Lisboa y en el telef\u00e9rico del Parque das Na\u00e7\u00f5es, as\u00ed como un descuento del 15 % en el Zoo de Lisboa. <\/p>\n<\/div>\n<\/div>\n<\/div><\/div><div class=\"w-separator size_custom\" style=\"height:20px\"><\/div><div class=\"wpb_text_column\"><div class=\"wpb_wrapper\"><h4>desde 126 \u20ac<\/h4>\n<\/div><\/div><div class=\"w-separator size_small\"><\/div><div class=\"w-btn-wrapper align_none\"><a class=\"w-btn us-btn-style_3 SeeMoreButtonStyle us_custom_064d3121 SeeMoreButton icon_atright\" href=\"https:\/\/www.secure-hotel-booking.com\/Lisboa-Central-Park-Hotel-Suites-Studios\/JREN?hotelId=14196&amp;arrivalDate=2026-11-26&amp;departureDate=2026-11-28&amp;rateAction=Highlight&amp;rateId=577194&amp;selectedAdultCount=2&amp;selectedchildCount=2\"><span class=\"w-btn-label\">RESERVAR OFERTA AHORA<\/span><i class=\"material-icons\">north_east<\/i><\/a><\/div><\/div><\/div><div class=\"wpb_column vc_column_container\"><div class=\"vc_column-inner\"><div class=\"wpb_text_column\"><div class=\"wpb_wrapper\"><h3><strong>CONDICIONES<\/strong><\/h3>\n<\/div><\/div><div class=\"w-separator size_custom\" style=\"height:10px\"><\/div><div class=\"wpb_text_column\"><div class=\"wpb_wrapper\"><ul>\n<li>Disponible para familias con uno o dos hijos de hasta 12 a\u00f1os<\/li>\n<li><span>Estancia m\u00ednima de dos noches<\/span><\/li>\n<li>Check-in: 15:00 horas<\/li>\n<li>Check-out: 12:00 horas<\/li>\n<\/ul>\n<\/div><\/div><\/div><\/div><\/div><\/div><\/section><section class=\"l-section wpb_row height_small width_custom\" style=\"--site-content-width:1200px;\"><div class=\"l-section-h i-cf\"><div class=\"g-cols vc_row via_grid cols_1 laptops-cols_inherit tablets-cols_inherit mobiles-cols_1 valign_top type_default stacking_default\"><div class=\"wpb_column vc_column_container\"><div class=\"vc_column-inner\"><div class=\"wpb_text_column\"><div class=\"wpb_wrapper\"><p style=\"text-align: center;\"><em>Todas las ofertas est\u00e1n sujetas a disponibilidad. Pueden aplicarse fechas de restricci\u00f3n. Las ofertas no se pueden combinar con ninguna otra oferta. Tenga en cuenta que los cargos por servicios, tasas e impuestos pueden cambiar sin previo aviso.<\/em><\/p>\n<\/div><\/div><div class=\"w-separator size_large\"><\/div><\/div><\/div><\/div><\/div><\/section>\n","protected":false},"excerpt":{"rendered":"PAQUETE ESPECIAL PARA FAMILIAS M\u00e1s comodidad, m\u00e1s valor, m\u00e1s tiempo juntos RESERVAR OFERTA AHORAINCLUIDO 15 % de descuento sobre la mejor tarifa disponible Alojamiento en Suite Familiar de dos dormitorios Desayuno buffet gratuito para padres e hijos Entrada anticipada, salida tard\u00eda, sujeto a disponibilidad Ventajas exclusivas en algunas de las atracciones m\u00e1s populares de Lisboa*...","protected":false},"author":2,"featured_media":3138,"parent":2192,"menu_order":0,"comment_status":"closed","ping_status":"closed","template":"","meta":{"footnotes":""},"class_list":["post-3275","page","type-page","status-publish","has-post-thumbnail","hentry"],"yoast_head":"<!-- This site is optimized with the Yoast SEO plugin v27.4 - https:\/\/yoast.com\/product\/yoast-seo-wordpress\/ -->\n<title>Oferta de paquete familiar | Lisboa Central Park Hotel<\/title>\n<meta name=\"description\" content=\"Reserva nuestra oferta familiar y disfruta de desayuno gratis y un 15 % de descuento sobre nuestra mejor tarifa disponible. Reservar ahora\" \/>\n<meta name=\"robots\" content=\"index, follow, max-snippet:-1, max-image-preview:large, max-video-preview:-1\" \/>\n<link rel=\"canonical\" href=\"https:\/\/lcpark.com\/es\/ofertas\/paquete-familiar\/\" \/>\n<meta property=\"og:locale\" content=\"es_ES\" \/>\n<meta property=\"og:type\" content=\"article\" \/>\n<meta property=\"og:title\" content=\"Oferta de paquete familiar | Lisboa Central Park Hotel\" \/>\n<meta property=\"og:description\" content=\"Reserva nuestra oferta familiar y disfruta de desayuno gratis y un 15 % de descuento sobre nuestra mejor tarifa disponible. Reservar ahora\" \/>\n<meta property=\"og:url\" content=\"https:\/\/lcpark.com\/es\/ofertas\/paquete-familiar\/\" \/>\n<meta property=\"og:site_name\" content=\"Lisboa Central Park Hotel Suites &amp; Studios, Lisbon Portugal\" \/>\n<meta property=\"article:publisher\" content=\"https:\/\/www.facebook.com\/people\/Lisboa-Central-Park-Hotel\/100057055796565\/\" \/>\n<meta property=\"article:modified_time\" content=\"2026-04-17T16:37:45+00:00\" \/>\n<meta property=\"og:image\" content=\"https:\/\/lcpark.com\/wp-content\/uploads\/2026\/03\/Family-Hotel-Lisbon.webp\" \/>\n\t<meta property=\"og:image:width\" content=\"2309\" \/>\n\t<meta property=\"og:image:height\" content=\"1299\" \/>\n\t<meta property=\"og:image:type\" content=\"image\/webp\" \/>\n<meta name=\"twitter:card\" content=\"summary_large_image\" \/>\n<meta name=\"twitter:label1\" content=\"Tiempo de lectura\" \/>\n\t<meta name=\"twitter:data1\" content=\"2 minutos\" \/>\n<script type=\"application\/ld+json\" class=\"yoast-schema-graph\">{\"@context\":\"https:\\\/\\\/schema.org\",\"@graph\":[{\"@type\":\"WebPage\",\"@id\":\"https:\\\/\\\/lcpark.com\\\/es\\\/ofertas\\\/paquete-familiar\\\/\",\"url\":\"https:\\\/\\\/lcpark.com\\\/es\\\/ofertas\\\/paquete-familiar\\\/\",\"name\":\"Oferta de paquete familiar | Lisboa Central Park Hotel\",\"isPartOf\":{\"@id\":\"https:\\\/\\\/lcpark.com\\\/es\\\/#website\"},\"primaryImageOfPage\":{\"@id\":\"https:\\\/\\\/lcpark.com\\\/es\\\/ofertas\\\/paquete-familiar\\\/#primaryimage\"},\"image\":{\"@id\":\"https:\\\/\\\/lcpark.com\\\/es\\\/ofertas\\\/paquete-familiar\\\/#primaryimage\"},\"thumbnailUrl\":\"https:\\\/\\\/lcpark.com\\\/wp-content\\\/uploads\\\/2026\\\/03\\\/Family-Hotel-Lisbon.webp\",\"datePublished\":\"2026-04-14T23:09:19+00:00\",\"dateModified\":\"2026-04-17T16:37:45+00:00\",\"description\":\"Reserva nuestra oferta familiar y disfruta de desayuno gratis y un 15 % de descuento sobre nuestra mejor tarifa disponible. Reservar ahora\",\"breadcrumb\":{\"@id\":\"https:\\\/\\\/lcpark.com\\\/es\\\/ofertas\\\/paquete-familiar\\\/#breadcrumb\"},\"inLanguage\":\"es\",\"potentialAction\":[{\"@type\":\"ReadAction\",\"target\":[\"https:\\\/\\\/lcpark.com\\\/es\\\/ofertas\\\/paquete-familiar\\\/\"]}]},{\"@type\":\"ImageObject\",\"inLanguage\":\"es\",\"@id\":\"https:\\\/\\\/lcpark.com\\\/es\\\/ofertas\\\/paquete-familiar\\\/#primaryimage\",\"url\":\"https:\\\/\\\/lcpark.com\\\/wp-content\\\/uploads\\\/2026\\\/03\\\/Family-Hotel-Lisbon.webp\",\"contentUrl\":\"https:\\\/\\\/lcpark.com\\\/wp-content\\\/uploads\\\/2026\\\/03\\\/Family-Hotel-Lisbon.webp\",\"width\":2309,\"height\":1299,\"caption\":\"Family Hotel Lisbon, Family Suites\"},{\"@type\":\"BreadcrumbList\",\"@id\":\"https:\\\/\\\/lcpark.com\\\/es\\\/ofertas\\\/paquete-familiar\\\/#breadcrumb\",\"itemListElement\":[{\"@type\":\"ListItem\",\"position\":1,\"name\":\"Home\",\"item\":\"https:\\\/\\\/lcpark.com\\\/es\\\/\"},{\"@type\":\"ListItem\",\"position\":2,\"name\":\"Ofertas\",\"item\":\"https:\\\/\\\/lcpark.com\\\/es\\\/ofertas\\\/\"},{\"@type\":\"ListItem\",\"position\":3,\"name\":\"Paquete Familiar\"}]},{\"@type\":\"WebSite\",\"@id\":\"https:\\\/\\\/lcpark.com\\\/es\\\/#website\",\"url\":\"https:\\\/\\\/lcpark.com\\\/es\\\/\",\"name\":\"Lisbon Central Park Hotel Suites & Studios\",\"description\":\"Lisbon Central Park - Staging website description\",\"publisher\":{\"@id\":\"https:\\\/\\\/lcpark.com\\\/es\\\/#organization\"},\"potentialAction\":[{\"@type\":\"SearchAction\",\"target\":{\"@type\":\"EntryPoint\",\"urlTemplate\":\"https:\\\/\\\/lcpark.com\\\/es\\\/?s={search_term_string}\"},\"query-input\":{\"@type\":\"PropertyValueSpecification\",\"valueRequired\":true,\"valueName\":\"search_term_string\"}}],\"inLanguage\":\"es\"},{\"@type\":\"Organization\",\"@id\":\"https:\\\/\\\/lcpark.com\\\/es\\\/#organization\",\"name\":\"Lisbon Central Park Hotel Suites & Studios\",\"alternateName\":\"Lisbon Central Park Hotel\",\"url\":\"https:\\\/\\\/lcpark.com\\\/es\\\/\",\"logo\":{\"@type\":\"ImageObject\",\"inLanguage\":\"es\",\"@id\":\"https:\\\/\\\/lcpark.com\\\/es\\\/#\\\/schema\\\/logo\\\/image\\\/\",\"url\":\"https:\\\/\\\/lcpark.com\\\/wp-content\\\/uploads\\\/2024\\\/04\\\/Lisboa-Central-Park-Favicon-Logo-Circle-Transparent.webp\",\"contentUrl\":\"https:\\\/\\\/lcpark.com\\\/wp-content\\\/uploads\\\/2024\\\/04\\\/Lisboa-Central-Park-Favicon-Logo-Circle-Transparent.webp\",\"width\":834,\"height\":834,\"caption\":\"Lisbon Central Park Hotel Suites & Studios\"},\"image\":{\"@id\":\"https:\\\/\\\/lcpark.com\\\/es\\\/#\\\/schema\\\/logo\\\/image\\\/\"},\"sameAs\":[\"https:\\\/\\\/www.facebook.com\\\/people\\\/Lisboa-Central-Park-Hotel\\\/100057055796565\\\/\",\"https:\\\/\\\/www.instagram.com\\\/lisboacentralpark\\\/\"]}]}<\/script>\n<!-- \/ Yoast SEO plugin. -->","yoast_head_json":{"title":"Oferta de paquete familiar | Lisboa Central Park Hotel","description":"Reserva nuestra oferta familiar y disfruta de desayuno gratis y un 15 % de descuento sobre nuestra mejor tarifa disponible. Reservar ahora","robots":{"index":"index","follow":"follow","max-snippet":"max-snippet:-1","max-image-preview":"max-image-preview:large","max-video-preview":"max-video-preview:-1"},"canonical":"https:\/\/lcpark.com\/es\/ofertas\/paquete-familiar\/","og_locale":"es_ES","og_type":"article","og_title":"Oferta de paquete familiar | Lisboa Central Park Hotel","og_description":"Reserva nuestra oferta familiar y disfruta de desayuno gratis y un 15 % de descuento sobre nuestra mejor tarifa disponible. Reservar ahora","og_url":"https:\/\/lcpark.com\/es\/ofertas\/paquete-familiar\/","og_site_name":"Lisboa Central Park Hotel Suites &amp; Studios, Lisbon Portugal","article_publisher":"https:\/\/www.facebook.com\/people\/Lisboa-Central-Park-Hotel\/100057055796565\/","article_modified_time":"2026-04-17T16:37:45+00:00","og_image":[{"width":2309,"height":1299,"url":"https:\/\/lcpark.com\/wp-content\/uploads\/2026\/03\/Family-Hotel-Lisbon.webp","type":"image\/webp"}],"twitter_card":"summary_large_image","twitter_misc":{"Tiempo de lectura":"2 minutos"},"schema":{"@context":"https:\/\/schema.org","@graph":[{"@type":"WebPage","@id":"https:\/\/lcpark.com\/es\/ofertas\/paquete-familiar\/","url":"https:\/\/lcpark.com\/es\/ofertas\/paquete-familiar\/","name":"Oferta de paquete familiar | Lisboa Central Park Hotel","isPartOf":{"@id":"https:\/\/lcpark.com\/es\/#website"},"primaryImageOfPage":{"@id":"https:\/\/lcpark.com\/es\/ofertas\/paquete-familiar\/#primaryimage"},"image":{"@id":"https:\/\/lcpark.com\/es\/ofertas\/paquete-familiar\/#primaryimage"},"thumbnailUrl":"https:\/\/lcpark.com\/wp-content\/uploads\/2026\/03\/Family-Hotel-Lisbon.webp","datePublished":"2026-04-14T23:09:19+00:00","dateModified":"2026-04-17T16:37:45+00:00","description":"Reserva nuestra oferta familiar y disfruta de desayuno gratis y un 15 % de descuento sobre nuestra mejor tarifa disponible. Reservar ahora","breadcrumb":{"@id":"https:\/\/lcpark.com\/es\/ofertas\/paquete-familiar\/#breadcrumb"},"inLanguage":"es","potentialAction":[{"@type":"ReadAction","target":["https:\/\/lcpark.com\/es\/ofertas\/paquete-familiar\/"]}]},{"@type":"ImageObject","inLanguage":"es","@id":"https:\/\/lcpark.com\/es\/ofertas\/paquete-familiar\/#primaryimage","url":"https:\/\/lcpark.com\/wp-content\/uploads\/2026\/03\/Family-Hotel-Lisbon.webp","contentUrl":"https:\/\/lcpark.com\/wp-content\/uploads\/2026\/03\/Family-Hotel-Lisbon.webp","width":2309,"height":1299,"caption":"Family Hotel Lisbon, Family Suites"},{"@type":"BreadcrumbList","@id":"https:\/\/lcpark.com\/es\/ofertas\/paquete-familiar\/#breadcrumb","itemListElement":[{"@type":"ListItem","position":1,"name":"Home","item":"https:\/\/lcpark.com\/es\/"},{"@type":"ListItem","position":2,"name":"Ofertas","item":"https:\/\/lcpark.com\/es\/ofertas\/"},{"@type":"ListItem","position":3,"name":"Paquete Familiar"}]},{"@type":"WebSite","@id":"https:\/\/lcpark.com\/es\/#website","url":"https:\/\/lcpark.com\/es\/","name":"Lisbon Central Park Hotel Suites & Studios","description":"Lisbon Central Park - Staging website description","publisher":{"@id":"https:\/\/lcpark.com\/es\/#organization"},"potentialAction":[{"@type":"SearchAction","target":{"@type":"EntryPoint","urlTemplate":"https:\/\/lcpark.com\/es\/?s={search_term_string}"},"query-input":{"@type":"PropertyValueSpecification","valueRequired":true,"valueName":"search_term_string"}}],"inLanguage":"es"},{"@type":"Organization","@id":"https:\/\/lcpark.com\/es\/#organization","name":"Lisbon Central Park Hotel Suites & Studios","alternateName":"Lisbon Central Park Hotel","url":"https:\/\/lcpark.com\/es\/","logo":{"@type":"ImageObject","inLanguage":"es","@id":"https:\/\/lcpark.com\/es\/#\/schema\/logo\/image\/","url":"https:\/\/lcpark.com\/wp-content\/uploads\/2024\/04\/Lisboa-Central-Park-Favicon-Logo-Circle-Transparent.webp","contentUrl":"https:\/\/lcpark.com\/wp-content\/uploads\/2024\/04\/Lisboa-Central-Park-Favicon-Logo-Circle-Transparent.webp","width":834,"height":834,"caption":"Lisbon Central Park Hotel Suites & Studios"},"image":{"@id":"https:\/\/lcpark.com\/es\/#\/schema\/logo\/image\/"},"sameAs":["https:\/\/www.facebook.com\/people\/Lisboa-Central-Park-Hotel\/100057055796565\/","https:\/\/www.instagram.com\/lisboacentralpark\/"]}]}},"_links":{"self":[{"href":"https:\/\/lcpark.com\/es\/wp-json\/wp\/v2\/pages\/3275","targetHints":{"allow":["GET"]}}],"collection":[{"href":"https:\/\/lcpark.com\/es\/wp-json\/wp\/v2\/pages"}],"about":[{"href":"https:\/\/lcpark.com\/es\/wp-json\/wp\/v2\/types\/page"}],"author":[{"embeddable":true,"href":"https:\/\/lcpark.com\/es\/wp-json\/wp\/v2\/users\/2"}],"replies":[{"embeddable":true,"href":"https:\/\/lcpark.com\/es\/wp-json\/wp\/v2\/comments?post=3275"}],"version-history":[{"count":6,"href":"https:\/\/lcpark.com\/es\/wp-json\/wp\/v2\/pages\/3275\/revisions"}],"predecessor-version":[{"id":3281,"href":"https:\/\/lcpark.com\/es\/wp-json\/wp\/v2\/pages\/3275\/revisions\/3281"}],"up":[{"embeddable":true,"href":"https:\/\/lcpark.com\/es\/wp-json\/wp\/v2\/pages\/2192"}],"wp:featuredmedia":[{"embeddable":true,"href":"https:\/\/lcpark.com\/es\/wp-json\/wp\/v2\/media\/3138"}],"wp:attachment":[{"href":"https:\/\/lcpark.com\/es\/wp-json\/wp\/v2\/media?parent=3275"}],"curies":[{"name":"wp","href":"https:\/\/api.w.org\/{rel}","templated":true}]}}