{"id":1742,"date":"2024-04-14T13:32:31","date_gmt":"2024-04-14T13:32:31","guid":{"rendered":"https:\/\/lcpark.com\/politica-de-privacidade-e-cookies-2\/"},"modified":"2024-04-14T14:11:11","modified_gmt":"2024-04-14T14:11:11","slug":"politica-de-privacidade-e-cookies","status":"publish","type":"page","link":"https:\/\/lcpark.com\/pt-pt\/politica-de-privacidade-e-cookies\/","title":{"rendered":"Pol\u00edtica de Privacidade e Cookies"},"content":{"rendered":"<section class=\"l-section wpb_row height_medium\"><div class=\"l-section-h i-cf\"><div class=\"g-cols vc_row via_grid cols_1 laptops-cols_inherit tablets-cols_inherit mobiles-cols_1 valign_top type_default stacking_default\"><div class=\"wpb_column vc_column_container\"><div class=\"vc_column-inner\"><div class=\"w-separator size_large\"><\/div><div class=\"wpb_text_column\"><div class=\"wpb_wrapper\"><h1 style=\"text-align: center;\">POL\u00cdTICA DE PRIVACIDADE E COOKIES<\/h1>\n<\/div><\/div><\/div><\/div><\/div><\/div><\/section><section class=\"l-section wpb_row height_auto\"><div class=\"l-section-h i-cf\"><div class=\"g-cols vc_row via_grid cols_1 laptops-cols_inherit tablets-cols_inherit mobiles-cols_1 valign_top type_default stacking_default\"><div class=\"wpb_column vc_column_container\"><div class=\"vc_column-inner\"><div class=\"w-separator size_small\"><\/div><div class=\"wpb_text_column\"><div class=\"wpb_wrapper\"><h3 style=\"text-align: center;\">Prote\u00e7\u00e3o de Dados<\/h3>\n<p style=\"text-align: center;\">Como consequ\u00eancia da navega\u00e7\u00e3o no site e do preenchimento dos formul\u00e1rios do site, o utilizador aceita que os dados pessoais por ele submetidos ou que a submeter no futuro atrav\u00e9s do referido servi\u00e7o, s\u00e3o objeto de tratamento em arquivos de dados pessoais do estabelecimento, incluindo a recolha de dados de acesso e a utiliza\u00e7\u00e3o de cookies e fun\u00e7\u00f5es proporcionadas por terceiros.<\/p>\n<\/div><\/div><div class=\"w-separator size_medium\"><\/div><\/div><\/div><\/div><\/div><\/section><section class=\"l-section wpb_row height_auto\"><div class=\"l-section-h i-cf\"><div class=\"g-cols vc_row via_grid cols_1 laptops-cols_inherit tablets-cols_inherit mobiles-cols_1 valign_top type_default stacking_default\"><div class=\"wpb_column vc_column_container\"><div class=\"vc_column-inner\"><div class=\"wpb_text_column\"><div class=\"wpb_wrapper\"><h3 style=\"text-align: center;\">Finalidade do tratamento, base legal e destinat\u00e1rios da informa\u00e7\u00e3o<\/h3>\n<p style=\"text-align: center;\">Permitir o funcionamento do site e proporcionar o acesso \u00e0s \u00e1reas destinadas a utilizadores registados<\/p>\n<p style=\"text-align: center;\">Registar e responder \u00e0s solicita\u00e7\u00f5es realizadas pelos utilizadores atrav\u00e9s dos formul\u00e1rios do site (contacto, etc)<\/p>\n<p style=\"text-align: center;\">A presta\u00e7\u00e3o e administra\u00e7\u00e3o dos servi\u00e7os, a tramita\u00e7\u00e3o de reservas e a cobran\u00e7a de produtos e servi\u00e7os<\/p>\n<p style=\"text-align: center;\">Elaborar an\u00e1lises do site e estat\u00edsticas<\/p>\n<p style=\"text-align: center;\">Incluir fun\u00e7\u00f5es oferecidas por terceiros (Google Maps, etc)<\/p>\n<\/div><\/div><div class=\"w-separator size_medium\"><\/div><\/div><\/div><\/div><\/div><\/section><section class=\"l-section wpb_row height_auto\"><div class=\"l-section-h i-cf\"><div class=\"g-cols vc_row via_grid cols_1 laptops-cols_inherit tablets-cols_inherit mobiles-cols_1 valign_top type_default stacking_default\"><div class=\"wpb_column vc_column_container\"><div class=\"vc_column-inner\"><div class=\"wpb_text_column\"><div class=\"wpb_wrapper\"><h3 style=\"text-align: center;\">Navega\u00e7\u00e3o no site e acesso a \u00e1reas para utilizadores registados<\/h3>\n<p style=\"text-align: center;\">Finalidade: s\u00e3o tratados os dados necess\u00e1rios para a presta\u00e7\u00e3o dos servi\u00e7os online, incluindo o registo de endere\u00e7os IP, p\u00e1ginas visitadas e data de acesso, bem como informa\u00e7\u00e3o sobre o terminal do utilizador. Os dados tamb\u00e9m s\u00e3o tratados para efeitos de seguran\u00e7a e de melhoria do site.<\/p>\n<p style=\"text-align: center;\">Legitima\u00e7\u00e3o: o tratamento dos dados \u00e9 necess\u00e1rio para a presta\u00e7\u00e3o dos servi\u00e7os online; consentimento, expresso atrav\u00e9s da utiliza\u00e7\u00e3o do site<\/p>\n<p style=\"text-align: center;\">Destinat\u00e1rios e transfer\u00eancias: estabelecimento, empresas de hospedagem na web<\/p>\n<\/div><\/div><div class=\"w-separator size_medium\"><\/div><\/div><\/div><\/div><\/div><\/section><section class=\"l-section wpb_row height_auto\"><div class=\"l-section-h i-cf\"><div class=\"g-cols vc_row via_grid cols_1 laptops-cols_inherit tablets-cols_inherit mobiles-cols_1 valign_top type_default stacking_default\"><div class=\"wpb_column vc_column_container\"><div class=\"vc_column-inner\"><div class=\"wpb_text_column\"><div class=\"wpb_wrapper\"><h3 style=\"text-align: center;\">Utiliza\u00e7\u00e3o dos formul\u00e1rios do site<\/h3>\n<p style=\"text-align: center;\">Finalidade: responder aos pedidos realizados atrav\u00e9s dos formul\u00e1rios do site.<\/p>\n<p style=\"text-align: center;\">Legitima\u00e7\u00e3o: consentimento expresso ao utilizar e enviar o formul\u00e1rio.<\/p>\n<p style=\"text-align: center;\">Destinat\u00e1rios e transfer\u00eancias: estabelecimento e empresas envolvidas na presta\u00e7\u00e3o dos servi\u00e7os solicitados<\/p>\n<\/div><\/div><div class=\"w-separator size_medium\"><\/div><\/div><\/div><\/div><\/div><\/section><section class=\"l-section wpb_row height_auto\"><div class=\"l-section-h i-cf\"><div class=\"g-cols vc_row via_grid cols_1 laptops-cols_inherit tablets-cols_inherit mobiles-cols_1 valign_top type_default stacking_default\"><div class=\"wpb_column vc_column_container\"><div class=\"vc_column-inner\"><div class=\"wpb_text_column\"><div class=\"wpb_wrapper\"><h3 style=\"text-align: center;\">Presta\u00e7\u00e3o de servi\u00e7os<\/h3>\n<p style=\"text-align: center;\">Finalidade: prestar os servi\u00e7os, incluindo gest\u00e3o de reservas hoteleiras e pagamento. Enviar informa\u00e7\u00e3o por email sobre os servi\u00e7os. Realiza\u00e7\u00e3o de inqu\u00e9ritos de qualidade<\/p>\n<p style=\"text-align: center;\">Legitima\u00e7\u00e3o: execu\u00e7\u00e3o do contrato ou presta\u00e7\u00e3o do servi\u00e7o.<\/p>\n<p style=\"text-align: center;\">Destinat\u00e1rios e transfer\u00eancias: estabelecimento e empresas envolvidas na presta\u00e7\u00e3o dos servi\u00e7os solicitados<\/p>\n<\/div><\/div><div class=\"w-separator size_medium\"><\/div><\/div><\/div><\/div><\/div><\/section><section class=\"l-section wpb_row height_auto\"><div class=\"l-section-h i-cf\"><div class=\"g-cols vc_row via_grid cols_1 laptops-cols_inherit tablets-cols_inherit mobiles-cols_1 valign_top type_default stacking_default\"><div class=\"wpb_column vc_column_container\"><div class=\"vc_column-inner\"><div class=\"wpb_text_column\"><div class=\"wpb_wrapper\"><h3 style=\"text-align: center;\">An\u00e1lises Web<\/h3>\n<p style=\"text-align: center;\">Finalidade: conhecer a maneira em que o site \u00e9 procurado, acedido e utilizado pelo p\u00fablico. Podem implicar a cole\u00e7\u00e3o de dados pessoais, como por exemplo o endere\u00e7o IP, a localiza\u00e7\u00e3o da conex\u00e3o, a informa\u00e7\u00e3o sobre o software ou hardware de navega\u00e7\u00e3o, etc.<\/p>\n<p style=\"text-align: center;\">Legitima\u00e7\u00e3o: consentimento, expresso atrav\u00e9s da utiliza\u00e7\u00e3o do site<\/p>\n<p style=\"text-align: center;\">Destinat\u00e1rios e transfer\u00eancias: estabelecimento<\/p>\n<\/div><\/div><div class=\"w-separator size_medium\"><\/div><\/div><\/div><\/div><\/div><\/section><section class=\"l-section wpb_row height_auto\"><div class=\"l-section-h i-cf\"><div class=\"g-cols vc_row via_grid cols_1 laptops-cols_inherit tablets-cols_inherit mobiles-cols_1 valign_top type_default stacking_default\"><div class=\"wpb_column vc_column_container\"><div class=\"vc_column-inner\"><div class=\"wpb_text_column\"><div class=\"wpb_wrapper\"><h3 style=\"text-align: center;\">Fun\u00e7\u00f5es submetidas por terceiros<\/h3>\n<p style=\"text-align: center;\">Finalidade: inclui fun\u00e7\u00f5es proporcionadas por terceiros, como mapas, anal\u00edticas, bot\u00f5es sociais, widget de chat Zendesk, etc<\/p>\n<p style=\"text-align: center;\">Legitima\u00e7\u00e3o: consentimento, expresso atrav\u00e9s da utiliza\u00e7\u00e3o do site<\/p>\n<p style=\"text-align: center;\">Destinat\u00e1rios e transfer\u00eancias: As fun\u00e7\u00f5es de terceiros estabelecem uma liga\u00e7\u00e3o direta entre o navegador do utilizador e os dom\u00ednios de Internet de terceiros, permitindo descarregar e executar a funcionalidade, inclusive desde p\u00e1ginas fora do Espa\u00e7o Econ\u00f3mico Europeu.<\/p>\n<p style=\"text-align: center;\">Este site integra fun\u00e7\u00f5es da Google Inc, como Google Analytics e Google Maps. Este site integra fun\u00e7\u00f5es da Google Inc, como Google Analytics e Google Maps. Ao utilizar este site, o utilizador autoriza o tratamento dos seus dados pelo Google, consoante o estabelecido na sua pol\u00edtica de privacidade: https:\/\/policies.google.com\/privacy<\/p>\n<\/div><\/div><div class=\"w-separator size_medium\"><\/div><\/div><\/div><\/div><\/div><\/section><section class=\"l-section wpb_row height_auto\"><div class=\"l-section-h i-cf\"><div class=\"g-cols vc_row via_grid cols_1 laptops-cols_inherit tablets-cols_inherit mobiles-cols_1 valign_top type_default stacking_default\"><div class=\"wpb_column vc_column_container\"><div class=\"vc_column-inner\"><div class=\"wpb_text_column\"><div class=\"wpb_wrapper\"><h3 style=\"text-align: center;\">Veracidade dos dados<\/h3>\n<p style=\"text-align: center;\">O utilizador deve preencher os formul\u00e1rios com dados verdadeiros, exatos, completos e atualizados. O utilizador n\u00e3o de inserir dados de terceiros; presumir-se-\u00e1 que os dados foram fornecidos pelo seu propriet\u00e1rio. O utilizador ser\u00e1 o \u00fanico respons\u00e1vel por qualquer dano ou preju\u00edzo, direto ou indireto, que possa ser causado a qualquer pessoa por causa do preenchimento do formul\u00e1rio com dados relativos a terceiros.<\/p>\n<\/div><\/div><div class=\"w-separator size_medium\"><\/div><\/div><\/div><\/div><\/div><\/section><section class=\"l-section wpb_row height_auto\"><div class=\"l-section-h i-cf\"><div class=\"g-cols vc_row via_grid cols_1 laptops-cols_inherit tablets-cols_inherit mobiles-cols_1 valign_top type_default stacking_default\"><div class=\"wpb_column vc_column_container\"><div class=\"vc_column-inner\"><div class=\"wpb_text_column\"><div class=\"wpb_wrapper\"><h3 style=\"text-align: center;\">Direitos de acesso, retifica\u00e7\u00e3o, supress\u00e3o, oposi\u00e7\u00e3o, e outros.<\/h3>\n<p style=\"text-align: center;\">O titular dos dados tem, a qualquer momento, o direito de aceder, retificar, e apagar os dados que o concernem, bem como opor-se ao tratamento dos respetivos dados, nos termos recolhidos na legisla\u00e7\u00e3o de prote\u00e7\u00e3o de dados. Tamb\u00e9m tem direito a solicitar: a portabilidade dos seus dados, a revoga\u00e7\u00e3o do consentimento prestado, no seu caso. e a limita\u00e7\u00e3o do tratamento.<\/p>\n<p style=\"text-align: center;\">O propriet\u00e1rio dos dados pode exercer esses direitos escrevendo por correio para o estabelecimento.<\/p>\n<p style=\"text-align: center;\">O requerente deve incluir este pedido de comunica\u00e7\u00e3o assinado indicando a a\u00e7\u00e3o solicitada e uma fotoc\u00f3pia da identifica\u00e7\u00e3o ou passaporte.<br \/>\nO dono dos dados tamb\u00e9m pode se opor \u00e0 recep\u00e7\u00e3o de e-mails comerciais, para isso basta que o solicite por meio de um e-mail enviado do endere\u00e7o que deseja desinscrever e direcionar ao estabelecimento.<\/p>\n<p style=\"text-align: center;\">O titular dos dados, se considera que o tratamento dos seus dados infringe a legisla\u00e7\u00e3o de prote\u00e7\u00e3o de dados, pode apresentar uma queixa \u00e0s autoridades de controlo de prote\u00e7\u00e3o de dados.<\/p>\n<\/div><\/div><div class=\"w-separator size_medium\"><\/div><\/div><\/div><\/div><\/div><\/section><section class=\"l-section wpb_row height_auto\"><div class=\"l-section-h i-cf\"><div class=\"g-cols vc_row via_grid cols_1 laptops-cols_inherit tablets-cols_inherit mobiles-cols_1 valign_top type_default stacking_default\"><div class=\"wpb_column vc_column_container\"><div class=\"vc_column-inner\"><div class=\"wpb_text_column\"><div class=\"wpb_wrapper\"><h3 style=\"text-align: center;\">Menores de idade<\/h3>\n<p style=\"text-align: center;\">\u00c9 proibida a utiliza\u00e7\u00e3o dos servi\u00e7os do site a pessoas menores de 18 anos.<\/p>\n<\/div><\/div><div class=\"w-separator size_medium\"><\/div><\/div><\/div><\/div><\/div><\/section><section class=\"l-section wpb_row height_auto\"><div class=\"l-section-h i-cf\"><div class=\"g-cols vc_row via_grid cols_1 laptops-cols_inherit tablets-cols_inherit mobiles-cols_1 valign_top type_default stacking_default\"><div class=\"wpb_column vc_column_container\"><div class=\"vc_column-inner\"><div class=\"wpb_text_column\"><div class=\"wpb_wrapper\"><h3 style=\"text-align: center;\">Seguran\u00e7a dos dados<\/h3>\n<p style=\"text-align: center;\">Este site tem uma das tecnologias mais seguras em termos de prote\u00e7\u00e3o de dados do seu cart\u00e3o de cr\u00e9dito. Ele tamb\u00e9m est\u00e1 em conformidade com todos os padr\u00f5es internacionais que legislam o assunto. Todas as se\u00e7\u00f5es em que solicitamos informa\u00e7\u00f5es confidenciais usam o protocolo de comunica\u00e7\u00e3o SSL. Isto quer dizer que a informa\u00e7\u00e3o que viaja atrav\u00e9s da Internet do seu computador at\u00e9 ao nosso servidor \u00e9 codificada, tornando-se indecifr\u00e1vel a qualquer pessoa alheia. Esta tecnologia assegura e garante que os seus dados n\u00e3o podem ser intercetados, manipulados ou suplantados, de forma alguma. Desta forma o pagamento atrav\u00e9s da Internet \u00e9, hoje em dia, t\u00e3o seguro como a compra direta.<\/p>\n<\/div><\/div><div class=\"w-separator size_medium\"><\/div><\/div><\/div><\/div><\/div><\/section><section class=\"l-section wpb_row height_auto\"><div class=\"l-section-h i-cf\"><div class=\"g-cols vc_row via_grid cols_1 laptops-cols_inherit tablets-cols_inherit mobiles-cols_1 valign_top type_default stacking_default\"><div class=\"wpb_column vc_column_container\"><div class=\"vc_column-inner\"><div class=\"wpb_text_column\"><div class=\"wpb_wrapper\"><h3 style=\"text-align: center;\">O que significa SSL?<\/h3>\n<p style=\"text-align: center;\">O SSL (Secure Socket Layer) \u00e9 uma tecnologia standard de seguran\u00e7a na Internet. Aplica um sistema de encripta\u00e7\u00e3o (codifica\u00e7\u00e3o) que proporciona a m\u00e1xima confidencialidade dos dados que nos transmitem. Assim se impede a entrada il\u00edcita ou interce\u00e7\u00e3o num sistema enquanto os dados circulam pela Internet. Para maior seguran\u00e7a, estes dados s\u00e3o armazenados num servidor seguro protegido por uma \u201cfirewall\u201d em cont\u00ednua vigil\u00e2ncia.<\/p>\n<\/div><\/div><div class=\"w-separator size_medium\"><\/div><\/div><\/div><\/div><\/div><\/section>\n","protected":false},"excerpt":{"rendered":"POL\u00cdTICA DE PRIVACIDADE E COOKIES Prote\u00e7\u00e3o de Dados Como consequ\u00eancia da navega\u00e7\u00e3o no site e do preenchimento dos formul\u00e1rios do site, o utilizador aceita que os dados pessoais por ele submetidos ou que a submeter no futuro atrav\u00e9s do referido servi\u00e7o, s\u00e3o objeto de tratamento em arquivos de dados pessoais do estabelecimento, incluindo a recolha...","protected":false},"author":2,"featured_media":0,"parent":0,"menu_order":0,"comment_status":"closed","ping_status":"closed","template":"","meta":{"footnotes":""},"class_list":["post-1742","page","type-page","status-publish","hentry"],"yoast_head":"<!-- This site is optimized with the Yoast SEO plugin v27.4 - https:\/\/yoast.com\/product\/yoast-seo-wordpress\/ -->\n<title>Pol\u00edtica de Privacidade e Cookies | Lisboa Central Park Hotel<\/title>\n<meta name=\"description\" content=\"Pol\u00edtica de Privacidade O Lisboa Central Park Hotel Suites &amp; Studios \u00e9 um city hotel situado em frente ao Parque Eduardo VII e ao Marqu\u00eas de Pombal.\" \/>\n<meta name=\"robots\" content=\"index, follow, max-snippet:-1, max-image-preview:large, max-video-preview:-1\" \/>\n<link rel=\"canonical\" href=\"https:\/\/lcpark.com\/pt-pt\/politica-de-privacidade-e-cookies\/\" \/>\n<meta property=\"og:locale\" content=\"pt_PT\" \/>\n<meta property=\"og:type\" content=\"article\" \/>\n<meta property=\"og:title\" content=\"Pol\u00edtica de Privacidade e Cookies | Lisboa Central Park Hotel\" \/>\n<meta property=\"og:description\" content=\"Pol\u00edtica de Privacidade O Lisboa Central Park Hotel Suites &amp; Studios \u00e9 um city hotel situado em frente ao Parque Eduardo VII e ao Marqu\u00eas de Pombal.\" \/>\n<meta property=\"og:url\" content=\"https:\/\/lcpark.com\/pt-pt\/politica-de-privacidade-e-cookies\/\" \/>\n<meta property=\"og:site_name\" content=\"Lisboa Central Park Hotel Suites &amp; Studios, Lisbon Portugal\" \/>\n<meta property=\"article:publisher\" content=\"https:\/\/www.facebook.com\/people\/Lisboa-Central-Park-Hotel\/100057055796565\/\" \/>\n<meta property=\"article:modified_time\" content=\"2024-04-14T14:11:11+00:00\" \/>\n<meta name=\"twitter:card\" content=\"summary_large_image\" \/>\n<meta name=\"twitter:label1\" content=\"Tempo estimado de leitura\" \/>\n\t<meta name=\"twitter:data1\" content=\"5 minutos\" \/>\n<script type=\"application\/ld+json\" class=\"yoast-schema-graph\">{\"@context\":\"https:\\\/\\\/schema.org\",\"@graph\":[{\"@type\":\"WebPage\",\"@id\":\"https:\\\/\\\/lcpark.com\\\/pt-pt\\\/politica-de-privacidade-e-cookies\\\/\",\"url\":\"https:\\\/\\\/lcpark.com\\\/pt-pt\\\/politica-de-privacidade-e-cookies\\\/\",\"name\":\"Pol\u00edtica de Privacidade e Cookies | Lisboa Central Park Hotel\",\"isPartOf\":{\"@id\":\"https:\\\/\\\/lcpark.com\\\/pt-pt\\\/#website\"},\"datePublished\":\"2024-04-14T13:32:31+00:00\",\"dateModified\":\"2024-04-14T14:11:11+00:00\",\"description\":\"Pol\u00edtica de Privacidade O Lisboa Central Park Hotel Suites & Studios \u00e9 um city hotel situado em frente ao Parque Eduardo VII e ao Marqu\u00eas de Pombal.\",\"breadcrumb\":{\"@id\":\"https:\\\/\\\/lcpark.com\\\/pt-pt\\\/politica-de-privacidade-e-cookies\\\/#breadcrumb\"},\"inLanguage\":\"pt-PT\",\"potentialAction\":[{\"@type\":\"ReadAction\",\"target\":[\"https:\\\/\\\/lcpark.com\\\/pt-pt\\\/politica-de-privacidade-e-cookies\\\/\"]}]},{\"@type\":\"BreadcrumbList\",\"@id\":\"https:\\\/\\\/lcpark.com\\\/pt-pt\\\/politica-de-privacidade-e-cookies\\\/#breadcrumb\",\"itemListElement\":[{\"@type\":\"ListItem\",\"position\":1,\"name\":\"Home\",\"item\":\"https:\\\/\\\/lcpark.com\\\/pt-pt\\\/\"},{\"@type\":\"ListItem\",\"position\":2,\"name\":\"Pol\u00edtica de Privacidade e Cookies\"}]},{\"@type\":\"WebSite\",\"@id\":\"https:\\\/\\\/lcpark.com\\\/pt-pt\\\/#website\",\"url\":\"https:\\\/\\\/lcpark.com\\\/pt-pt\\\/\",\"name\":\"Lisbon Central Park Hotel Suites & Studios\",\"description\":\"Lisbon Central Park - Staging website description\",\"publisher\":{\"@id\":\"https:\\\/\\\/lcpark.com\\\/pt-pt\\\/#organization\"},\"potentialAction\":[{\"@type\":\"SearchAction\",\"target\":{\"@type\":\"EntryPoint\",\"urlTemplate\":\"https:\\\/\\\/lcpark.com\\\/pt-pt\\\/?s={search_term_string}\"},\"query-input\":{\"@type\":\"PropertyValueSpecification\",\"valueRequired\":true,\"valueName\":\"search_term_string\"}}],\"inLanguage\":\"pt-PT\"},{\"@type\":\"Organization\",\"@id\":\"https:\\\/\\\/lcpark.com\\\/pt-pt\\\/#organization\",\"name\":\"Lisbon Central Park Hotel Suites & Studios\",\"alternateName\":\"Lisbon Central Park Hotel\",\"url\":\"https:\\\/\\\/lcpark.com\\\/pt-pt\\\/\",\"logo\":{\"@type\":\"ImageObject\",\"inLanguage\":\"pt-PT\",\"@id\":\"https:\\\/\\\/lcpark.com\\\/pt-pt\\\/#\\\/schema\\\/logo\\\/image\\\/\",\"url\":\"https:\\\/\\\/lcpark.com\\\/wp-content\\\/uploads\\\/2024\\\/04\\\/Lisboa-Central-Park-Favicon-Logo-Circle-Transparent.webp\",\"contentUrl\":\"https:\\\/\\\/lcpark.com\\\/wp-content\\\/uploads\\\/2024\\\/04\\\/Lisboa-Central-Park-Favicon-Logo-Circle-Transparent.webp\",\"width\":834,\"height\":834,\"caption\":\"Lisbon Central Park Hotel Suites & Studios\"},\"image\":{\"@id\":\"https:\\\/\\\/lcpark.com\\\/pt-pt\\\/#\\\/schema\\\/logo\\\/image\\\/\"},\"sameAs\":[\"https:\\\/\\\/www.facebook.com\\\/people\\\/Lisboa-Central-Park-Hotel\\\/100057055796565\\\/\",\"https:\\\/\\\/www.instagram.com\\\/lisboacentralpark\\\/\"]}]}<\/script>\n<!-- \/ Yoast SEO plugin. -->","yoast_head_json":{"title":"Pol\u00edtica de Privacidade e Cookies | Lisboa Central Park Hotel","description":"Pol\u00edtica de Privacidade O Lisboa Central Park Hotel Suites & Studios \u00e9 um city hotel situado em frente ao Parque Eduardo VII e ao Marqu\u00eas de Pombal.","robots":{"index":"index","follow":"follow","max-snippet":"max-snippet:-1","max-image-preview":"max-image-preview:large","max-video-preview":"max-video-preview:-1"},"canonical":"https:\/\/lcpark.com\/pt-pt\/politica-de-privacidade-e-cookies\/","og_locale":"pt_PT","og_type":"article","og_title":"Pol\u00edtica de Privacidade e Cookies | Lisboa Central Park Hotel","og_description":"Pol\u00edtica de Privacidade O Lisboa Central Park Hotel Suites & Studios \u00e9 um city hotel situado em frente ao Parque Eduardo VII e ao Marqu\u00eas de Pombal.","og_url":"https:\/\/lcpark.com\/pt-pt\/politica-de-privacidade-e-cookies\/","og_site_name":"Lisboa Central Park Hotel Suites &amp; Studios, Lisbon Portugal","article_publisher":"https:\/\/www.facebook.com\/people\/Lisboa-Central-Park-Hotel\/100057055796565\/","article_modified_time":"2024-04-14T14:11:11+00:00","twitter_card":"summary_large_image","twitter_misc":{"Tempo estimado de leitura":"5 minutos"},"schema":{"@context":"https:\/\/schema.org","@graph":[{"@type":"WebPage","@id":"https:\/\/lcpark.com\/pt-pt\/politica-de-privacidade-e-cookies\/","url":"https:\/\/lcpark.com\/pt-pt\/politica-de-privacidade-e-cookies\/","name":"Pol\u00edtica de Privacidade e Cookies | Lisboa Central Park Hotel","isPartOf":{"@id":"https:\/\/lcpark.com\/pt-pt\/#website"},"datePublished":"2024-04-14T13:32:31+00:00","dateModified":"2024-04-14T14:11:11+00:00","description":"Pol\u00edtica de Privacidade O Lisboa Central Park Hotel Suites & Studios \u00e9 um city hotel situado em frente ao Parque Eduardo VII e ao Marqu\u00eas de Pombal.","breadcrumb":{"@id":"https:\/\/lcpark.com\/pt-pt\/politica-de-privacidade-e-cookies\/#breadcrumb"},"inLanguage":"pt-PT","potentialAction":[{"@type":"ReadAction","target":["https:\/\/lcpark.com\/pt-pt\/politica-de-privacidade-e-cookies\/"]}]},{"@type":"BreadcrumbList","@id":"https:\/\/lcpark.com\/pt-pt\/politica-de-privacidade-e-cookies\/#breadcrumb","itemListElement":[{"@type":"ListItem","position":1,"name":"Home","item":"https:\/\/lcpark.com\/pt-pt\/"},{"@type":"ListItem","position":2,"name":"Pol\u00edtica de Privacidade e Cookies"}]},{"@type":"WebSite","@id":"https:\/\/lcpark.com\/pt-pt\/#website","url":"https:\/\/lcpark.com\/pt-pt\/","name":"Lisbon Central Park Hotel Suites & Studios","description":"Lisbon Central Park - Staging website description","publisher":{"@id":"https:\/\/lcpark.com\/pt-pt\/#organization"},"potentialAction":[{"@type":"SearchAction","target":{"@type":"EntryPoint","urlTemplate":"https:\/\/lcpark.com\/pt-pt\/?s={search_term_string}"},"query-input":{"@type":"PropertyValueSpecification","valueRequired":true,"valueName":"search_term_string"}}],"inLanguage":"pt-PT"},{"@type":"Organization","@id":"https:\/\/lcpark.com\/pt-pt\/#organization","name":"Lisbon Central Park Hotel Suites & Studios","alternateName":"Lisbon Central Park Hotel","url":"https:\/\/lcpark.com\/pt-pt\/","logo":{"@type":"ImageObject","inLanguage":"pt-PT","@id":"https:\/\/lcpark.com\/pt-pt\/#\/schema\/logo\/image\/","url":"https:\/\/lcpark.com\/wp-content\/uploads\/2024\/04\/Lisboa-Central-Park-Favicon-Logo-Circle-Transparent.webp","contentUrl":"https:\/\/lcpark.com\/wp-content\/uploads\/2024\/04\/Lisboa-Central-Park-Favicon-Logo-Circle-Transparent.webp","width":834,"height":834,"caption":"Lisbon Central Park Hotel Suites & Studios"},"image":{"@id":"https:\/\/lcpark.com\/pt-pt\/#\/schema\/logo\/image\/"},"sameAs":["https:\/\/www.facebook.com\/people\/Lisboa-Central-Park-Hotel\/100057055796565\/","https:\/\/www.instagram.com\/lisboacentralpark\/"]}]}},"_links":{"self":[{"href":"https:\/\/lcpark.com\/pt-pt\/wp-json\/wp\/v2\/pages\/1742","targetHints":{"allow":["GET"]}}],"collection":[{"href":"https:\/\/lcpark.com\/pt-pt\/wp-json\/wp\/v2\/pages"}],"about":[{"href":"https:\/\/lcpark.com\/pt-pt\/wp-json\/wp\/v2\/types\/page"}],"author":[{"embeddable":true,"href":"https:\/\/lcpark.com\/pt-pt\/wp-json\/wp\/v2\/users\/2"}],"replies":[{"embeddable":true,"href":"https:\/\/lcpark.com\/pt-pt\/wp-json\/wp\/v2\/comments?post=1742"}],"version-history":[{"count":3,"href":"https:\/\/lcpark.com\/pt-pt\/wp-json\/wp\/v2\/pages\/1742\/revisions"}],"predecessor-version":[{"id":1745,"href":"https:\/\/lcpark.com\/pt-pt\/wp-json\/wp\/v2\/pages\/1742\/revisions\/1745"}],"wp:attachment":[{"href":"https:\/\/lcpark.com\/pt-pt\/wp-json\/wp\/v2\/media?parent=1742"}],"curies":[{"name":"wp","href":"https:\/\/api.w.org\/{rel}","templated":true}]}}