{"id":1749,"date":"2024-04-06T17:44:34","date_gmt":"2024-04-06T17:44:34","guid":{"rendered":"https:\/\/lcpark.com\/vantagens-de-reservar-directamente-aqui\/"},"modified":"2024-04-18T07:00:33","modified_gmt":"2024-04-18T07:00:33","slug":"vantagens-de-reservar-directamente-aqui","status":"publish","type":"page","link":"https:\/\/lcpark.com\/pt-pt\/vantagens-de-reservar-directamente-aqui\/","title":{"rendered":"Vantagens de reservar directamente aqui"},"content":{"rendered":"<section class=\"l-section wpb_row height_auto width_full with_img parallax_ver parallax_xpos_left\"><div class=\"l-section-img\" role=\"img\" aria-label=\"Imagem\" data-img-width=\"1920\" data-img-height=\"1080\" style=\"background-image: url(https:\/\/lcpark.com\/wp-content\/uploads\/2024\/04\/Lisboa-Central-Park-Book-Direct-Exclusive-Advantages.webp);background-position: top left;background-repeat: no-repeat;\"><\/div><div class=\"l-section-overlay\" style=\"background:rgba(0,0,0,0.40)\"><\/div><div class=\"l-section-h i-cf\"><div class=\"g-cols vc_row via_grid cols_1-4-1 laptops-cols_inherit tablets-cols_inherit mobiles-cols_1 valign_top type_default stacking_default\"><div class=\"wpb_column vc_column_container\"><div class=\"vc_column-inner\"><\/div><\/div><div class=\"wpb_column vc_column_container\"><div class=\"vc_column-inner\"><div class=\"w-separator size_custom\" style=\"height:360px\" id=\"mf36\"><style>@media(max-width:1024px){ #mf36{height:300px!important}}@media(max-width:600px){ #mf36{height:260px!important}}<\/style><\/div><div class=\"wpb_text_column us_custom_13015197\"><div class=\"wpb_wrapper\"><h1 style=\"text-align: center;\"><span style=\"color: #d9c39a;\">VANTAGENS EXCLUSIVAS POR RESERVAR AQUI<\/span><\/h1>\n<\/div><\/div><div class=\"w-separator size_custom\" style=\"height:10px\"><\/div><div class=\"wpb_text_column us_custom_13015197\"><div class=\"wpb_wrapper\"><p style=\"text-align: center;\"><span style=\"color: #d9c39a;\">Garantir\u00e1 sempre o melhor pre\u00e7o reservando online neste site ou falando com um dos membros da nossa equipa de reservas.<br \/>\n<\/span><\/p>\n<\/div><\/div><div class=\"w-separator size_custom\" style=\"height:360px\" id=\"z744\"><style>@media(max-width:1024px){ #z744{height:300px!important}}@media(max-width:600px){ #z744{height:260px!important}}<\/style><\/div><\/div><\/div><div class=\"wpb_column vc_column_container\"><div class=\"vc_column-inner\"><\/div><\/div><\/div><\/div><\/section><section class=\"l-section wpb_row height_small\"><div class=\"l-section-h i-cf\"><div class=\"g-cols vc_row via_grid cols_1-4-1 laptops-cols_inherit tablets-cols_inherit mobiles-cols_1 valign_top type_default stacking_default\"><div class=\"wpb_column vc_column_container\"><div class=\"vc_column-inner\"><\/div><\/div><div class=\"wpb_column vc_column_container\"><div class=\"vc_column-inner\"><div class=\"wpb_text_column\"><div class=\"wpb_wrapper\"><p style=\"text-align: center;\">Oferecemos uma garantia do melhor pre\u00e7o ao reservar neste website ou ao falar com um dos membros da nossa equipa de reservas, e temos tamb\u00e9m outros benef\u00edcios e ofertas exclusivas de que pode usufruir. Veja em seguida todas as raz\u00f5es pelas quais \u00e9 melhor reservar diretamente.<\/p>\n<\/div><\/div><\/div><\/div><div class=\"wpb_column vc_column_container\"><div class=\"vc_column-inner\"><\/div><\/div><\/div><\/div><\/section><section class=\"l-section wpb_row height_small\"><div class=\"l-section-h i-cf\"><div class=\"g-cols vc_row via_grid cols_2 laptops-cols_inherit tablets-cols_inherit mobiles-cols_1 valign_top type_default stacking_default\"><div class=\"wpb_column vc_column_container us_custom_afa92309 has_bg_color\"><div class=\"vc_column-inner\"><div class=\"w-iconbox iconpos_top style_default color_custom align_center\"><div class=\"w-iconbox-icon\" style=\"font-size:2rem;--icon-color:#142623;--icon-bg-color:#142623;\"><i class=\"fal fa-check-circle\"><\/i><\/div><div class=\"w-iconbox-meta\"><h3 class=\"w-iconbox-title\">Melhor Pre\u00e7o Garantido<\/h3><div class=\"w-iconbox-text\"><p style=\"text-align: center;\">Estamos empenhados em oferecer aos nossos hospedes os pre\u00e7os mais competitivos quando reservam diretamente connosco. Se encontrar um pre\u00e7o mais baixo noutro local, garantimos que o igualamos, assegurando que pode usufruir de todas as vantagens adicionais de reservar diretamente connosco.<\/p>\n<\/div><\/div><\/div><\/div><\/div><div class=\"wpb_column vc_column_container us_custom_afa92309 has_bg_color\"><div class=\"vc_column-inner\"><div class=\"w-iconbox iconpos_top style_default color_custom align_center\"><div class=\"w-iconbox-icon\" style=\"font-size:2rem;--icon-color:#142623;--icon-bg-color:#142623;\"><i class=\"fal fa-usd-circle\"><\/i><\/div><div class=\"w-iconbox-meta\"><h3 class=\"w-iconbox-title\">Packs e Ofertas Exclusivas<\/h3><div class=\"w-iconbox-text\"><p style=\"text-align: center;\">Ao reservar diretamente connosco, tem acesso a ofertas exclusivas e tarifas especiais para reservas antecipadas. Tem a flexibilidade de selecionar a tarifa e as pol\u00edticas de cancelamento que melhor se adequam \u00e0s suas prefer\u00eancias. Quer prefira uma op\u00e7\u00e3o de alojamento e pequeno-almo\u00e7o, pacotes familiares, tarifas especiais para estadias prolongadas ou ofertas de compra antecipada, a escolha \u00e9 inteiramente sua.<\/p>\n<\/div><\/div><\/div><\/div><\/div><\/div><\/div><\/section><section class=\"l-section wpb_row height_small\"><div class=\"l-section-h i-cf\"><div class=\"g-cols vc_row via_grid cols_2 laptops-cols_inherit tablets-cols_inherit mobiles-cols_1 valign_top type_default stacking_default\"><div class=\"wpb_column vc_column_container us_custom_afa92309 has_bg_color\"><div class=\"vc_column-inner\"><div class=\"w-iconbox iconpos_top style_default color_custom align_center\"><div class=\"w-iconbox-icon\" style=\"font-size:2rem;--icon-color:#142623;--icon-bg-color:#142623;\"><i class=\"fal fa-clock\"><\/i><\/div><div class=\"w-iconbox-meta\"><h3 class=\"w-iconbox-title\">Maior flexibilidade<\/h3><div class=\"w-iconbox-text\"><p>Aproveite a liberdade para adaptar os seus hor\u00e1rios no hotel aos seus planos de viagem. Quer precise de chegar mais cedo ou prolongar a sua hora de partida com um check-out descontra\u00eddo, ter\u00e1 acesso \u00e0s nossas op\u00e7\u00f5es gratuitas de check-in antecipado e check-out tardio, sujeitas a disponibilidade.<\/p>\n<\/div><\/div><\/div><\/div><\/div><div class=\"wpb_column vc_column_container us_custom_afa92309 has_bg_color\"><div class=\"vc_column-inner\"><div class=\"w-iconbox iconpos_top style_default color_custom align_center\"><div class=\"w-iconbox-icon\" style=\"font-size:2rem;--icon-color:#142623;--icon-bg-color:#142623;\"><i class=\"fal fa-arrow-to-top\"><\/i><\/div><div class=\"w-iconbox-meta\"><h3 class=\"w-iconbox-title\">Upgrade de Quarto<\/h3><div class=\"w-iconbox-text\"><p>Reserve diretamente connosco e obtenha um upgrade de quarto gratuito, sujeito a disponibilidade. Quer se trate de um quarto num piso superior ou premium amenities, o nosso objetivo \u00e9 exceder as suas expectativas.<\/p>\n<\/div><\/div><\/div><\/div><\/div><\/div><\/div><\/section><section class=\"l-section wpb_row height_small\"><div class=\"l-section-h i-cf\"><div class=\"g-cols vc_row via_grid cols_2 laptops-cols_inherit tablets-cols_inherit mobiles-cols_1 valign_top type_default stacking_default\"><div class=\"wpb_column vc_column_container us_custom_afa92309 has_bg_color\"><div class=\"vc_column-inner\"><div class=\"w-iconbox iconpos_top style_default color_custom align_center\"><div class=\"w-iconbox-icon\" style=\"font-size:2rem;--icon-color:#142623;--icon-bg-color:#142623;\"><i class=\"fal fa-utensils\"><\/i><\/div><div class=\"w-iconbox-meta\"><h3 class=\"w-iconbox-title\">10% de Desconto no Restaurante<\/h3><div class=\"w-iconbox-text\"><p>Obtenha um desconto de 10% no nosso restaurante durante a sua estadia com a conveni\u00eancia e o conforto de jantar no hotel. Quer se trate de um pequeno-almo\u00e7o saud\u00e1vel para come\u00e7ar o dia, de um almo\u00e7o de neg\u00f3cios produtivo ou de um jantar para descontrair, aproveite este desconto exclusivo para reservas directas.<\/p>\n<\/div><\/div><\/div><\/div><\/div><div class=\"wpb_column vc_column_container\"><div class=\"vc_column-inner\"><\/div><\/div><\/div><\/div><\/section><section class=\"l-section wpb_row height_medium\"><div class=\"l-section-h i-cf\"><div class=\"g-cols vc_row via_grid cols_1 laptops-cols_inherit tablets-cols_inherit mobiles-cols_1 valign_top type_default stacking_default\"><div class=\"wpb_column vc_column_container\"><div class=\"vc_column-inner\"><\/div><\/div><\/div><\/div><\/section>\n","protected":false},"excerpt":{"rendered":"VANTAGENS EXCLUSIVAS POR RESERVAR AQUI Garantir\u00e1 sempre o melhor pre\u00e7o reservando online neste site ou falando com um dos membros da nossa equipa de reservas. Oferecemos uma garantia do melhor pre\u00e7o ao reservar neste website ou ao falar com um dos membros da nossa equipa de reservas, e temos tamb\u00e9m outros benef\u00edcios e ofertas exclusivas...","protected":false},"author":2,"featured_media":1672,"parent":0,"menu_order":0,"comment_status":"closed","ping_status":"closed","template":"","meta":{"footnotes":""},"class_list":["post-1749","page","type-page","status-publish","has-post-thumbnail","hentry"],"yoast_head":"<!-- This site is optimized with the Yoast SEO plugin v27.4 - https:\/\/yoast.com\/product\/yoast-seo-wordpress\/ -->\n<title>Vantagens de reservar directamente neste site | Lisboa Central Park Hotel<\/title>\n<meta name=\"description\" content=\"Garantir\u00e1 sempre o melhor pre\u00e7o reservando online neste site ou falando com um dos membros da nossa equipa de reservas.\" \/>\n<meta name=\"robots\" content=\"index, follow, max-snippet:-1, max-image-preview:large, max-video-preview:-1\" \/>\n<link rel=\"canonical\" href=\"https:\/\/lcpark.com\/pt-pt\/vantagens-de-reservar-directamente-aqui\/\" \/>\n<meta property=\"og:locale\" content=\"pt_PT\" \/>\n<meta property=\"og:type\" content=\"article\" \/>\n<meta property=\"og:title\" content=\"Vantagens de reservar directamente neste site | Lisboa Central Park Hotel\" \/>\n<meta property=\"og:description\" content=\"Garantir\u00e1 sempre o melhor pre\u00e7o reservando online neste site ou falando com um dos membros da nossa equipa de reservas.\" \/>\n<meta property=\"og:url\" content=\"https:\/\/lcpark.com\/pt-pt\/vantagens-de-reservar-directamente-aqui\/\" \/>\n<meta property=\"og:site_name\" content=\"Lisboa Central Park Hotel Suites &amp; Studios, Lisbon Portugal\" \/>\n<meta property=\"article:publisher\" content=\"https:\/\/www.facebook.com\/people\/Lisboa-Central-Park-Hotel\/100057055796565\/\" \/>\n<meta property=\"article:modified_time\" content=\"2024-04-18T07:00:33+00:00\" \/>\n<meta property=\"og:image\" content=\"https:\/\/lcpark.com\/wp-content\/uploads\/2024\/04\/Lisboa-Central-Park-Book-Direct-Exclusive-Advantages.webp\" \/>\n\t<meta property=\"og:image:width\" content=\"1920\" \/>\n\t<meta property=\"og:image:height\" content=\"1080\" \/>\n\t<meta property=\"og:image:type\" content=\"image\/webp\" \/>\n<meta name=\"twitter:card\" content=\"summary_large_image\" \/>\n<meta name=\"twitter:label1\" content=\"Tempo estimado de leitura\" \/>\n\t<meta name=\"twitter:data1\" content=\"4 minutos\" \/>\n<script type=\"application\/ld+json\" class=\"yoast-schema-graph\">{\"@context\":\"https:\\\/\\\/schema.org\",\"@graph\":[{\"@type\":\"WebPage\",\"@id\":\"https:\\\/\\\/lcpark.com\\\/pt-pt\\\/vantagens-de-reservar-directamente-aqui\\\/\",\"url\":\"https:\\\/\\\/lcpark.com\\\/pt-pt\\\/vantagens-de-reservar-directamente-aqui\\\/\",\"name\":\"Vantagens de reservar directamente neste site | Lisboa Central Park Hotel\",\"isPartOf\":{\"@id\":\"https:\\\/\\\/lcpark.com\\\/pt-pt\\\/#website\"},\"primaryImageOfPage\":{\"@id\":\"https:\\\/\\\/lcpark.com\\\/pt-pt\\\/vantagens-de-reservar-directamente-aqui\\\/#primaryimage\"},\"image\":{\"@id\":\"https:\\\/\\\/lcpark.com\\\/pt-pt\\\/vantagens-de-reservar-directamente-aqui\\\/#primaryimage\"},\"thumbnailUrl\":\"https:\\\/\\\/lcpark.com\\\/wp-content\\\/uploads\\\/2024\\\/04\\\/Lisboa-Central-Park-Book-Direct-Exclusive-Advantages.webp\",\"datePublished\":\"2024-04-06T17:44:34+00:00\",\"dateModified\":\"2024-04-18T07:00:33+00:00\",\"description\":\"Garantir\u00e1 sempre o melhor pre\u00e7o reservando online neste site ou falando com um dos membros da nossa equipa de reservas.\",\"breadcrumb\":{\"@id\":\"https:\\\/\\\/lcpark.com\\\/pt-pt\\\/vantagens-de-reservar-directamente-aqui\\\/#breadcrumb\"},\"inLanguage\":\"pt-PT\",\"potentialAction\":[{\"@type\":\"ReadAction\",\"target\":[\"https:\\\/\\\/lcpark.com\\\/pt-pt\\\/vantagens-de-reservar-directamente-aqui\\\/\"]}]},{\"@type\":\"ImageObject\",\"inLanguage\":\"pt-PT\",\"@id\":\"https:\\\/\\\/lcpark.com\\\/pt-pt\\\/vantagens-de-reservar-directamente-aqui\\\/#primaryimage\",\"url\":\"https:\\\/\\\/lcpark.com\\\/wp-content\\\/uploads\\\/2024\\\/04\\\/Lisboa-Central-Park-Book-Direct-Exclusive-Advantages.webp\",\"contentUrl\":\"https:\\\/\\\/lcpark.com\\\/wp-content\\\/uploads\\\/2024\\\/04\\\/Lisboa-Central-Park-Book-Direct-Exclusive-Advantages.webp\",\"width\":1920,\"height\":1080},{\"@type\":\"BreadcrumbList\",\"@id\":\"https:\\\/\\\/lcpark.com\\\/pt-pt\\\/vantagens-de-reservar-directamente-aqui\\\/#breadcrumb\",\"itemListElement\":[{\"@type\":\"ListItem\",\"position\":1,\"name\":\"Home\",\"item\":\"https:\\\/\\\/lcpark.com\\\/pt-pt\\\/\"},{\"@type\":\"ListItem\",\"position\":2,\"name\":\"Vantagens de reservar directamente aqui\"}]},{\"@type\":\"WebSite\",\"@id\":\"https:\\\/\\\/lcpark.com\\\/pt-pt\\\/#website\",\"url\":\"https:\\\/\\\/lcpark.com\\\/pt-pt\\\/\",\"name\":\"Lisbon Central Park Hotel Suites & Studios\",\"description\":\"Lisbon Central Park - Staging website description\",\"publisher\":{\"@id\":\"https:\\\/\\\/lcpark.com\\\/pt-pt\\\/#organization\"},\"potentialAction\":[{\"@type\":\"SearchAction\",\"target\":{\"@type\":\"EntryPoint\",\"urlTemplate\":\"https:\\\/\\\/lcpark.com\\\/pt-pt\\\/?s={search_term_string}\"},\"query-input\":{\"@type\":\"PropertyValueSpecification\",\"valueRequired\":true,\"valueName\":\"search_term_string\"}}],\"inLanguage\":\"pt-PT\"},{\"@type\":\"Organization\",\"@id\":\"https:\\\/\\\/lcpark.com\\\/pt-pt\\\/#organization\",\"name\":\"Lisbon Central Park Hotel Suites & Studios\",\"alternateName\":\"Lisbon Central Park Hotel\",\"url\":\"https:\\\/\\\/lcpark.com\\\/pt-pt\\\/\",\"logo\":{\"@type\":\"ImageObject\",\"inLanguage\":\"pt-PT\",\"@id\":\"https:\\\/\\\/lcpark.com\\\/pt-pt\\\/#\\\/schema\\\/logo\\\/image\\\/\",\"url\":\"https:\\\/\\\/lcpark.com\\\/wp-content\\\/uploads\\\/2024\\\/04\\\/Lisboa-Central-Park-Favicon-Logo-Circle-Transparent.webp\",\"contentUrl\":\"https:\\\/\\\/lcpark.com\\\/wp-content\\\/uploads\\\/2024\\\/04\\\/Lisboa-Central-Park-Favicon-Logo-Circle-Transparent.webp\",\"width\":834,\"height\":834,\"caption\":\"Lisbon Central Park Hotel Suites & Studios\"},\"image\":{\"@id\":\"https:\\\/\\\/lcpark.com\\\/pt-pt\\\/#\\\/schema\\\/logo\\\/image\\\/\"},\"sameAs\":[\"https:\\\/\\\/www.facebook.com\\\/people\\\/Lisboa-Central-Park-Hotel\\\/100057055796565\\\/\",\"https:\\\/\\\/www.instagram.com\\\/lisboacentralpark\\\/\"]}]}<\/script>\n<!-- \/ Yoast SEO plugin. -->","yoast_head_json":{"title":"Vantagens de reservar directamente neste site | Lisboa Central Park Hotel","description":"Garantir\u00e1 sempre o melhor pre\u00e7o reservando online neste site ou falando com um dos membros da nossa equipa de reservas.","robots":{"index":"index","follow":"follow","max-snippet":"max-snippet:-1","max-image-preview":"max-image-preview:large","max-video-preview":"max-video-preview:-1"},"canonical":"https:\/\/lcpark.com\/pt-pt\/vantagens-de-reservar-directamente-aqui\/","og_locale":"pt_PT","og_type":"article","og_title":"Vantagens de reservar directamente neste site | Lisboa Central Park Hotel","og_description":"Garantir\u00e1 sempre o melhor pre\u00e7o reservando online neste site ou falando com um dos membros da nossa equipa de reservas.","og_url":"https:\/\/lcpark.com\/pt-pt\/vantagens-de-reservar-directamente-aqui\/","og_site_name":"Lisboa Central Park Hotel Suites &amp; Studios, Lisbon Portugal","article_publisher":"https:\/\/www.facebook.com\/people\/Lisboa-Central-Park-Hotel\/100057055796565\/","article_modified_time":"2024-04-18T07:00:33+00:00","og_image":[{"width":1920,"height":1080,"url":"https:\/\/lcpark.com\/wp-content\/uploads\/2024\/04\/Lisboa-Central-Park-Book-Direct-Exclusive-Advantages.webp","type":"image\/webp"}],"twitter_card":"summary_large_image","twitter_misc":{"Tempo estimado de leitura":"4 minutos"},"schema":{"@context":"https:\/\/schema.org","@graph":[{"@type":"WebPage","@id":"https:\/\/lcpark.com\/pt-pt\/vantagens-de-reservar-directamente-aqui\/","url":"https:\/\/lcpark.com\/pt-pt\/vantagens-de-reservar-directamente-aqui\/","name":"Vantagens de reservar directamente neste site | Lisboa Central Park Hotel","isPartOf":{"@id":"https:\/\/lcpark.com\/pt-pt\/#website"},"primaryImageOfPage":{"@id":"https:\/\/lcpark.com\/pt-pt\/vantagens-de-reservar-directamente-aqui\/#primaryimage"},"image":{"@id":"https:\/\/lcpark.com\/pt-pt\/vantagens-de-reservar-directamente-aqui\/#primaryimage"},"thumbnailUrl":"https:\/\/lcpark.com\/wp-content\/uploads\/2024\/04\/Lisboa-Central-Park-Book-Direct-Exclusive-Advantages.webp","datePublished":"2024-04-06T17:44:34+00:00","dateModified":"2024-04-18T07:00:33+00:00","description":"Garantir\u00e1 sempre o melhor pre\u00e7o reservando online neste site ou falando com um dos membros da nossa equipa de reservas.","breadcrumb":{"@id":"https:\/\/lcpark.com\/pt-pt\/vantagens-de-reservar-directamente-aqui\/#breadcrumb"},"inLanguage":"pt-PT","potentialAction":[{"@type":"ReadAction","target":["https:\/\/lcpark.com\/pt-pt\/vantagens-de-reservar-directamente-aqui\/"]}]},{"@type":"ImageObject","inLanguage":"pt-PT","@id":"https:\/\/lcpark.com\/pt-pt\/vantagens-de-reservar-directamente-aqui\/#primaryimage","url":"https:\/\/lcpark.com\/wp-content\/uploads\/2024\/04\/Lisboa-Central-Park-Book-Direct-Exclusive-Advantages.webp","contentUrl":"https:\/\/lcpark.com\/wp-content\/uploads\/2024\/04\/Lisboa-Central-Park-Book-Direct-Exclusive-Advantages.webp","width":1920,"height":1080},{"@type":"BreadcrumbList","@id":"https:\/\/lcpark.com\/pt-pt\/vantagens-de-reservar-directamente-aqui\/#breadcrumb","itemListElement":[{"@type":"ListItem","position":1,"name":"Home","item":"https:\/\/lcpark.com\/pt-pt\/"},{"@type":"ListItem","position":2,"name":"Vantagens de reservar directamente aqui"}]},{"@type":"WebSite","@id":"https:\/\/lcpark.com\/pt-pt\/#website","url":"https:\/\/lcpark.com\/pt-pt\/","name":"Lisbon Central Park Hotel Suites & Studios","description":"Lisbon Central Park - Staging website description","publisher":{"@id":"https:\/\/lcpark.com\/pt-pt\/#organization"},"potentialAction":[{"@type":"SearchAction","target":{"@type":"EntryPoint","urlTemplate":"https:\/\/lcpark.com\/pt-pt\/?s={search_term_string}"},"query-input":{"@type":"PropertyValueSpecification","valueRequired":true,"valueName":"search_term_string"}}],"inLanguage":"pt-PT"},{"@type":"Organization","@id":"https:\/\/lcpark.com\/pt-pt\/#organization","name":"Lisbon Central Park Hotel Suites & Studios","alternateName":"Lisbon Central Park Hotel","url":"https:\/\/lcpark.com\/pt-pt\/","logo":{"@type":"ImageObject","inLanguage":"pt-PT","@id":"https:\/\/lcpark.com\/pt-pt\/#\/schema\/logo\/image\/","url":"https:\/\/lcpark.com\/wp-content\/uploads\/2024\/04\/Lisboa-Central-Park-Favicon-Logo-Circle-Transparent.webp","contentUrl":"https:\/\/lcpark.com\/wp-content\/uploads\/2024\/04\/Lisboa-Central-Park-Favicon-Logo-Circle-Transparent.webp","width":834,"height":834,"caption":"Lisbon Central Park Hotel Suites & Studios"},"image":{"@id":"https:\/\/lcpark.com\/pt-pt\/#\/schema\/logo\/image\/"},"sameAs":["https:\/\/www.facebook.com\/people\/Lisboa-Central-Park-Hotel\/100057055796565\/","https:\/\/www.instagram.com\/lisboacentralpark\/"]}]}},"_links":{"self":[{"href":"https:\/\/lcpark.com\/pt-pt\/wp-json\/wp\/v2\/pages\/1749","targetHints":{"allow":["GET"]}}],"collection":[{"href":"https:\/\/lcpark.com\/pt-pt\/wp-json\/wp\/v2\/pages"}],"about":[{"href":"https:\/\/lcpark.com\/pt-pt\/wp-json\/wp\/v2\/types\/page"}],"author":[{"embeddable":true,"href":"https:\/\/lcpark.com\/pt-pt\/wp-json\/wp\/v2\/users\/2"}],"replies":[{"embeddable":true,"href":"https:\/\/lcpark.com\/pt-pt\/wp-json\/wp\/v2\/comments?post=1749"}],"version-history":[{"count":7,"href":"https:\/\/lcpark.com\/pt-pt\/wp-json\/wp\/v2\/pages\/1749\/revisions"}],"predecessor-version":[{"id":1767,"href":"https:\/\/lcpark.com\/pt-pt\/wp-json\/wp\/v2\/pages\/1749\/revisions\/1767"}],"wp:featuredmedia":[{"embeddable":true,"href":"https:\/\/lcpark.com\/pt-pt\/wp-json\/wp\/v2\/media\/1672"}],"wp:attachment":[{"href":"https:\/\/lcpark.com\/pt-pt\/wp-json\/wp\/v2\/media?parent=1749"}],"curies":[{"name":"wp","href":"https:\/\/api.w.org\/{rel}","templated":true}]}}