{"id":1776,"date":"2024-03-30T17:12:40","date_gmt":"2024-03-30T17:12:40","guid":{"rendered":"https:\/\/lcpark.com\/special-offer-breakfast-included\/"},"modified":"2025-10-19T16:55:38","modified_gmt":"2025-10-19T16:55:38","slug":"special-offer-breakfast-included","status":"publish","type":"page","link":"https:\/\/lcpark.com\/pt-pt\/ofertas-especiais\/special-offer-breakfast-included\/","title":{"rendered":"Oferta Pequeno-Almo\u00e7o Incluido"},"content":{"rendered":"<section class=\"l-section wpb_row height_auto width_full with_img parallax_ver parallax_xpos_right\"><div class=\"l-section-img\" role=\"img\" aria-label=\"Oferta Cama e Pequeno-Almo\u00e7o Incluido Lisboa Central Park Hotel Suites &amp; Studios\" data-img-width=\"1920\" data-img-height=\"1280\" style=\"background-image: url(https:\/\/lcpark.com\/wp-content\/uploads\/2024\/04\/Breakfast-Included-Special-Offer-Lisboa-Central-Park-Suites-and-Studios.webp);background-position: center right;background-repeat: no-repeat;\"><\/div><div class=\"l-section-overlay\" style=\"background:rgba(0,0,0,0.50)\"><\/div><div class=\"l-section-h i-cf\"><div class=\"g-cols vc_row via_grid cols_1-4-1 laptops-cols_inherit tablets-cols_inherit mobiles-cols_1 valign_top type_default stacking_default\"><div class=\"wpb_column vc_column_container\"><div class=\"vc_column-inner\"><\/div><\/div><div class=\"wpb_column vc_column_container\"><div class=\"vc_column-inner\"><div class=\"w-separator size_custom\" style=\"height:320px\" id=\"m2b5\"><style>@media(max-width:1024px){ #m2b5{height:260px!important}}@media(max-width:600px){ #m2b5{height:100px!important}}<\/style><\/div><div class=\"wpb_text_column\"><div class=\"wpb_wrapper\"><h1 style=\"text-align: center;\"><span style=\"color: #d9c39a;\">PEQUENO-ALMO\u00c7O INCLUIDO<\/span><\/h1>\n<\/div><\/div><div class=\"w-separator size_custom\" style=\"height:10px\"><\/div><div class=\"wpb_text_column us_custom_de67d1db\"><div class=\"wpb_wrapper\"><p style=\"text-align: center;\"><span style=\"color: #d9c39a;\">Aproveite o pequeno-almo\u00e7o gratuito e comece o dia com o aroma dos croissants acabados de fazer, waffles quentes e panquecas a encher o ar da manh\u00e3.<\/span><\/p>\n<\/div><\/div><div class=\"w-separator size_custom\" style=\"height:20px\"><\/div><div class=\"w-btn-wrapper align_center\"><a class=\"w-btn us-btn-style_2\" href=\"https:\/\/www.secure-hotel-booking.com\/Lisboa-Central-Park-Hotel-Suites-Studios\/JREN?hotelId=14196&amp;arrivalDate=2026-02-02&amp;departureDate=2026-02-03&amp;rateAction=Highlight&amp;rateId=356248&amp;selectedAdultCount=2\"><span class=\"w-btn-label\">RESERVAR OFERTA<\/span><\/a><\/div><div class=\"w-separator size_custom\" style=\"height:320px\" id=\"vd86\"><style>@media(max-width:1024px){ #vd86{height:260px!important}}@media(max-width:600px){ #vd86{height:100px!important}}<\/style><\/div><\/div><\/div><div class=\"wpb_column vc_column_container\"><div class=\"vc_column-inner\"><\/div><\/div><\/div><\/div><\/section><section class=\"l-section wpb_row height_medium width_custom\" style=\"--site-content-width:1200px;\"><div class=\"l-section-h i-cf\"><div class=\"g-cols vc_row via_grid cols_2 laptops-cols_inherit tablets-cols_inherit mobiles-cols_1 valign_top type_default stacking_default\"><div class=\"wpb_column vc_column_container\"><div class=\"vc_column-inner\"><div class=\"wpb_text_column\"><div class=\"wpb_wrapper\"><h3><strong>INCLUIDO<\/strong><\/h3>\n<\/div><\/div><div class=\"w-separator size_custom\" style=\"height:10px\"><\/div><div class=\"wpb_text_column\"><div class=\"wpb_wrapper\"><ul>\n<li>Pequeno-almo\u00e7o buffet gratuito para um m\u00e1ximo de dois h\u00f3spedes.<\/li>\n<li>Check-in antecipado, check-out tardio, sujeito a disponibilidade.<\/li>\n<li>Upgrade de quarto, sujeito a disponibilidade.<\/li>\n<li>10% de desconto no menu \u00e0 la carte do restaurante.<\/li>\n<\/ul>\n<\/div><\/div><div class=\"w-separator size_small\"><\/div><div class=\"w-btn-wrapper align_none\"><a class=\"w-btn us-btn-style_3 SeeMoreButtonStyle us_custom_064d3121 SeeMoreButton icon_atright\" href=\"https:\/\/www.secure-hotel-booking.com\/Lisboa-Central-Park-Hotel-Suites-Studios\/JREN?hotelId=14196&amp;arrivalDate=2026-02-02&amp;departureDate=2026-02-03&amp;rateAction=Highlight&amp;rateId=356248&amp;selectedAdultCount=2\"><span class=\"w-btn-label\">RESERVAR OFERTA<\/span><i class=\"material-icons\">north_east<\/i><\/a><\/div><\/div><\/div><div class=\"wpb_column vc_column_container\"><div class=\"vc_column-inner\"><div class=\"wpb_text_column\"><div class=\"wpb_wrapper\"><h3><strong>TERMOS<\/strong><\/h3>\n<\/div><\/div><div class=\"w-separator size_custom\" style=\"height:10px\"><\/div><div class=\"wpb_text_column\"><div class=\"wpb_wrapper\"><ul>\n<li>Aplicam-se taxas adicionais de pequeno-almo\u00e7o para mais de dois h\u00f3spedes num quarto.<\/li>\n<li>Check-in: 15:00 horas<\/li>\n<li>Check-out: 12:00 horas<\/li>\n<li>Cancelamento gratuito at\u00e9 48 horas antes da data de check-in<\/li>\n<\/ul>\n<\/div><\/div><\/div><\/div><\/div><\/div><\/section><section class=\"l-section wpb_row height_small width_custom\" style=\"--site-content-width:1200px;\"><div class=\"l-section-h i-cf\"><div class=\"g-cols vc_row via_grid cols_1 laptops-cols_inherit tablets-cols_inherit mobiles-cols_1 valign_top type_default stacking_default\"><div class=\"wpb_column vc_column_container\"><div class=\"vc_column-inner\"><div class=\"wpb_text_column\"><div class=\"wpb_wrapper\"><p style=\"text-align: center;\"><em>Todas as ofertas est\u00e3o sujeitas a disponibilidade. Poder\u00e3o ser aplic\u00e1veis datas n\u00e3o eleg\u00edveis . As ofertas n\u00e3o ser\u00e3o v\u00e1lidas quando associadas com qualquer outra oferta. As taxas de servi\u00e7o, as tarifas e os impostos em vigor podem ser alterados sem aviso pr\u00e9vio.<\/em><\/p>\n<\/div><\/div><div class=\"w-separator size_large\"><\/div><\/div><\/div><\/div><\/div><\/section>\n","protected":false},"excerpt":{"rendered":"PEQUENO-ALMO\u00c7O INCLUIDO Aproveite o pequeno-almo\u00e7o gratuito e comece o dia com o aroma dos croissants acabados de fazer, waffles quentes e panquecas a encher o ar da manh\u00e3. RESERVAR OFERTAINCLUIDO Pequeno-almo\u00e7o buffet gratuito para um m\u00e1ximo de dois h\u00f3spedes. Check-in antecipado, check-out tardio, sujeito a disponibilidade. Upgrade de quarto, sujeito a disponibilidade. 10% de desconto...","protected":false},"author":2,"featured_media":1691,"parent":1806,"menu_order":0,"comment_status":"closed","ping_status":"closed","template":"","meta":{"footnotes":""},"class_list":["post-1776","page","type-page","status-publish","has-post-thumbnail","hentry"],"yoast_head":"<!-- This site is optimized with the Yoast SEO plugin v27.4 - https:\/\/yoast.com\/product\/yoast-seo-wordpress\/ -->\n<title>Oferta especial pequeno-almo\u00e7o inclu\u00eddo | Lisboa Central Park Hotel<\/title>\n<meta name=\"description\" content=\"Oferta Cama e Pequeno-Almo\u00e7o Independentemente do que estiver na agenda do dia, comece com o pequeno-almo\u00e7o perfeito. Reservar.\" \/>\n<meta name=\"robots\" content=\"index, follow, max-snippet:-1, max-image-preview:large, max-video-preview:-1\" \/>\n<link rel=\"canonical\" href=\"https:\/\/lcpark.com\/pt-pt\/ofertas-especiais\/special-offer-breakfast-included\/\" \/>\n<meta property=\"og:locale\" content=\"pt_PT\" \/>\n<meta property=\"og:type\" content=\"article\" \/>\n<meta property=\"og:title\" content=\"Oferta especial pequeno-almo\u00e7o inclu\u00eddo | Lisboa Central Park Hotel\" \/>\n<meta property=\"og:description\" content=\"Oferta Cama e Pequeno-Almo\u00e7o Independentemente do que estiver na agenda do dia, comece com o pequeno-almo\u00e7o perfeito. Reservar.\" \/>\n<meta property=\"og:url\" content=\"https:\/\/lcpark.com\/pt-pt\/ofertas-especiais\/special-offer-breakfast-included\/\" \/>\n<meta property=\"og:site_name\" content=\"Lisboa Central Park Hotel Suites &amp; Studios, Lisbon Portugal\" \/>\n<meta property=\"article:publisher\" content=\"https:\/\/www.facebook.com\/people\/Lisboa-Central-Park-Hotel\/100057055796565\/\" \/>\n<meta property=\"article:modified_time\" content=\"2025-10-19T16:55:38+00:00\" \/>\n<meta property=\"og:image\" content=\"https:\/\/lcpark.com\/wp-content\/uploads\/2024\/04\/Breakfast-Included-Special-Offer-Lisboa-Central-Park-Suites-and-Studios.webp\" \/>\n\t<meta property=\"og:image:width\" content=\"1920\" \/>\n\t<meta property=\"og:image:height\" content=\"1280\" \/>\n\t<meta property=\"og:image:type\" content=\"image\/webp\" \/>\n<meta name=\"twitter:card\" content=\"summary_large_image\" \/>\n<meta name=\"twitter:label1\" content=\"Tempo estimado de leitura\" \/>\n\t<meta name=\"twitter:data1\" content=\"2 minutos\" \/>\n<script type=\"application\/ld+json\" class=\"yoast-schema-graph\">{\"@context\":\"https:\\\/\\\/schema.org\",\"@graph\":[{\"@type\":\"WebPage\",\"@id\":\"https:\\\/\\\/lcpark.com\\\/pt-pt\\\/ofertas-especiais\\\/special-offer-breakfast-included\\\/\",\"url\":\"https:\\\/\\\/lcpark.com\\\/pt-pt\\\/ofertas-especiais\\\/special-offer-breakfast-included\\\/\",\"name\":\"Oferta especial pequeno-almo\u00e7o inclu\u00eddo | Lisboa Central Park Hotel\",\"isPartOf\":{\"@id\":\"https:\\\/\\\/lcpark.com\\\/pt-pt\\\/#website\"},\"primaryImageOfPage\":{\"@id\":\"https:\\\/\\\/lcpark.com\\\/pt-pt\\\/ofertas-especiais\\\/special-offer-breakfast-included\\\/#primaryimage\"},\"image\":{\"@id\":\"https:\\\/\\\/lcpark.com\\\/pt-pt\\\/ofertas-especiais\\\/special-offer-breakfast-included\\\/#primaryimage\"},\"thumbnailUrl\":\"https:\\\/\\\/lcpark.com\\\/wp-content\\\/uploads\\\/2024\\\/04\\\/Breakfast-Included-Special-Offer-Lisboa-Central-Park-Suites-and-Studios.webp\",\"datePublished\":\"2024-03-30T17:12:40+00:00\",\"dateModified\":\"2025-10-19T16:55:38+00:00\",\"description\":\"Oferta Cama e Pequeno-Almo\u00e7o Independentemente do que estiver na agenda do dia, comece com o pequeno-almo\u00e7o perfeito. Reservar.\",\"breadcrumb\":{\"@id\":\"https:\\\/\\\/lcpark.com\\\/pt-pt\\\/ofertas-especiais\\\/special-offer-breakfast-included\\\/#breadcrumb\"},\"inLanguage\":\"pt-PT\",\"potentialAction\":[{\"@type\":\"ReadAction\",\"target\":[\"https:\\\/\\\/lcpark.com\\\/pt-pt\\\/ofertas-especiais\\\/special-offer-breakfast-included\\\/\"]}]},{\"@type\":\"ImageObject\",\"inLanguage\":\"pt-PT\",\"@id\":\"https:\\\/\\\/lcpark.com\\\/pt-pt\\\/ofertas-especiais\\\/special-offer-breakfast-included\\\/#primaryimage\",\"url\":\"https:\\\/\\\/lcpark.com\\\/wp-content\\\/uploads\\\/2024\\\/04\\\/Breakfast-Included-Special-Offer-Lisboa-Central-Park-Suites-and-Studios.webp\",\"contentUrl\":\"https:\\\/\\\/lcpark.com\\\/wp-content\\\/uploads\\\/2024\\\/04\\\/Breakfast-Included-Special-Offer-Lisboa-Central-Park-Suites-and-Studios.webp\",\"width\":1920,\"height\":1280,\"caption\":\"Oferta Cama e Pequeno-Almo\u00e7o Incluido Lisboa Central Park Hotel Suites & Studios\"},{\"@type\":\"BreadcrumbList\",\"@id\":\"https:\\\/\\\/lcpark.com\\\/pt-pt\\\/ofertas-especiais\\\/special-offer-breakfast-included\\\/#breadcrumb\",\"itemListElement\":[{\"@type\":\"ListItem\",\"position\":1,\"name\":\"Home\",\"item\":\"https:\\\/\\\/lcpark.com\\\/pt-pt\\\/\"},{\"@type\":\"ListItem\",\"position\":2,\"name\":\"Ofertas Especiais\",\"item\":\"https:\\\/\\\/lcpark.com\\\/pt-pt\\\/ofertas-especiais\\\/\"},{\"@type\":\"ListItem\",\"position\":3,\"name\":\"Oferta Pequeno-Almo\u00e7o Incluido\"}]},{\"@type\":\"WebSite\",\"@id\":\"https:\\\/\\\/lcpark.com\\\/pt-pt\\\/#website\",\"url\":\"https:\\\/\\\/lcpark.com\\\/pt-pt\\\/\",\"name\":\"Lisbon Central Park Hotel Suites & Studios\",\"description\":\"Lisbon Central Park - Staging website description\",\"publisher\":{\"@id\":\"https:\\\/\\\/lcpark.com\\\/pt-pt\\\/#organization\"},\"potentialAction\":[{\"@type\":\"SearchAction\",\"target\":{\"@type\":\"EntryPoint\",\"urlTemplate\":\"https:\\\/\\\/lcpark.com\\\/pt-pt\\\/?s={search_term_string}\"},\"query-input\":{\"@type\":\"PropertyValueSpecification\",\"valueRequired\":true,\"valueName\":\"search_term_string\"}}],\"inLanguage\":\"pt-PT\"},{\"@type\":\"Organization\",\"@id\":\"https:\\\/\\\/lcpark.com\\\/pt-pt\\\/#organization\",\"name\":\"Lisbon Central Park Hotel Suites & Studios\",\"alternateName\":\"Lisbon Central Park Hotel\",\"url\":\"https:\\\/\\\/lcpark.com\\\/pt-pt\\\/\",\"logo\":{\"@type\":\"ImageObject\",\"inLanguage\":\"pt-PT\",\"@id\":\"https:\\\/\\\/lcpark.com\\\/pt-pt\\\/#\\\/schema\\\/logo\\\/image\\\/\",\"url\":\"https:\\\/\\\/lcpark.com\\\/wp-content\\\/uploads\\\/2024\\\/04\\\/Lisboa-Central-Park-Favicon-Logo-Circle-Transparent.webp\",\"contentUrl\":\"https:\\\/\\\/lcpark.com\\\/wp-content\\\/uploads\\\/2024\\\/04\\\/Lisboa-Central-Park-Favicon-Logo-Circle-Transparent.webp\",\"width\":834,\"height\":834,\"caption\":\"Lisbon Central Park Hotel Suites & Studios\"},\"image\":{\"@id\":\"https:\\\/\\\/lcpark.com\\\/pt-pt\\\/#\\\/schema\\\/logo\\\/image\\\/\"},\"sameAs\":[\"https:\\\/\\\/www.facebook.com\\\/people\\\/Lisboa-Central-Park-Hotel\\\/100057055796565\\\/\",\"https:\\\/\\\/www.instagram.com\\\/lisboacentralpark\\\/\"]}]}<\/script>\n<!-- \/ Yoast SEO plugin. -->","yoast_head_json":{"title":"Oferta especial pequeno-almo\u00e7o inclu\u00eddo | Lisboa Central Park Hotel","description":"Oferta Cama e Pequeno-Almo\u00e7o Independentemente do que estiver na agenda do dia, comece com o pequeno-almo\u00e7o perfeito. Reservar.","robots":{"index":"index","follow":"follow","max-snippet":"max-snippet:-1","max-image-preview":"max-image-preview:large","max-video-preview":"max-video-preview:-1"},"canonical":"https:\/\/lcpark.com\/pt-pt\/ofertas-especiais\/special-offer-breakfast-included\/","og_locale":"pt_PT","og_type":"article","og_title":"Oferta especial pequeno-almo\u00e7o inclu\u00eddo | Lisboa Central Park Hotel","og_description":"Oferta Cama e Pequeno-Almo\u00e7o Independentemente do que estiver na agenda do dia, comece com o pequeno-almo\u00e7o perfeito. Reservar.","og_url":"https:\/\/lcpark.com\/pt-pt\/ofertas-especiais\/special-offer-breakfast-included\/","og_site_name":"Lisboa Central Park Hotel Suites &amp; Studios, Lisbon Portugal","article_publisher":"https:\/\/www.facebook.com\/people\/Lisboa-Central-Park-Hotel\/100057055796565\/","article_modified_time":"2025-10-19T16:55:38+00:00","og_image":[{"width":1920,"height":1280,"url":"https:\/\/lcpark.com\/wp-content\/uploads\/2024\/04\/Breakfast-Included-Special-Offer-Lisboa-Central-Park-Suites-and-Studios.webp","type":"image\/webp"}],"twitter_card":"summary_large_image","twitter_misc":{"Tempo estimado de leitura":"2 minutos"},"schema":{"@context":"https:\/\/schema.org","@graph":[{"@type":"WebPage","@id":"https:\/\/lcpark.com\/pt-pt\/ofertas-especiais\/special-offer-breakfast-included\/","url":"https:\/\/lcpark.com\/pt-pt\/ofertas-especiais\/special-offer-breakfast-included\/","name":"Oferta especial pequeno-almo\u00e7o inclu\u00eddo | Lisboa Central Park Hotel","isPartOf":{"@id":"https:\/\/lcpark.com\/pt-pt\/#website"},"primaryImageOfPage":{"@id":"https:\/\/lcpark.com\/pt-pt\/ofertas-especiais\/special-offer-breakfast-included\/#primaryimage"},"image":{"@id":"https:\/\/lcpark.com\/pt-pt\/ofertas-especiais\/special-offer-breakfast-included\/#primaryimage"},"thumbnailUrl":"https:\/\/lcpark.com\/wp-content\/uploads\/2024\/04\/Breakfast-Included-Special-Offer-Lisboa-Central-Park-Suites-and-Studios.webp","datePublished":"2024-03-30T17:12:40+00:00","dateModified":"2025-10-19T16:55:38+00:00","description":"Oferta Cama e Pequeno-Almo\u00e7o Independentemente do que estiver na agenda do dia, comece com o pequeno-almo\u00e7o perfeito. Reservar.","breadcrumb":{"@id":"https:\/\/lcpark.com\/pt-pt\/ofertas-especiais\/special-offer-breakfast-included\/#breadcrumb"},"inLanguage":"pt-PT","potentialAction":[{"@type":"ReadAction","target":["https:\/\/lcpark.com\/pt-pt\/ofertas-especiais\/special-offer-breakfast-included\/"]}]},{"@type":"ImageObject","inLanguage":"pt-PT","@id":"https:\/\/lcpark.com\/pt-pt\/ofertas-especiais\/special-offer-breakfast-included\/#primaryimage","url":"https:\/\/lcpark.com\/wp-content\/uploads\/2024\/04\/Breakfast-Included-Special-Offer-Lisboa-Central-Park-Suites-and-Studios.webp","contentUrl":"https:\/\/lcpark.com\/wp-content\/uploads\/2024\/04\/Breakfast-Included-Special-Offer-Lisboa-Central-Park-Suites-and-Studios.webp","width":1920,"height":1280,"caption":"Oferta Cama e Pequeno-Almo\u00e7o Incluido Lisboa Central Park Hotel Suites & Studios"},{"@type":"BreadcrumbList","@id":"https:\/\/lcpark.com\/pt-pt\/ofertas-especiais\/special-offer-breakfast-included\/#breadcrumb","itemListElement":[{"@type":"ListItem","position":1,"name":"Home","item":"https:\/\/lcpark.com\/pt-pt\/"},{"@type":"ListItem","position":2,"name":"Ofertas Especiais","item":"https:\/\/lcpark.com\/pt-pt\/ofertas-especiais\/"},{"@type":"ListItem","position":3,"name":"Oferta Pequeno-Almo\u00e7o Incluido"}]},{"@type":"WebSite","@id":"https:\/\/lcpark.com\/pt-pt\/#website","url":"https:\/\/lcpark.com\/pt-pt\/","name":"Lisbon Central Park Hotel Suites & Studios","description":"Lisbon Central Park - Staging website description","publisher":{"@id":"https:\/\/lcpark.com\/pt-pt\/#organization"},"potentialAction":[{"@type":"SearchAction","target":{"@type":"EntryPoint","urlTemplate":"https:\/\/lcpark.com\/pt-pt\/?s={search_term_string}"},"query-input":{"@type":"PropertyValueSpecification","valueRequired":true,"valueName":"search_term_string"}}],"inLanguage":"pt-PT"},{"@type":"Organization","@id":"https:\/\/lcpark.com\/pt-pt\/#organization","name":"Lisbon Central Park Hotel Suites & Studios","alternateName":"Lisbon Central Park Hotel","url":"https:\/\/lcpark.com\/pt-pt\/","logo":{"@type":"ImageObject","inLanguage":"pt-PT","@id":"https:\/\/lcpark.com\/pt-pt\/#\/schema\/logo\/image\/","url":"https:\/\/lcpark.com\/wp-content\/uploads\/2024\/04\/Lisboa-Central-Park-Favicon-Logo-Circle-Transparent.webp","contentUrl":"https:\/\/lcpark.com\/wp-content\/uploads\/2024\/04\/Lisboa-Central-Park-Favicon-Logo-Circle-Transparent.webp","width":834,"height":834,"caption":"Lisbon Central Park Hotel Suites & Studios"},"image":{"@id":"https:\/\/lcpark.com\/pt-pt\/#\/schema\/logo\/image\/"},"sameAs":["https:\/\/www.facebook.com\/people\/Lisboa-Central-Park-Hotel\/100057055796565\/","https:\/\/www.instagram.com\/lisboacentralpark\/"]}]}},"_links":{"self":[{"href":"https:\/\/lcpark.com\/pt-pt\/wp-json\/wp\/v2\/pages\/1776","targetHints":{"allow":["GET"]}}],"collection":[{"href":"https:\/\/lcpark.com\/pt-pt\/wp-json\/wp\/v2\/pages"}],"about":[{"href":"https:\/\/lcpark.com\/pt-pt\/wp-json\/wp\/v2\/types\/page"}],"author":[{"embeddable":true,"href":"https:\/\/lcpark.com\/pt-pt\/wp-json\/wp\/v2\/users\/2"}],"replies":[{"embeddable":true,"href":"https:\/\/lcpark.com\/pt-pt\/wp-json\/wp\/v2\/comments?post=1776"}],"version-history":[{"count":35,"href":"https:\/\/lcpark.com\/pt-pt\/wp-json\/wp\/v2\/pages\/1776\/revisions"}],"predecessor-version":[{"id":2961,"href":"https:\/\/lcpark.com\/pt-pt\/wp-json\/wp\/v2\/pages\/1776\/revisions\/2961"}],"up":[{"embeddable":true,"href":"https:\/\/lcpark.com\/pt-pt\/wp-json\/wp\/v2\/pages\/1806"}],"wp:featuredmedia":[{"embeddable":true,"href":"https:\/\/lcpark.com\/pt-pt\/wp-json\/wp\/v2\/media\/1691"}],"wp:attachment":[{"href":"https:\/\/lcpark.com\/pt-pt\/wp-json\/wp\/v2\/media?parent=1776"}],"curies":[{"name":"wp","href":"https:\/\/api.w.org\/{rel}","templated":true}]}}