{"id":1802,"date":"2024-03-30T22:14:29","date_gmt":"2024-03-30T22:14:29","guid":{"rendered":"https:\/\/lcpark.com\/oferta-especial-estadia-e-jantar\/"},"modified":"2024-11-15T19:26:00","modified_gmt":"2024-11-15T19:26:00","slug":"oferta-especial-estadia-e-jantar","status":"publish","type":"page","link":"https:\/\/lcpark.com\/pt-pt\/ofertas-especiais\/oferta-especial-estadia-e-jantar\/","title":{"rendered":"Oferta Especial Estadia e Jantar"},"content":{"rendered":"<section class=\"l-section wpb_row height_auto width_full with_img parallax_ver\"><div class=\"l-section-img\" role=\"img\" aria-label=\"Lisboa Central Park Hotel Restaurante Terceiro Sentido\" data-img-width=\"1920\" data-img-height=\"1280\" style=\"background-image: url(https:\/\/lcpark.com\/wp-content\/uploads\/2024\/04\/Hotel-Lisboa-Central-Park-Restaurant-Terceiro-Sentido.webp);background-repeat: no-repeat;\"><\/div><div class=\"l-section-overlay\" style=\"background:rgba(0,0,0,0.50)\"><\/div><div class=\"l-section-h i-cf\"><div class=\"g-cols vc_row via_grid cols_1-4-1 laptops-cols_inherit tablets-cols_inherit mobiles-cols_1 valign_top type_default stacking_default\"><div class=\"wpb_column vc_column_container\"><div class=\"vc_column-inner\"><\/div><\/div><div class=\"wpb_column vc_column_container\"><div class=\"vc_column-inner\"><div class=\"w-separator size_custom\" style=\"height:320px\" id=\"i557\"><style>@media(max-width:1024px){ #i557{height:260px!important}}@media(max-width:600px){ #i557{height:100px!important}}<\/style><\/div><div class=\"wpb_text_column\"><div class=\"wpb_wrapper\"><h1 style=\"text-align: center;\"><span style=\"color: #d9c39a;\">ESTADIA &amp; JANTAR<\/span><\/h1>\n<\/div><\/div><div class=\"w-separator size_custom\" style=\"height:10px\"><\/div><div class=\"wpb_text_column us_custom_de67d1db\"><div class=\"wpb_wrapper\"><p style=\"text-align: center;\"><span style=\"color: #d9c39a;\">Planeie uma estadia de duas noites e experimente a cozinha do Terceiro Sentido com um menu de jantar de tr\u00eas pratos incluido.<\/span><\/p>\n<\/div><\/div><div class=\"w-separator size_custom\" style=\"height:20px\"><\/div><div class=\"w-btn-wrapper align_center\"><a class=\"w-btn us-btn-style_2\" href=\"https:\/\/www.secure-hotel-booking.com\/Lisboa-Central-Park-Hotel-Suites-Studios\/JREN?hotelId=14196&amp;arrivalDate=2025-03-11&amp;departureDate=2025-03-13&amp;rateAction=Highlight&amp;rateId=577204&amp;selectedAdultCount=2\"><span class=\"w-btn-label\">RESERVAR OFERTA<\/span><\/a><\/div><div class=\"w-separator size_custom\" style=\"height:320px\" id=\"dfd3\"><style>@media(max-width:1024px){ #dfd3{height:260px!important}}@media(max-width:600px){ #dfd3{height:100px!important}}<\/style><\/div><\/div><\/div><div class=\"wpb_column vc_column_container\"><div class=\"vc_column-inner\"><\/div><\/div><\/div><\/div><\/section><section class=\"l-section wpb_row height_medium width_custom\" style=\"--site-content-width:1200px;\"><div class=\"l-section-h i-cf\"><div class=\"g-cols vc_row via_grid cols_2 laptops-cols_inherit tablets-cols_inherit mobiles-cols_1 valign_top type_default stacking_default\"><div class=\"wpb_column vc_column_container\"><div class=\"vc_column-inner\"><div class=\"wpb_text_column\"><div class=\"wpb_wrapper\"><h3><strong>INCLUIDO<\/strong><\/h3>\n<\/div><\/div><div class=\"w-separator size_custom\" style=\"height:10px\"><\/div><div class=\"wpb_text_column\"><div class=\"wpb_wrapper\"><div class=\"wpb_text_column\">\n<div class=\"wpb_wrapper\">\n<ul>\n<li>Um jantar de tr\u00eas pratos \u00e0 carta, para um ou dois adultos que partilham um quarto<\/li>\n<li>Check-in antecipado, check-out tardio, sujeito a disponibilidade<\/li>\n<li>Upgrade de quarto, sujeito a disponibilidade<\/li>\n<\/ul>\n<\/div>\n<\/div>\n<\/div><\/div><div class=\"w-separator size_custom\" style=\"height:20px\"><\/div><div class=\"wpb_text_column\"><div class=\"wpb_wrapper\"><h4>desde 227\u20ac<\/h4>\n<\/div><\/div><div class=\"w-separator size_small\"><\/div><div class=\"w-btn-wrapper align_none\"><a class=\"w-btn us-btn-style_3 SeeMoreButtonStyle us_custom_064d3121 SeeMoreButton icon_atright\" href=\"https:\/\/www.secure-hotel-booking.com\/Lisboa-Central-Park-Hotel-Suites-Studios\/JREN?hotelId=14196&amp;arrivalDate=2025-03-11&amp;departureDate=2025-03-13&amp;rateAction=Highlight&amp;rateId=577204&amp;selectedAdultCount=2\"><span class=\"w-btn-label\">RESERVAR OFERTA<\/span><i class=\"material-icons\">north_east<\/i><\/a><\/div><\/div><\/div><div class=\"wpb_column vc_column_container\"><div class=\"vc_column-inner\"><div class=\"wpb_text_column\"><div class=\"wpb_wrapper\"><h3><strong>TERMOS<\/strong><\/h3>\n<\/div><\/div><div class=\"w-separator size_custom\" style=\"height:10px\"><\/div><div class=\"wpb_text_column\"><div class=\"wpb_wrapper\"><ul>\n<li class=\"BulletedList-item\">Estadia de duas noites.<\/li>\n<li>Um jantar \u00e0 carta.<\/li>\n<li class=\"BulletedList-item\">Check-in: 15:00 horas<\/li>\n<li>Check-out: 12:00 horas<\/li>\n<li>Cancelamento gratuito at\u00e9 48 horas antes da data de check-in<\/li>\n<\/ul>\n<\/div><\/div><\/div><\/div><\/div><\/div><\/section><section class=\"l-section wpb_row height_small width_custom\" style=\"--site-content-width:1200px;\"><div class=\"l-section-h i-cf\"><div class=\"g-cols vc_row via_grid cols_1 laptops-cols_inherit tablets-cols_inherit mobiles-cols_1 valign_top type_default stacking_default\"><div class=\"wpb_column vc_column_container\"><div class=\"vc_column-inner\"><div class=\"wpb_text_column\"><div class=\"wpb_wrapper\"><p style=\"text-align: center;\"><em>Todas as ofertas est\u00e3o sujeitas a disponibilidade. Poder\u00e3o ser aplic\u00e1veis datas n\u00e3o eleg\u00edveis . As ofertas n\u00e3o ser\u00e3o v\u00e1lidas quando associadas com qualquer outra oferta. As taxas de servi\u00e7o, as tarifas e os impostos em vigor podem ser alterados sem aviso pr\u00e9vio.<\/em><\/p>\n<\/div><\/div><div class=\"w-separator size_large\"><\/div><\/div><\/div><\/div><\/div><\/section>\n","protected":false},"excerpt":{"rendered":"ESTADIA &amp; JANTAR Planeie uma estadia de duas noites e experimente a cozinha do Terceiro Sentido com um menu de jantar de tr\u00eas pratos incluido. RESERVAR OFERTA INCLUIDO Um jantar de tr\u00eas pratos \u00e0 carta, para um ou dois adultos que partilham um quarto Check-in antecipado, check-out tardio, sujeito a disponibilidade Upgrade de quarto, sujeito...","protected":false},"author":2,"featured_media":1693,"parent":1806,"menu_order":0,"comment_status":"closed","ping_status":"closed","template":"","meta":{"footnotes":""},"class_list":["post-1802","page","type-page","status-publish","has-post-thumbnail","hentry"],"yoast_head":"<!-- This site is optimized with the Yoast SEO plugin v27.4 - https:\/\/yoast.com\/product\/yoast-seo-wordpress\/ -->\n<title>Oferta Estadia e Jantar | Lisboa Central Park Hotel<\/title>\n<meta name=\"description\" content=\"Planeie uma estadia de duas noites e experimente a cozinha do Terceiro Sentido com um menu de jantar de tr\u00eas pratos incluido. Reservar.\" \/>\n<meta name=\"robots\" content=\"index, follow, max-snippet:-1, max-image-preview:large, max-video-preview:-1\" \/>\n<link rel=\"canonical\" href=\"https:\/\/lcpark.com\/pt-pt\/ofertas-especiais\/oferta-especial-estadia-e-jantar\/\" \/>\n<meta property=\"og:locale\" content=\"pt_PT\" \/>\n<meta property=\"og:type\" content=\"article\" \/>\n<meta property=\"og:title\" content=\"Oferta Estadia e Jantar | Lisboa Central Park Hotel\" \/>\n<meta property=\"og:description\" content=\"Planeie uma estadia de duas noites e experimente a cozinha do Terceiro Sentido com um menu de jantar de tr\u00eas pratos incluido. Reservar.\" \/>\n<meta property=\"og:url\" content=\"https:\/\/lcpark.com\/pt-pt\/ofertas-especiais\/oferta-especial-estadia-e-jantar\/\" \/>\n<meta property=\"og:site_name\" content=\"Lisboa Central Park Hotel Suites &amp; Studios, Lisbon Portugal\" \/>\n<meta property=\"article:publisher\" content=\"https:\/\/www.facebook.com\/people\/Lisboa-Central-Park-Hotel\/100057055796565\/\" \/>\n<meta property=\"article:modified_time\" content=\"2024-11-15T19:26:00+00:00\" \/>\n<meta property=\"og:image\" content=\"https:\/\/lcpark.com\/wp-content\/uploads\/2024\/04\/Hotel-Lisboa-Central-Park-Restaurant-Terceiro-Sentido.webp\" \/>\n\t<meta property=\"og:image:width\" content=\"1920\" \/>\n\t<meta property=\"og:image:height\" content=\"1280\" \/>\n\t<meta property=\"og:image:type\" content=\"image\/webp\" \/>\n<meta name=\"twitter:card\" content=\"summary_large_image\" \/>\n<meta name=\"twitter:label1\" content=\"Tempo estimado de leitura\" \/>\n\t<meta name=\"twitter:data1\" content=\"2 minutos\" \/>\n<script type=\"application\/ld+json\" class=\"yoast-schema-graph\">{\"@context\":\"https:\\\/\\\/schema.org\",\"@graph\":[{\"@type\":\"WebPage\",\"@id\":\"https:\\\/\\\/lcpark.com\\\/pt-pt\\\/ofertas-especiais\\\/oferta-especial-estadia-e-jantar\\\/\",\"url\":\"https:\\\/\\\/lcpark.com\\\/pt-pt\\\/ofertas-especiais\\\/oferta-especial-estadia-e-jantar\\\/\",\"name\":\"Oferta Estadia e Jantar | Lisboa Central Park Hotel\",\"isPartOf\":{\"@id\":\"https:\\\/\\\/lcpark.com\\\/pt-pt\\\/#website\"},\"primaryImageOfPage\":{\"@id\":\"https:\\\/\\\/lcpark.com\\\/pt-pt\\\/ofertas-especiais\\\/oferta-especial-estadia-e-jantar\\\/#primaryimage\"},\"image\":{\"@id\":\"https:\\\/\\\/lcpark.com\\\/pt-pt\\\/ofertas-especiais\\\/oferta-especial-estadia-e-jantar\\\/#primaryimage\"},\"thumbnailUrl\":\"https:\\\/\\\/lcpark.com\\\/wp-content\\\/uploads\\\/2024\\\/04\\\/Hotel-Lisboa-Central-Park-Restaurant-Terceiro-Sentido.webp\",\"datePublished\":\"2024-03-30T22:14:29+00:00\",\"dateModified\":\"2024-11-15T19:26:00+00:00\",\"description\":\"Planeie uma estadia de duas noites e experimente a cozinha do Terceiro Sentido com um menu de jantar de tr\u00eas pratos incluido. Reservar.\",\"breadcrumb\":{\"@id\":\"https:\\\/\\\/lcpark.com\\\/pt-pt\\\/ofertas-especiais\\\/oferta-especial-estadia-e-jantar\\\/#breadcrumb\"},\"inLanguage\":\"pt-PT\",\"potentialAction\":[{\"@type\":\"ReadAction\",\"target\":[\"https:\\\/\\\/lcpark.com\\\/pt-pt\\\/ofertas-especiais\\\/oferta-especial-estadia-e-jantar\\\/\"]}]},{\"@type\":\"ImageObject\",\"inLanguage\":\"pt-PT\",\"@id\":\"https:\\\/\\\/lcpark.com\\\/pt-pt\\\/ofertas-especiais\\\/oferta-especial-estadia-e-jantar\\\/#primaryimage\",\"url\":\"https:\\\/\\\/lcpark.com\\\/wp-content\\\/uploads\\\/2024\\\/04\\\/Hotel-Lisboa-Central-Park-Restaurant-Terceiro-Sentido.webp\",\"contentUrl\":\"https:\\\/\\\/lcpark.com\\\/wp-content\\\/uploads\\\/2024\\\/04\\\/Hotel-Lisboa-Central-Park-Restaurant-Terceiro-Sentido.webp\",\"width\":1920,\"height\":1280,\"caption\":\"Lisboa Central Park Hotel Restaurante Terceiro Sentido\"},{\"@type\":\"BreadcrumbList\",\"@id\":\"https:\\\/\\\/lcpark.com\\\/pt-pt\\\/ofertas-especiais\\\/oferta-especial-estadia-e-jantar\\\/#breadcrumb\",\"itemListElement\":[{\"@type\":\"ListItem\",\"position\":1,\"name\":\"Home\",\"item\":\"https:\\\/\\\/lcpark.com\\\/pt-pt\\\/\"},{\"@type\":\"ListItem\",\"position\":2,\"name\":\"Ofertas Especiais\",\"item\":\"https:\\\/\\\/lcpark.com\\\/pt-pt\\\/ofertas-especiais\\\/\"},{\"@type\":\"ListItem\",\"position\":3,\"name\":\"Oferta Especial Estadia e Jantar\"}]},{\"@type\":\"WebSite\",\"@id\":\"https:\\\/\\\/lcpark.com\\\/pt-pt\\\/#website\",\"url\":\"https:\\\/\\\/lcpark.com\\\/pt-pt\\\/\",\"name\":\"Lisbon Central Park Hotel Suites & Studios\",\"description\":\"Lisbon Central Park - Staging website description\",\"publisher\":{\"@id\":\"https:\\\/\\\/lcpark.com\\\/pt-pt\\\/#organization\"},\"potentialAction\":[{\"@type\":\"SearchAction\",\"target\":{\"@type\":\"EntryPoint\",\"urlTemplate\":\"https:\\\/\\\/lcpark.com\\\/pt-pt\\\/?s={search_term_string}\"},\"query-input\":{\"@type\":\"PropertyValueSpecification\",\"valueRequired\":true,\"valueName\":\"search_term_string\"}}],\"inLanguage\":\"pt-PT\"},{\"@type\":\"Organization\",\"@id\":\"https:\\\/\\\/lcpark.com\\\/pt-pt\\\/#organization\",\"name\":\"Lisbon Central Park Hotel Suites & Studios\",\"alternateName\":\"Lisbon Central Park Hotel\",\"url\":\"https:\\\/\\\/lcpark.com\\\/pt-pt\\\/\",\"logo\":{\"@type\":\"ImageObject\",\"inLanguage\":\"pt-PT\",\"@id\":\"https:\\\/\\\/lcpark.com\\\/pt-pt\\\/#\\\/schema\\\/logo\\\/image\\\/\",\"url\":\"https:\\\/\\\/lcpark.com\\\/wp-content\\\/uploads\\\/2024\\\/04\\\/Lisboa-Central-Park-Favicon-Logo-Circle-Transparent.webp\",\"contentUrl\":\"https:\\\/\\\/lcpark.com\\\/wp-content\\\/uploads\\\/2024\\\/04\\\/Lisboa-Central-Park-Favicon-Logo-Circle-Transparent.webp\",\"width\":834,\"height\":834,\"caption\":\"Lisbon Central Park Hotel Suites & Studios\"},\"image\":{\"@id\":\"https:\\\/\\\/lcpark.com\\\/pt-pt\\\/#\\\/schema\\\/logo\\\/image\\\/\"},\"sameAs\":[\"https:\\\/\\\/www.facebook.com\\\/people\\\/Lisboa-Central-Park-Hotel\\\/100057055796565\\\/\",\"https:\\\/\\\/www.instagram.com\\\/lisboacentralpark\\\/\"]}]}<\/script>\n<!-- \/ Yoast SEO plugin. -->","yoast_head_json":{"title":"Oferta Estadia e Jantar | Lisboa Central Park Hotel","description":"Planeie uma estadia de duas noites e experimente a cozinha do Terceiro Sentido com um menu de jantar de tr\u00eas pratos incluido. Reservar.","robots":{"index":"index","follow":"follow","max-snippet":"max-snippet:-1","max-image-preview":"max-image-preview:large","max-video-preview":"max-video-preview:-1"},"canonical":"https:\/\/lcpark.com\/pt-pt\/ofertas-especiais\/oferta-especial-estadia-e-jantar\/","og_locale":"pt_PT","og_type":"article","og_title":"Oferta Estadia e Jantar | Lisboa Central Park Hotel","og_description":"Planeie uma estadia de duas noites e experimente a cozinha do Terceiro Sentido com um menu de jantar de tr\u00eas pratos incluido. Reservar.","og_url":"https:\/\/lcpark.com\/pt-pt\/ofertas-especiais\/oferta-especial-estadia-e-jantar\/","og_site_name":"Lisboa Central Park Hotel Suites &amp; Studios, Lisbon Portugal","article_publisher":"https:\/\/www.facebook.com\/people\/Lisboa-Central-Park-Hotel\/100057055796565\/","article_modified_time":"2024-11-15T19:26:00+00:00","og_image":[{"width":1920,"height":1280,"url":"https:\/\/lcpark.com\/wp-content\/uploads\/2024\/04\/Hotel-Lisboa-Central-Park-Restaurant-Terceiro-Sentido.webp","type":"image\/webp"}],"twitter_card":"summary_large_image","twitter_misc":{"Tempo estimado de leitura":"2 minutos"},"schema":{"@context":"https:\/\/schema.org","@graph":[{"@type":"WebPage","@id":"https:\/\/lcpark.com\/pt-pt\/ofertas-especiais\/oferta-especial-estadia-e-jantar\/","url":"https:\/\/lcpark.com\/pt-pt\/ofertas-especiais\/oferta-especial-estadia-e-jantar\/","name":"Oferta Estadia e Jantar | Lisboa Central Park Hotel","isPartOf":{"@id":"https:\/\/lcpark.com\/pt-pt\/#website"},"primaryImageOfPage":{"@id":"https:\/\/lcpark.com\/pt-pt\/ofertas-especiais\/oferta-especial-estadia-e-jantar\/#primaryimage"},"image":{"@id":"https:\/\/lcpark.com\/pt-pt\/ofertas-especiais\/oferta-especial-estadia-e-jantar\/#primaryimage"},"thumbnailUrl":"https:\/\/lcpark.com\/wp-content\/uploads\/2024\/04\/Hotel-Lisboa-Central-Park-Restaurant-Terceiro-Sentido.webp","datePublished":"2024-03-30T22:14:29+00:00","dateModified":"2024-11-15T19:26:00+00:00","description":"Planeie uma estadia de duas noites e experimente a cozinha do Terceiro Sentido com um menu de jantar de tr\u00eas pratos incluido. Reservar.","breadcrumb":{"@id":"https:\/\/lcpark.com\/pt-pt\/ofertas-especiais\/oferta-especial-estadia-e-jantar\/#breadcrumb"},"inLanguage":"pt-PT","potentialAction":[{"@type":"ReadAction","target":["https:\/\/lcpark.com\/pt-pt\/ofertas-especiais\/oferta-especial-estadia-e-jantar\/"]}]},{"@type":"ImageObject","inLanguage":"pt-PT","@id":"https:\/\/lcpark.com\/pt-pt\/ofertas-especiais\/oferta-especial-estadia-e-jantar\/#primaryimage","url":"https:\/\/lcpark.com\/wp-content\/uploads\/2024\/04\/Hotel-Lisboa-Central-Park-Restaurant-Terceiro-Sentido.webp","contentUrl":"https:\/\/lcpark.com\/wp-content\/uploads\/2024\/04\/Hotel-Lisboa-Central-Park-Restaurant-Terceiro-Sentido.webp","width":1920,"height":1280,"caption":"Lisboa Central Park Hotel Restaurante Terceiro Sentido"},{"@type":"BreadcrumbList","@id":"https:\/\/lcpark.com\/pt-pt\/ofertas-especiais\/oferta-especial-estadia-e-jantar\/#breadcrumb","itemListElement":[{"@type":"ListItem","position":1,"name":"Home","item":"https:\/\/lcpark.com\/pt-pt\/"},{"@type":"ListItem","position":2,"name":"Ofertas Especiais","item":"https:\/\/lcpark.com\/pt-pt\/ofertas-especiais\/"},{"@type":"ListItem","position":3,"name":"Oferta Especial Estadia e Jantar"}]},{"@type":"WebSite","@id":"https:\/\/lcpark.com\/pt-pt\/#website","url":"https:\/\/lcpark.com\/pt-pt\/","name":"Lisbon Central Park Hotel Suites & Studios","description":"Lisbon Central Park - Staging website description","publisher":{"@id":"https:\/\/lcpark.com\/pt-pt\/#organization"},"potentialAction":[{"@type":"SearchAction","target":{"@type":"EntryPoint","urlTemplate":"https:\/\/lcpark.com\/pt-pt\/?s={search_term_string}"},"query-input":{"@type":"PropertyValueSpecification","valueRequired":true,"valueName":"search_term_string"}}],"inLanguage":"pt-PT"},{"@type":"Organization","@id":"https:\/\/lcpark.com\/pt-pt\/#organization","name":"Lisbon Central Park Hotel Suites & Studios","alternateName":"Lisbon Central Park Hotel","url":"https:\/\/lcpark.com\/pt-pt\/","logo":{"@type":"ImageObject","inLanguage":"pt-PT","@id":"https:\/\/lcpark.com\/pt-pt\/#\/schema\/logo\/image\/","url":"https:\/\/lcpark.com\/wp-content\/uploads\/2024\/04\/Lisboa-Central-Park-Favicon-Logo-Circle-Transparent.webp","contentUrl":"https:\/\/lcpark.com\/wp-content\/uploads\/2024\/04\/Lisboa-Central-Park-Favicon-Logo-Circle-Transparent.webp","width":834,"height":834,"caption":"Lisbon Central Park Hotel Suites & Studios"},"image":{"@id":"https:\/\/lcpark.com\/pt-pt\/#\/schema\/logo\/image\/"},"sameAs":["https:\/\/www.facebook.com\/people\/Lisboa-Central-Park-Hotel\/100057055796565\/","https:\/\/www.instagram.com\/lisboacentralpark\/"]}]}},"_links":{"self":[{"href":"https:\/\/lcpark.com\/pt-pt\/wp-json\/wp\/v2\/pages\/1802","targetHints":{"allow":["GET"]}}],"collection":[{"href":"https:\/\/lcpark.com\/pt-pt\/wp-json\/wp\/v2\/pages"}],"about":[{"href":"https:\/\/lcpark.com\/pt-pt\/wp-json\/wp\/v2\/types\/page"}],"author":[{"embeddable":true,"href":"https:\/\/lcpark.com\/pt-pt\/wp-json\/wp\/v2\/users\/2"}],"replies":[{"embeddable":true,"href":"https:\/\/lcpark.com\/pt-pt\/wp-json\/wp\/v2\/comments?post=1802"}],"version-history":[{"count":25,"href":"https:\/\/lcpark.com\/pt-pt\/wp-json\/wp\/v2\/pages\/1802\/revisions"}],"predecessor-version":[{"id":2647,"href":"https:\/\/lcpark.com\/pt-pt\/wp-json\/wp\/v2\/pages\/1802\/revisions\/2647"}],"up":[{"embeddable":true,"href":"https:\/\/lcpark.com\/pt-pt\/wp-json\/wp\/v2\/pages\/1806"}],"wp:featuredmedia":[{"embeddable":true,"href":"https:\/\/lcpark.com\/pt-pt\/wp-json\/wp\/v2\/media\/1693"}],"wp:attachment":[{"href":"https:\/\/lcpark.com\/pt-pt\/wp-json\/wp\/v2\/media?parent=1802"}],"curies":[{"name":"wp","href":"https:\/\/api.w.org\/{rel}","templated":true}]}}