{"id":1810,"date":"2024-04-12T16:26:08","date_gmt":"2024-04-12T16:26:08","guid":{"rendered":"https:\/\/lcpark.com\/servicos\/"},"modified":"2026-01-19T20:54:06","modified_gmt":"2026-01-19T20:54:06","slug":"servicos","status":"publish","type":"page","link":"https:\/\/lcpark.com\/pt-pt\/servicos\/","title":{"rendered":"Servi\u00e7os"},"content":{"rendered":"<section class=\"l-section wpb_row height_auto width_full with_img parallax_ver\"><div class=\"l-section-img\" role=\"img\" aria-label=\"Imagem\" data-img-width=\"1920\" data-img-height=\"1281\" style=\"background-image: url(https:\/\/lcpark.com\/wp-content\/uploads\/2024\/04\/LIsboa-Central-Park-Our-Services.webp);background-repeat: no-repeat;\"><\/div><div class=\"l-section-overlay\" style=\"background:rgba(0,0,0,0.40)\"><\/div><div class=\"l-section-h i-cf\"><div class=\"g-cols vc_row via_grid cols_1-4-1 laptops-cols_inherit tablets-cols_inherit mobiles-cols_1 valign_top type_default stacking_default\"><div class=\"wpb_column vc_column_container\"><div class=\"vc_column-inner\"><\/div><\/div><div class=\"wpb_column vc_column_container\"><div class=\"vc_column-inner\"><div class=\"w-separator size_custom\" style=\"height:360px\" id=\"n7d1\"><style>@media(max-width:1024px){ #n7d1{height:300px!important}}@media(max-width:600px){ #n7d1{height:260px!important}}<\/style><\/div><div class=\"wpb_text_column us_custom_13015197\"><div class=\"wpb_wrapper\"><h1 style=\"text-align: center;\"><span style=\"color: #d9c39a;\">SERVI\u00c7OS<\/span><\/h1>\n<\/div><\/div><div class=\"w-separator size_custom\" style=\"height:10px\"><\/div><div class=\"wpb_text_column us_custom_13015197\"><div class=\"wpb_wrapper\"><p style=\"text-align: center;\"><span style=\"color: #d9c39a;\">Um excelente servi\u00e7o est\u00e1 no centro de tudo o que fazemos, estamos aqui para transformar a sua estadia numa experi\u00eancia fant\u00e1stica<\/span><\/p>\n<\/div><\/div><div class=\"w-separator size_custom\" style=\"height:360px\" id=\"w048\"><style>@media(max-width:1024px){ #w048{height:300px!important}}@media(max-width:600px){ #w048{height:260px!important}}<\/style><\/div><\/div><\/div><div class=\"wpb_column vc_column_container\"><div class=\"vc_column-inner\"><\/div><\/div><\/div><\/div><\/section><section class=\"l-section wpb_row height_small\"><div class=\"l-section-h i-cf\"><div class=\"g-cols vc_row via_grid cols_2 laptops-cols_inherit tablets-cols_inherit mobiles-cols_1 valign_top type_default stacking_default\"><div class=\"wpb_column vc_column_container\"><div class=\"vc_column-inner\"><div class=\"w-iconbox iconpos_top style_default color_custom align_center\"><div class=\"w-iconbox-icon\" style=\"font-size:2rem;--icon-color:#142623;--icon-bg-color:#142623;\"><i class=\"fal fa-concierge-bell\"><\/i><\/div><div class=\"w-iconbox-meta\"><h3 class=\"w-iconbox-title\">Rece\u00e7\u00e3o 24h<\/h3><div class=\"w-iconbox-text\"><p>A nossa rece\u00e7\u00e3o est\u00e1 aberta 24\/7. Quer chegue tarde durante noite ou tenha uma pergunta cedo na madrugada, a nossa equipa estar\u00e1 l\u00e1 para o receber e fornecer qualquer ajuda ou informa\u00e7\u00e3o.<\/p>\n<\/div><\/div><\/div><\/div><\/div><div class=\"wpb_column vc_column_container\"><div class=\"vc_column-inner\"><div class=\"w-iconbox iconpos_top style_default color_custom align_center\"><div class=\"w-iconbox-icon\" style=\"font-size:2rem;--icon-color:#142623;--icon-bg-color:#142623;\"><i class=\"fal fa-paw\"><\/i><\/div><div class=\"w-iconbox-meta\"><h3 class=\"w-iconbox-title\">Pet Friendly<\/h3><div class=\"w-iconbox-text\"><p style=\"text-align: center;\">Com quartos espa\u00e7osos, h\u00e1 muito espa\u00e7o para o seu animal de estima\u00e7\u00e3o. O seu amigo patudo estar\u00e1 feliz durante a sua estadia connosco.<\/p>\n<\/div><\/div><\/div><\/div><\/div><\/div><\/div><\/section><section class=\"l-section wpb_row height_small\"><div class=\"l-section-h i-cf\"><div class=\"g-cols vc_row via_grid cols_2 laptops-cols_inherit tablets-cols_inherit mobiles-cols_1 valign_top type_default stacking_default\"><div class=\"wpb_column vc_column_container\"><div class=\"vc_column-inner\"><div class=\"w-iconbox iconpos_top style_default color_custom align_center\"><div class=\"w-iconbox-icon\" style=\"font-size:2rem;--icon-color:#142623;--icon-bg-color:#142623;\"><i class=\"fal fa-parking-circle\"><\/i><\/div><div class=\"w-iconbox-meta\"><h3 class=\"w-iconbox-title\">Garagem<\/h3><div class=\"w-iconbox-text\"><p style=\"text-align: center;\">Por favor, note que os lugares de estacionamento est\u00e3o sujeitos a disponibilidade e taxas adicionais. <\/p>\n<\/div><\/div><\/div><\/div><\/div><div class=\"wpb_column vc_column_container\"><div class=\"vc_column-inner\"><div class=\"w-iconbox iconpos_top style_default color_custom align_center\"><div class=\"w-iconbox-icon\" style=\"font-size:2rem;--icon-color:#142623;--icon-bg-color:#142623;\"><i class=\"fal fa-washer\"><\/i><\/div><div class=\"w-iconbox-meta\"><h3 class=\"w-iconbox-title\">Servi\u00e7o de lavandaria e limpeza a seco<\/h3><div class=\"w-iconbox-text\"><p>Quer viaje em neg\u00f3cios ou em lazer, os nossos servi\u00e7os de lavandaria proporcionam conveni\u00eancia adicional. Por favor, note que poder\u00e3o ser aplicadas taxas de lavandaria.<\/p>\n<\/div><\/div><\/div><\/div><\/div><\/div><\/div><\/section><section class=\"l-section wpb_row height_small\"><div class=\"l-section-h i-cf\"><div class=\"g-cols vc_row via_grid cols_2 laptops-cols_inherit tablets-cols_inherit mobiles-cols_1 valign_top type_default stacking_default\"><div class=\"wpb_column vc_column_container\"><div class=\"vc_column-inner\"><div class=\"w-iconbox iconpos_top style_default color_custom align_center\"><div class=\"w-iconbox-icon\" style=\"font-size:2rem;--icon-color:#142623;--icon-bg-color:#142623;\"><i class=\"fal fa-wifi\"><\/i><\/div><div class=\"w-iconbox-meta\"><h3 class=\"w-iconbox-title\">WiFi<\/h3><div class=\"w-iconbox-text\"><p>Excelente liga\u00e7\u00e3o WIFI.<\/p>\n<\/div><\/div><\/div><\/div><\/div><div class=\"wpb_column vc_column_container\"><div class=\"vc_column-inner\"><div class=\"w-iconbox iconpos_top style_default color_custom align_center\"><div class=\"w-iconbox-icon\" style=\"font-size:2rem;--icon-color:#142623;--icon-bg-color:#142623;\"><i class=\"fal fa-desktop\"><\/i><\/div><div class=\"w-iconbox-meta\"><h3 class=\"w-iconbox-title\">Business desk<\/h3><div class=\"w-iconbox-text\"><p>Business desk para se manter produtivo durante a sua estadia.<\/p>\n<\/div><\/div><\/div><\/div><\/div><\/div><\/div><\/section><section class=\"l-section wpb_row height_small\"><div class=\"l-section-h i-cf\"><div class=\"g-cols vc_row via_grid cols_2 laptops-cols_inherit tablets-cols_inherit mobiles-cols_1 valign_top type_default stacking_default\"><div class=\"wpb_column vc_column_container\"><div class=\"vc_column-inner\"><div class=\"w-iconbox iconpos_top style_default color_custom align_center\"><div class=\"w-iconbox-icon\" style=\"font-size:2rem;--icon-color:#142623;--icon-bg-color:#142623;\"><i class=\"fal fa-luggage-cart\"><\/i><\/div><div class=\"w-iconbox-meta\"><h3 class=\"w-iconbox-title\">Storage room<\/h3><div class=\"w-iconbox-text\"><p>Op\u00e7\u00f5es para guardar a sua bagagem ou pertences antes do check-in e depois do check-out.<\/p>\n<\/div><\/div><\/div><\/div><\/div><div class=\"wpb_column vc_column_container\"><div class=\"vc_column-inner\"><\/div><\/div><\/div><\/div><\/section><section class=\"l-section wpb_row height_medium\"><div class=\"l-section-h i-cf\"><div class=\"g-cols vc_row via_grid cols_1 laptops-cols_inherit tablets-cols_inherit mobiles-cols_1 valign_top type_default stacking_default\"><div class=\"wpb_column vc_column_container\"><div class=\"vc_column-inner\"><\/div><\/div><\/div><\/div><\/section>\n","protected":false},"excerpt":{"rendered":"SERVI\u00c7OS Um excelente servi\u00e7o est\u00e1 no centro de tudo o que fazemos, estamos aqui para transformar a sua estadia numa experi\u00eancia fant\u00e1stica Rece\u00e7\u00e3o 24hA nossa rece\u00e7\u00e3o est\u00e1 aberta 24\/7. Quer chegue tarde durante noite ou tenha uma pergunta cedo na madrugada, a nossa equipa estar\u00e1 l\u00e1 para o receber e fornecer qualquer ajuda ou informa\u00e7\u00e3o....","protected":false},"author":2,"featured_media":1699,"parent":0,"menu_order":0,"comment_status":"closed","ping_status":"closed","template":"","meta":{"footnotes":""},"class_list":["post-1810","page","type-page","status-publish","has-post-thumbnail","hentry"],"yoast_head":"<!-- This site is optimized with the Yoast SEO plugin v27.4 - https:\/\/yoast.com\/product\/yoast-seo-wordpress\/ -->\n<title>Servi\u00e7os | Lisboa Central Park Hotel<\/title>\n<meta name=\"description\" content=\"Um bom servi\u00e7o est\u00e1 no centro de tudo o que fazemos, estamos aqui para transformar a sua estadia numa experi\u00eancia fant\u00e1stica.\" \/>\n<meta name=\"robots\" content=\"index, follow, max-snippet:-1, max-image-preview:large, max-video-preview:-1\" \/>\n<link rel=\"canonical\" href=\"https:\/\/lcpark.com\/pt-pt\/servicos\/\" \/>\n<meta property=\"og:locale\" content=\"pt_PT\" \/>\n<meta property=\"og:type\" content=\"article\" \/>\n<meta property=\"og:title\" content=\"Servi\u00e7os | Lisboa Central Park Hotel\" \/>\n<meta property=\"og:description\" content=\"Um bom servi\u00e7o est\u00e1 no centro de tudo o que fazemos, estamos aqui para transformar a sua estadia numa experi\u00eancia fant\u00e1stica.\" \/>\n<meta property=\"og:url\" content=\"https:\/\/lcpark.com\/pt-pt\/servicos\/\" \/>\n<meta property=\"og:site_name\" content=\"Lisboa Central Park Hotel Suites &amp; Studios, Lisbon Portugal\" \/>\n<meta property=\"article:publisher\" content=\"https:\/\/www.facebook.com\/people\/Lisboa-Central-Park-Hotel\/100057055796565\/\" \/>\n<meta property=\"article:modified_time\" content=\"2026-01-19T20:54:06+00:00\" \/>\n<meta property=\"og:image\" content=\"https:\/\/lcpark.com\/wp-content\/uploads\/2024\/04\/LIsboa-Central-Park-Our-Services.webp\" \/>\n\t<meta property=\"og:image:width\" content=\"1920\" \/>\n\t<meta property=\"og:image:height\" content=\"1281\" \/>\n\t<meta property=\"og:image:type\" content=\"image\/webp\" \/>\n<meta name=\"twitter:card\" content=\"summary_large_image\" \/>\n<meta name=\"twitter:label1\" content=\"Tempo estimado de leitura\" \/>\n\t<meta name=\"twitter:data1\" content=\"3 minutos\" \/>\n<script type=\"application\/ld+json\" class=\"yoast-schema-graph\">{\"@context\":\"https:\\\/\\\/schema.org\",\"@graph\":[{\"@type\":\"WebPage\",\"@id\":\"https:\\\/\\\/lcpark.com\\\/pt-pt\\\/servicos\\\/\",\"url\":\"https:\\\/\\\/lcpark.com\\\/pt-pt\\\/servicos\\\/\",\"name\":\"Servi\u00e7os | Lisboa Central Park Hotel\",\"isPartOf\":{\"@id\":\"https:\\\/\\\/lcpark.com\\\/pt-pt\\\/#website\"},\"primaryImageOfPage\":{\"@id\":\"https:\\\/\\\/lcpark.com\\\/pt-pt\\\/servicos\\\/#primaryimage\"},\"image\":{\"@id\":\"https:\\\/\\\/lcpark.com\\\/pt-pt\\\/servicos\\\/#primaryimage\"},\"thumbnailUrl\":\"https:\\\/\\\/lcpark.com\\\/wp-content\\\/uploads\\\/2024\\\/04\\\/LIsboa-Central-Park-Our-Services.webp\",\"datePublished\":\"2024-04-12T16:26:08+00:00\",\"dateModified\":\"2026-01-19T20:54:06+00:00\",\"description\":\"Um bom servi\u00e7o est\u00e1 no centro de tudo o que fazemos, estamos aqui para transformar a sua estadia numa experi\u00eancia fant\u00e1stica.\",\"breadcrumb\":{\"@id\":\"https:\\\/\\\/lcpark.com\\\/pt-pt\\\/servicos\\\/#breadcrumb\"},\"inLanguage\":\"pt-PT\",\"potentialAction\":[{\"@type\":\"ReadAction\",\"target\":[\"https:\\\/\\\/lcpark.com\\\/pt-pt\\\/servicos\\\/\"]}]},{\"@type\":\"ImageObject\",\"inLanguage\":\"pt-PT\",\"@id\":\"https:\\\/\\\/lcpark.com\\\/pt-pt\\\/servicos\\\/#primaryimage\",\"url\":\"https:\\\/\\\/lcpark.com\\\/wp-content\\\/uploads\\\/2024\\\/04\\\/LIsboa-Central-Park-Our-Services.webp\",\"contentUrl\":\"https:\\\/\\\/lcpark.com\\\/wp-content\\\/uploads\\\/2024\\\/04\\\/LIsboa-Central-Park-Our-Services.webp\",\"width\":1920,\"height\":1281},{\"@type\":\"BreadcrumbList\",\"@id\":\"https:\\\/\\\/lcpark.com\\\/pt-pt\\\/servicos\\\/#breadcrumb\",\"itemListElement\":[{\"@type\":\"ListItem\",\"position\":1,\"name\":\"Home\",\"item\":\"https:\\\/\\\/lcpark.com\\\/pt-pt\\\/\"},{\"@type\":\"ListItem\",\"position\":2,\"name\":\"Servi\u00e7os\"}]},{\"@type\":\"WebSite\",\"@id\":\"https:\\\/\\\/lcpark.com\\\/pt-pt\\\/#website\",\"url\":\"https:\\\/\\\/lcpark.com\\\/pt-pt\\\/\",\"name\":\"Lisbon Central Park Hotel Suites & Studios\",\"description\":\"Lisbon Central Park - Staging website description\",\"publisher\":{\"@id\":\"https:\\\/\\\/lcpark.com\\\/pt-pt\\\/#organization\"},\"potentialAction\":[{\"@type\":\"SearchAction\",\"target\":{\"@type\":\"EntryPoint\",\"urlTemplate\":\"https:\\\/\\\/lcpark.com\\\/pt-pt\\\/?s={search_term_string}\"},\"query-input\":{\"@type\":\"PropertyValueSpecification\",\"valueRequired\":true,\"valueName\":\"search_term_string\"}}],\"inLanguage\":\"pt-PT\"},{\"@type\":\"Organization\",\"@id\":\"https:\\\/\\\/lcpark.com\\\/pt-pt\\\/#organization\",\"name\":\"Lisbon Central Park Hotel Suites & Studios\",\"alternateName\":\"Lisbon Central Park Hotel\",\"url\":\"https:\\\/\\\/lcpark.com\\\/pt-pt\\\/\",\"logo\":{\"@type\":\"ImageObject\",\"inLanguage\":\"pt-PT\",\"@id\":\"https:\\\/\\\/lcpark.com\\\/pt-pt\\\/#\\\/schema\\\/logo\\\/image\\\/\",\"url\":\"https:\\\/\\\/lcpark.com\\\/wp-content\\\/uploads\\\/2024\\\/04\\\/Lisboa-Central-Park-Favicon-Logo-Circle-Transparent.webp\",\"contentUrl\":\"https:\\\/\\\/lcpark.com\\\/wp-content\\\/uploads\\\/2024\\\/04\\\/Lisboa-Central-Park-Favicon-Logo-Circle-Transparent.webp\",\"width\":834,\"height\":834,\"caption\":\"Lisbon Central Park Hotel Suites & Studios\"},\"image\":{\"@id\":\"https:\\\/\\\/lcpark.com\\\/pt-pt\\\/#\\\/schema\\\/logo\\\/image\\\/\"},\"sameAs\":[\"https:\\\/\\\/www.facebook.com\\\/people\\\/Lisboa-Central-Park-Hotel\\\/100057055796565\\\/\",\"https:\\\/\\\/www.instagram.com\\\/lisboacentralpark\\\/\"]}]}<\/script>\n<!-- \/ Yoast SEO plugin. -->","yoast_head_json":{"title":"Servi\u00e7os | Lisboa Central Park Hotel","description":"Um bom servi\u00e7o est\u00e1 no centro de tudo o que fazemos, estamos aqui para transformar a sua estadia numa experi\u00eancia fant\u00e1stica.","robots":{"index":"index","follow":"follow","max-snippet":"max-snippet:-1","max-image-preview":"max-image-preview:large","max-video-preview":"max-video-preview:-1"},"canonical":"https:\/\/lcpark.com\/pt-pt\/servicos\/","og_locale":"pt_PT","og_type":"article","og_title":"Servi\u00e7os | Lisboa Central Park Hotel","og_description":"Um bom servi\u00e7o est\u00e1 no centro de tudo o que fazemos, estamos aqui para transformar a sua estadia numa experi\u00eancia fant\u00e1stica.","og_url":"https:\/\/lcpark.com\/pt-pt\/servicos\/","og_site_name":"Lisboa Central Park Hotel Suites &amp; Studios, Lisbon Portugal","article_publisher":"https:\/\/www.facebook.com\/people\/Lisboa-Central-Park-Hotel\/100057055796565\/","article_modified_time":"2026-01-19T20:54:06+00:00","og_image":[{"width":1920,"height":1281,"url":"https:\/\/lcpark.com\/wp-content\/uploads\/2024\/04\/LIsboa-Central-Park-Our-Services.webp","type":"image\/webp"}],"twitter_card":"summary_large_image","twitter_misc":{"Tempo estimado de leitura":"3 minutos"},"schema":{"@context":"https:\/\/schema.org","@graph":[{"@type":"WebPage","@id":"https:\/\/lcpark.com\/pt-pt\/servicos\/","url":"https:\/\/lcpark.com\/pt-pt\/servicos\/","name":"Servi\u00e7os | Lisboa Central Park Hotel","isPartOf":{"@id":"https:\/\/lcpark.com\/pt-pt\/#website"},"primaryImageOfPage":{"@id":"https:\/\/lcpark.com\/pt-pt\/servicos\/#primaryimage"},"image":{"@id":"https:\/\/lcpark.com\/pt-pt\/servicos\/#primaryimage"},"thumbnailUrl":"https:\/\/lcpark.com\/wp-content\/uploads\/2024\/04\/LIsboa-Central-Park-Our-Services.webp","datePublished":"2024-04-12T16:26:08+00:00","dateModified":"2026-01-19T20:54:06+00:00","description":"Um bom servi\u00e7o est\u00e1 no centro de tudo o que fazemos, estamos aqui para transformar a sua estadia numa experi\u00eancia fant\u00e1stica.","breadcrumb":{"@id":"https:\/\/lcpark.com\/pt-pt\/servicos\/#breadcrumb"},"inLanguage":"pt-PT","potentialAction":[{"@type":"ReadAction","target":["https:\/\/lcpark.com\/pt-pt\/servicos\/"]}]},{"@type":"ImageObject","inLanguage":"pt-PT","@id":"https:\/\/lcpark.com\/pt-pt\/servicos\/#primaryimage","url":"https:\/\/lcpark.com\/wp-content\/uploads\/2024\/04\/LIsboa-Central-Park-Our-Services.webp","contentUrl":"https:\/\/lcpark.com\/wp-content\/uploads\/2024\/04\/LIsboa-Central-Park-Our-Services.webp","width":1920,"height":1281},{"@type":"BreadcrumbList","@id":"https:\/\/lcpark.com\/pt-pt\/servicos\/#breadcrumb","itemListElement":[{"@type":"ListItem","position":1,"name":"Home","item":"https:\/\/lcpark.com\/pt-pt\/"},{"@type":"ListItem","position":2,"name":"Servi\u00e7os"}]},{"@type":"WebSite","@id":"https:\/\/lcpark.com\/pt-pt\/#website","url":"https:\/\/lcpark.com\/pt-pt\/","name":"Lisbon Central Park Hotel Suites & Studios","description":"Lisbon Central Park - Staging website description","publisher":{"@id":"https:\/\/lcpark.com\/pt-pt\/#organization"},"potentialAction":[{"@type":"SearchAction","target":{"@type":"EntryPoint","urlTemplate":"https:\/\/lcpark.com\/pt-pt\/?s={search_term_string}"},"query-input":{"@type":"PropertyValueSpecification","valueRequired":true,"valueName":"search_term_string"}}],"inLanguage":"pt-PT"},{"@type":"Organization","@id":"https:\/\/lcpark.com\/pt-pt\/#organization","name":"Lisbon Central Park Hotel Suites & Studios","alternateName":"Lisbon Central Park Hotel","url":"https:\/\/lcpark.com\/pt-pt\/","logo":{"@type":"ImageObject","inLanguage":"pt-PT","@id":"https:\/\/lcpark.com\/pt-pt\/#\/schema\/logo\/image\/","url":"https:\/\/lcpark.com\/wp-content\/uploads\/2024\/04\/Lisboa-Central-Park-Favicon-Logo-Circle-Transparent.webp","contentUrl":"https:\/\/lcpark.com\/wp-content\/uploads\/2024\/04\/Lisboa-Central-Park-Favicon-Logo-Circle-Transparent.webp","width":834,"height":834,"caption":"Lisbon Central Park Hotel Suites & Studios"},"image":{"@id":"https:\/\/lcpark.com\/pt-pt\/#\/schema\/logo\/image\/"},"sameAs":["https:\/\/www.facebook.com\/people\/Lisboa-Central-Park-Hotel\/100057055796565\/","https:\/\/www.instagram.com\/lisboacentralpark\/"]}]}},"_links":{"self":[{"href":"https:\/\/lcpark.com\/pt-pt\/wp-json\/wp\/v2\/pages\/1810","targetHints":{"allow":["GET"]}}],"collection":[{"href":"https:\/\/lcpark.com\/pt-pt\/wp-json\/wp\/v2\/pages"}],"about":[{"href":"https:\/\/lcpark.com\/pt-pt\/wp-json\/wp\/v2\/types\/page"}],"author":[{"embeddable":true,"href":"https:\/\/lcpark.com\/pt-pt\/wp-json\/wp\/v2\/users\/2"}],"replies":[{"embeddable":true,"href":"https:\/\/lcpark.com\/pt-pt\/wp-json\/wp\/v2\/comments?post=1810"}],"version-history":[{"count":11,"href":"https:\/\/lcpark.com\/pt-pt\/wp-json\/wp\/v2\/pages\/1810\/revisions"}],"predecessor-version":[{"id":3118,"href":"https:\/\/lcpark.com\/pt-pt\/wp-json\/wp\/v2\/pages\/1810\/revisions\/3118"}],"wp:featuredmedia":[{"embeddable":true,"href":"https:\/\/lcpark.com\/pt-pt\/wp-json\/wp\/v2\/media\/1699"}],"wp:attachment":[{"href":"https:\/\/lcpark.com\/pt-pt\/wp-json\/wp\/v2\/media?parent=1810"}],"curies":[{"name":"wp","href":"https:\/\/api.w.org\/{rel}","templated":true}]}}