{"id":1817,"date":"2024-03-27T12:39:59","date_gmt":"2024-03-27T12:39:59","guid":{"rendered":"https:\/\/lcpark.com\/restaurante-terceiro-sentido\/"},"modified":"2024-05-01T11:16:35","modified_gmt":"2024-05-01T11:16:35","slug":"restaurante-terceiro-sentido","status":"publish","type":"page","link":"https:\/\/lcpark.com\/pt-pt\/restaurante-terceiro-sentido\/","title":{"rendered":"Restaurante Terceiro Sentido"},"content":{"rendered":"<section class=\"l-section wpb_row height_auto width_full with_img\"><div class=\"l-section-img\" role=\"img\" aria-label=\"Restaurante Terceiro Sentido Lisboa Central Park Hotel\" data-img-width=\"1920\" data-img-height=\"1080\" style=\"background-image: url(https:\/\/lcpark.com\/wp-content\/uploads\/2024\/04\/Restaurante-Terceiro-Sentido-Lisboa-Central-Park.webp);background-position: top right;background-repeat: no-repeat;\"><\/div><div class=\"l-section-overlay\" style=\"background:rgba(0,0,0,0.10)\"><\/div><div class=\"l-section-h i-cf\"><div class=\"g-cols vc_row via_grid cols_1 laptops-cols_inherit tablets-cols_inherit mobiles-cols_1 valign_top type_default stacking_default\"><div class=\"wpb_column vc_column_container\"><div class=\"vc_column-inner\"><div class=\"w-separator size_custom\" style=\"height:350px\" id=\"lbbe\"><style>@media(max-width:1024px){ #lbbe{height:250px!important}}@media(max-width:600px){ #lbbe{height:150px!important}}<\/style><\/div><div class=\"w-image hide_on_tablets hide_on_mobiles align_center\"><div class=\"w-image-h\"><img decoding=\"async\" width=\"120\" height=\"120\" src=\"https:\/\/lcpark.com\/wp-content\/uploads\/2023\/10\/Lisboa-Central-Park-Icon-Transparent.webp\" class=\"attachment-full size-full\" alt=\"\" loading=\"lazy\" \/><\/div><\/div><div class=\"w-separator size_medium\"><\/div><div class=\"w-iconbox hide_on_tablets hide_on_mobiles iconpos_top style_default color_custom align_center no_text no_title\"><div class=\"w-iconbox-icon\" style=\"font-size:calc( 1rem + 1vmax);--icon-color:#D9C39A;\"><i class=\"fal fa-long-arrow-down\"><\/i><\/div><div class=\"w-iconbox-meta\"><\/div><\/div><div class=\"w-separator size_custom\" style=\"height:350px\" id=\"a37c\"><style>@media(max-width:1024px){ #a37c{height:250px!important}}@media(max-width:600px){ #a37c{height:150px!important}}<\/style><\/div><\/div><\/div><\/div><\/div><\/section><section class=\"l-section wpb_row height_medium\"><div class=\"l-section-h i-cf\"><div class=\"g-cols vc_row via_grid cols_1-4-1 laptops-cols_inherit tablets-cols_inherit mobiles-cols_1 valign_top type_default stacking_default\"><div class=\"wpb_column vc_column_container\"><div class=\"vc_column-inner\"><\/div><\/div><div class=\"wpb_column vc_column_container\"><div class=\"vc_column-inner\"><div class=\"wpb_text_column\"><div class=\"wpb_wrapper\"><h1 style=\"text-align: center;\">RESTAURANTE<\/h1>\n<\/div><\/div><div class=\"w-separator size_custom\" style=\"height:10px\"><\/div><div class=\"wpb_text_column\"><div class=\"wpb_wrapper\"><p style=\"text-align: center;\">Desperte os seus sentidos todas as manh\u00e3s com o nosso pequeno-almo\u00e7o continental. \u00c0 medida que o dia passa, o Terceiro Sentido Bistr\u00f4 transforma-se num espa\u00e7o para almo\u00e7os e jantares, oferecendo um menu que mostra a cozinha portuguesa com um toque moderno.<\/p>\n<\/div><\/div><\/div><\/div><div class=\"wpb_column vc_column_container\"><div class=\"vc_column-inner\"><\/div><\/div><\/div><\/div><\/section><section class=\"l-section wpb_row height_medium width_custom\" style=\"--site-content-width:1200px;\"><div class=\"l-section-h i-cf\"><div class=\"g-cols vc_row via_grid cols_5-7 laptops-cols_inherit tablets-cols_inherit mobiles-cols_1 valign_top type_default stacking_default\" style=\"--columns-gap:0rem;\"><div class=\"wpb_column vc_column_container special-column-inner\"><div class=\"vc_column-inner\"><div class=\"g-cols wpb_row us_custom_afa92309 via_grid cols_1 laptops-cols_inherit tablets-cols_inherit mobiles-cols_1 valign_top type_default stacking_default\" style=\"--columns-gap:0rem;\"><div class=\"wpb_column vc_column_container us_custom_76403429 has_bg_color\"><div class=\"vc_column-inner\"><div class=\"w-separator size_medium\"><\/div><div class=\"wpb_text_column\"><div class=\"wpb_wrapper\"><h2 class=\"imageOverlap_styles_scss__imageOverlap__title imageOverlap_styles_scss__imageOverlap__title__after imageOverlap_styles_scss__imageOverlap__title__after--left h2\">UM IN\u00cdCIO DE DIA PERFEITO<\/h2>\n<\/div><\/div><div class=\"w-separator size_custom\" style=\"height:10px\"><\/div><div class=\"wpb_text_column\"><div class=\"wpb_wrapper\"><p>Experimente o aroma de croissants acabados de fazer, waffles quentes e panquecas a encher o ar da manh\u00e3. Experimente o p\u00e3o quente, acabado de sair do forno, acompanhado de uma variedade de pastelaria, fruta, ovos, granola, iogurtes, sumos naturais e uma variedade de queijos.<\/p>\n<p>Pequeno-almo\u00e7o das 7:30 \u00e0s 10:00<\/p>\n<\/div><\/div><div class=\"w-separator hide_on_mobiles size_huge\"><\/div><\/div><\/div><\/div><\/div><\/div><div class=\"wpb_column vc_column_container special-column-inner\"><div class=\"vc_column-inner\"><div class=\"g-cols wpb_row via_grid cols_2 laptops-cols_inherit tablets-cols_inherit mobiles-cols_1 valign_top type_default stacking_default\" style=\"--columns-gap:0rem;\"><div class=\"wpb_column vc_column_container us_custom_afa92309 has_bg_color\"><div class=\"vc_column-inner\"><div class=\"w-separator hide_on_tablets hide_on_mobiles size_small\"><\/div><\/div><\/div><div class=\"wpb_column vc_column_container\"><div class=\"vc_column-inner\"><\/div><\/div><\/div><div class=\"w-image us_custom_0140f05a align_none\"><div class=\"w-image-h\"><img decoding=\"async\" width=\"1920\" height=\"1280\" src=\"https:\/\/lcpark.com\/wp-content\/uploads\/2024\/04\/Breakfast-Lisboa-Central-Park.webp\" class=\"attachment-full size-full\" alt=\"\" loading=\"lazy\" srcset=\"https:\/\/lcpark.com\/wp-content\/uploads\/2024\/04\/Breakfast-Lisboa-Central-Park.webp 1920w, https:\/\/lcpark.com\/wp-content\/uploads\/2024\/04\/Breakfast-Lisboa-Central-Park-300x200.webp 300w, https:\/\/lcpark.com\/wp-content\/uploads\/2024\/04\/Breakfast-Lisboa-Central-Park-1024x683.webp 1024w\" sizes=\"auto, (max-width: 1920px) 100vw, 1920px\" \/><\/div><\/div><\/div><\/div><\/div><\/div><\/section><section class=\"l-section wpb_row height_medium width_custom\" style=\"--site-content-width:1280px;\"><div class=\"l-section-h i-cf\"><div class=\"g-cols vc_row via_grid cols_custom laptops-cols_inherit tablets-cols_inherit mobiles-cols_1 valign_top type_default stacking_default\" style=\"--custom-columns:0.5fr 3fr 2fr 0.5fr \"><div class=\"wpb_column vc_column_container\"><div class=\"vc_column-inner\"><\/div><\/div><div class=\"wpb_column vc_column_container\"><div class=\"vc_column-inner\"><div class=\"wpb_text_column\"><div class=\"wpb_wrapper\"><h2>ALMO\u00c7O \u00c0 PORTUGUESA COM UM TOQUE CONTEMPOR\u00c2NEO<\/h2>\n<\/div><\/div><div class=\"w-separator size_custom\" style=\"height:30px\"><\/div><div class=\"w-image us_custom_0140f05a align_none\"><div class=\"w-image-h\"><img decoding=\"async\" width=\"1140\" height=\"1596\" src=\"https:\/\/lcpark.com\/wp-content\/uploads\/2024\/04\/Restaurant-Terceiro-Sentido-Portuguese-Cuisine.webp\" class=\"attachment-full size-full\" alt=\"Restaurante Terceiro Sentido Bistr\u00f4\" loading=\"lazy\" srcset=\"https:\/\/lcpark.com\/wp-content\/uploads\/2024\/04\/Restaurant-Terceiro-Sentido-Portuguese-Cuisine.webp 1140w, https:\/\/lcpark.com\/wp-content\/uploads\/2024\/04\/Restaurant-Terceiro-Sentido-Portuguese-Cuisine-214x300.webp 214w, https:\/\/lcpark.com\/wp-content\/uploads\/2024\/04\/Restaurant-Terceiro-Sentido-Portuguese-Cuisine-731x1024.webp 731w\" sizes=\"auto, (max-width: 1140px) 100vw, 1140px\" \/><\/div><\/div><\/div><\/div><div class=\"wpb_column vc_column_container\"><div class=\"vc_column-inner\"><div class=\"w-image us_custom_0140f05a hide_on_tablets hide_on_mobiles align_none\"><div class=\"w-image-h\"><img decoding=\"async\" width=\"1140\" height=\"1596\" src=\"https:\/\/lcpark.com\/wp-content\/uploads\/2024\/04\/Restaurant-Terceiro-Sentido-Portuguese-Cuisine-Cod.webp\" class=\"attachment-full size-full\" alt=\"Restaurante Terceiro Sentido Bistr\u00f4 Cozinha Portuguesa\" loading=\"lazy\" srcset=\"https:\/\/lcpark.com\/wp-content\/uploads\/2024\/04\/Restaurant-Terceiro-Sentido-Portuguese-Cuisine-Cod.webp 1140w, https:\/\/lcpark.com\/wp-content\/uploads\/2024\/04\/Restaurant-Terceiro-Sentido-Portuguese-Cuisine-Cod-214x300.webp 214w, https:\/\/lcpark.com\/wp-content\/uploads\/2024\/04\/Restaurant-Terceiro-Sentido-Portuguese-Cuisine-Cod-731x1024.webp 731w\" sizes=\"auto, (max-width: 1140px) 100vw, 1140px\" \/><\/div><\/div><div class=\"w-separator hide_on_mobiles size_custom\" style=\"height:80px\"><\/div><div class=\"wpb_text_column\"><div class=\"wpb_wrapper\"><p>Experimente o nosso menu executivo, perfeito para um almo\u00e7o de neg\u00f3cios produtivo. Explore o nosso menu \u00e0 la carte com pratos inspirados na cozinha portuguesa, como o Arroz de Polvo, o Bacalhau Confitado acompanhado de Pur\u00e9 de Gr\u00e3o-de-bico, os peixinhos da horta e e a saborosa Bochecha de Novilho servida com Pur\u00e9 de Batata Trufado.<\/p>\n<p>Almo\u00e7o 12.30 \u2013 15.30<\/p>\n<\/div><\/div><div class=\"w-separator size_small\"><\/div><div class=\"w-btn-wrapper align_none\"><a class=\"w-btn us-btn-style_3 SeeMoreButtonStyle SeeMoreButton\" href=\"https:\/\/lcpark.com\/wp-content\/uploads\/2024\/05\/3s_menu.pdf\"><span class=\"w-btn-label\">VER MENU<\/span><\/a><\/div><\/div><\/div><div class=\"wpb_column vc_column_container\"><div class=\"vc_column-inner\"><\/div><\/div><\/div><\/div><\/section><section class=\"l-section wpb_row height_medium width_custom\" style=\"--site-content-width:1200px;\"><div class=\"l-section-h i-cf\"><div class=\"g-cols vc_row via_grid cols_7-5 laptops-cols_inherit tablets-cols_inherit mobiles-cols_1 valign_top type_default stacking_default\" style=\"--columns-gap:0rem;\"><div class=\"wpb_column vc_column_container special-column-inner\"><div class=\"vc_column-inner\"><div class=\"g-cols wpb_row via_grid cols_2 laptops-cols_inherit tablets-cols_inherit mobiles-cols_1 valign_top type_default stacking_default\" style=\"--columns-gap:0rem;\"><div class=\"wpb_column vc_column_container\"><div class=\"vc_column-inner\"><\/div><\/div><div class=\"wpb_column vc_column_container us_custom_afa92309 has_bg_color\"><div class=\"vc_column-inner\"><div class=\"w-separator size_small\"><\/div><\/div><\/div><\/div><div class=\"w-image us_custom_0140f05a align_none\"><div class=\"w-image-h\"><img decoding=\"async\" width=\"1920\" height=\"1291\" src=\"https:\/\/lcpark.com\/wp-content\/uploads\/2024\/04\/Restaurant-Terceiro-Sentido-international-favourites-with-local-twist.webp\" class=\"attachment-full size-full\" alt=\"Restaurante Terceiro Sentido Lisboa Central Park Galeria\" loading=\"lazy\" srcset=\"https:\/\/lcpark.com\/wp-content\/uploads\/2024\/04\/Restaurant-Terceiro-Sentido-international-favourites-with-local-twist.webp 1920w, https:\/\/lcpark.com\/wp-content\/uploads\/2024\/04\/Restaurant-Terceiro-Sentido-international-favourites-with-local-twist-300x202.webp 300w, https:\/\/lcpark.com\/wp-content\/uploads\/2024\/04\/Restaurant-Terceiro-Sentido-international-favourites-with-local-twist-1024x689.webp 1024w\" sizes=\"auto, (max-width: 1920px) 100vw, 1920px\" \/><\/div><\/div><\/div><\/div><div class=\"wpb_column vc_column_container special-column-inner\"><div class=\"vc_column-inner\"><div class=\"g-cols wpb_row us_custom_afa92309 via_grid cols_1 laptops-cols_inherit tablets-cols_inherit mobiles-cols_1 valign_top type_default stacking_default\" style=\"--columns-gap:0rem;\"><div class=\"wpb_column vc_column_container us_custom_76403429 has_bg_color\"><div class=\"vc_column-inner\"><div class=\"w-separator size_medium\"><\/div><div class=\"wpb_text_column\"><div class=\"wpb_wrapper\"><h2>UM FIM DE DIA AGRAD\u00c1VEL<\/h2>\n<\/div><\/div><div class=\"w-separator size_custom\" style=\"height:10px\"><\/div><div class=\"wpb_text_column\"><div class=\"wpb_wrapper\"><p>Junte-se a n\u00f3s para jantar ou para um merecido mimo p\u00f3s-compras na Avenida da Liberdade. Experimente os nossos pratos portugueses com um toque contempor\u00e2neo ou explore os favoritos internacionais com um toque de influ\u00eancia local.<\/p>\n<p>Jantar 19.30 \u2013 23.00.<\/p>\n<\/div><\/div><div class=\"w-separator size_small\"><\/div><div class=\"w-btn-wrapper align_none\"><a class=\"w-btn us-btn-style_3 SeeMoreButtonStyle SeeMoreButton\" href=\"https:\/\/lcpark.com\/wp-content\/uploads\/2024\/05\/3s_menu.pdf\"><span class=\"w-btn-label\">VER MENU<\/span><\/a><\/div><div class=\"w-separator size_huge\"><\/div><\/div><\/div><\/div><\/div><\/div><\/div><\/div><\/section><section class=\"l-section wpb_row height_auto width_full\"><div class=\"l-section-h i-cf\"><div class=\"g-cols vc_row via_grid cols_1 laptops-cols_inherit tablets-cols_inherit mobiles-cols_1 valign_top type_default\" style=\"--columns-gap:0rem;\"><div class=\"wpb_column vc_column_container roomgallery\"><div class=\"vc_column-inner\"><div class=\"w-image align_center\"><div class=\"w-image-h\"><img decoding=\"async\" width=\"1920\" height=\"1200\" src=\"https:\/\/lcpark.com\/wp-content\/uploads\/2024\/04\/Hotel-Lisboa-Central-Park-Restaurant-at-Night.webp\" class=\"attachment-full size-full\" alt=\"\" loading=\"lazy\" srcset=\"https:\/\/lcpark.com\/wp-content\/uploads\/2024\/04\/Hotel-Lisboa-Central-Park-Restaurant-at-Night.webp 1920w, https:\/\/lcpark.com\/wp-content\/uploads\/2024\/04\/Hotel-Lisboa-Central-Park-Restaurant-at-Night-300x188.webp 300w, https:\/\/lcpark.com\/wp-content\/uploads\/2024\/04\/Hotel-Lisboa-Central-Park-Restaurant-at-Night-1024x640.webp 1024w\" sizes=\"auto, (max-width: 1920px) 100vw, 1920px\" \/><\/div><\/div><\/div><\/div><\/div><\/div><\/section>\n","protected":false},"excerpt":{"rendered":"RESTAURANTE Desperte os seus sentidos todas as manh\u00e3s com o nosso pequeno-almo\u00e7o continental. \u00c0 medida que o dia passa, o Terceiro Sentido Bistr\u00f4 transforma-se num espa\u00e7o para almo\u00e7os e jantares, oferecendo um menu que mostra a cozinha portuguesa com um toque moderno. UM IN\u00cdCIO DE DIA PERFEITO Experimente o aroma de croissants acabados de fazer,...","protected":false},"author":2,"featured_media":1667,"parent":0,"menu_order":0,"comment_status":"closed","ping_status":"open","template":"","meta":{"footnotes":""},"class_list":["post-1817","page","type-page","status-publish","has-post-thumbnail","hentry"],"yoast_head":"<!-- This site is optimized with the Yoast SEO plugin v27.4 - https:\/\/yoast.com\/product\/yoast-seo-wordpress\/ -->\n<title>Restaurante Terceiro Sentido Bistr\u00f4 | Lisboa Central Park Hotel<\/title>\n<meta name=\"description\" content=\"O Terceiro Sentido Bistr\u00f4 do Lisboa Central Park Hotel Suites &amp; Studios apresenta um menu de cozinha portuguesa com um toque contempor\u00e2neo.\" \/>\n<meta name=\"robots\" content=\"index, follow, max-snippet:-1, max-image-preview:large, max-video-preview:-1\" \/>\n<link rel=\"canonical\" href=\"https:\/\/lcpark.com\/pt-pt\/restaurante-terceiro-sentido\/\" \/>\n<meta property=\"og:locale\" content=\"pt_PT\" \/>\n<meta property=\"og:type\" content=\"article\" \/>\n<meta property=\"og:title\" content=\"Restaurante Terceiro Sentido Bistr\u00f4 | Lisboa Central Park Hotel\" \/>\n<meta property=\"og:description\" content=\"O Terceiro Sentido Bistr\u00f4 do Lisboa Central Park Hotel Suites &amp; Studios apresenta um menu de cozinha portuguesa com um toque contempor\u00e2neo.\" \/>\n<meta property=\"og:url\" content=\"https:\/\/lcpark.com\/pt-pt\/restaurante-terceiro-sentido\/\" \/>\n<meta property=\"og:site_name\" content=\"Lisboa Central Park Hotel Suites &amp; Studios, Lisbon Portugal\" \/>\n<meta property=\"article:publisher\" content=\"https:\/\/www.facebook.com\/people\/Lisboa-Central-Park-Hotel\/100057055796565\/\" \/>\n<meta property=\"article:modified_time\" content=\"2024-05-01T11:16:35+00:00\" \/>\n<meta property=\"og:image\" content=\"https:\/\/lcpark.com\/wp-content\/uploads\/2024\/04\/Restaurante-Terceiro-Sentido-Lisboa-Central-Park.webp\" \/>\n\t<meta property=\"og:image:width\" content=\"1920\" \/>\n\t<meta property=\"og:image:height\" content=\"1080\" \/>\n\t<meta property=\"og:image:type\" content=\"image\/webp\" \/>\n<meta name=\"twitter:card\" content=\"summary_large_image\" \/>\n<meta name=\"twitter:label1\" content=\"Tempo estimado de leitura\" \/>\n\t<meta name=\"twitter:data1\" content=\"5 minutos\" \/>\n<script type=\"application\/ld+json\" class=\"yoast-schema-graph\">{\"@context\":\"https:\\\/\\\/schema.org\",\"@graph\":[{\"@type\":\"WebPage\",\"@id\":\"https:\\\/\\\/lcpark.com\\\/pt-pt\\\/restaurante-terceiro-sentido\\\/\",\"url\":\"https:\\\/\\\/lcpark.com\\\/pt-pt\\\/restaurante-terceiro-sentido\\\/\",\"name\":\"Restaurante Terceiro Sentido Bistr\u00f4 | Lisboa Central Park Hotel\",\"isPartOf\":{\"@id\":\"https:\\\/\\\/lcpark.com\\\/pt-pt\\\/#website\"},\"primaryImageOfPage\":{\"@id\":\"https:\\\/\\\/lcpark.com\\\/pt-pt\\\/restaurante-terceiro-sentido\\\/#primaryimage\"},\"image\":{\"@id\":\"https:\\\/\\\/lcpark.com\\\/pt-pt\\\/restaurante-terceiro-sentido\\\/#primaryimage\"},\"thumbnailUrl\":\"https:\\\/\\\/lcpark.com\\\/wp-content\\\/uploads\\\/2024\\\/04\\\/Restaurante-Terceiro-Sentido-Lisboa-Central-Park.webp\",\"datePublished\":\"2024-03-27T12:39:59+00:00\",\"dateModified\":\"2024-05-01T11:16:35+00:00\",\"description\":\"O Terceiro Sentido Bistr\u00f4 do Lisboa Central Park Hotel Suites & Studios apresenta um menu de cozinha portuguesa com um toque contempor\u00e2neo.\",\"breadcrumb\":{\"@id\":\"https:\\\/\\\/lcpark.com\\\/pt-pt\\\/restaurante-terceiro-sentido\\\/#breadcrumb\"},\"inLanguage\":\"pt-PT\",\"potentialAction\":[{\"@type\":\"ReadAction\",\"target\":[\"https:\\\/\\\/lcpark.com\\\/pt-pt\\\/restaurante-terceiro-sentido\\\/\"]}]},{\"@type\":\"ImageObject\",\"inLanguage\":\"pt-PT\",\"@id\":\"https:\\\/\\\/lcpark.com\\\/pt-pt\\\/restaurante-terceiro-sentido\\\/#primaryimage\",\"url\":\"https:\\\/\\\/lcpark.com\\\/wp-content\\\/uploads\\\/2024\\\/04\\\/Restaurante-Terceiro-Sentido-Lisboa-Central-Park.webp\",\"contentUrl\":\"https:\\\/\\\/lcpark.com\\\/wp-content\\\/uploads\\\/2024\\\/04\\\/Restaurante-Terceiro-Sentido-Lisboa-Central-Park.webp\",\"width\":1920,\"height\":1080,\"caption\":\"Restaurante Terceiro Sentido Lisboa Central Park Hotel\"},{\"@type\":\"BreadcrumbList\",\"@id\":\"https:\\\/\\\/lcpark.com\\\/pt-pt\\\/restaurante-terceiro-sentido\\\/#breadcrumb\",\"itemListElement\":[{\"@type\":\"ListItem\",\"position\":1,\"name\":\"Home\",\"item\":\"https:\\\/\\\/lcpark.com\\\/pt-pt\\\/\"},{\"@type\":\"ListItem\",\"position\":2,\"name\":\"Restaurante Terceiro Sentido\"}]},{\"@type\":\"WebSite\",\"@id\":\"https:\\\/\\\/lcpark.com\\\/pt-pt\\\/#website\",\"url\":\"https:\\\/\\\/lcpark.com\\\/pt-pt\\\/\",\"name\":\"Lisbon Central Park Hotel Suites & Studios\",\"description\":\"Lisbon Central Park - Staging website description\",\"publisher\":{\"@id\":\"https:\\\/\\\/lcpark.com\\\/pt-pt\\\/#organization\"},\"potentialAction\":[{\"@type\":\"SearchAction\",\"target\":{\"@type\":\"EntryPoint\",\"urlTemplate\":\"https:\\\/\\\/lcpark.com\\\/pt-pt\\\/?s={search_term_string}\"},\"query-input\":{\"@type\":\"PropertyValueSpecification\",\"valueRequired\":true,\"valueName\":\"search_term_string\"}}],\"inLanguage\":\"pt-PT\"},{\"@type\":\"Organization\",\"@id\":\"https:\\\/\\\/lcpark.com\\\/pt-pt\\\/#organization\",\"name\":\"Lisbon Central Park Hotel Suites & Studios\",\"alternateName\":\"Lisbon Central Park Hotel\",\"url\":\"https:\\\/\\\/lcpark.com\\\/pt-pt\\\/\",\"logo\":{\"@type\":\"ImageObject\",\"inLanguage\":\"pt-PT\",\"@id\":\"https:\\\/\\\/lcpark.com\\\/pt-pt\\\/#\\\/schema\\\/logo\\\/image\\\/\",\"url\":\"https:\\\/\\\/lcpark.com\\\/wp-content\\\/uploads\\\/2024\\\/04\\\/Lisboa-Central-Park-Favicon-Logo-Circle-Transparent.webp\",\"contentUrl\":\"https:\\\/\\\/lcpark.com\\\/wp-content\\\/uploads\\\/2024\\\/04\\\/Lisboa-Central-Park-Favicon-Logo-Circle-Transparent.webp\",\"width\":834,\"height\":834,\"caption\":\"Lisbon Central Park Hotel Suites & Studios\"},\"image\":{\"@id\":\"https:\\\/\\\/lcpark.com\\\/pt-pt\\\/#\\\/schema\\\/logo\\\/image\\\/\"},\"sameAs\":[\"https:\\\/\\\/www.facebook.com\\\/people\\\/Lisboa-Central-Park-Hotel\\\/100057055796565\\\/\",\"https:\\\/\\\/www.instagram.com\\\/lisboacentralpark\\\/\"]}]}<\/script>\n<!-- \/ Yoast SEO plugin. -->","yoast_head_json":{"title":"Restaurante Terceiro Sentido Bistr\u00f4 | Lisboa Central Park Hotel","description":"O Terceiro Sentido Bistr\u00f4 do Lisboa Central Park Hotel Suites & Studios apresenta um menu de cozinha portuguesa com um toque contempor\u00e2neo.","robots":{"index":"index","follow":"follow","max-snippet":"max-snippet:-1","max-image-preview":"max-image-preview:large","max-video-preview":"max-video-preview:-1"},"canonical":"https:\/\/lcpark.com\/pt-pt\/restaurante-terceiro-sentido\/","og_locale":"pt_PT","og_type":"article","og_title":"Restaurante Terceiro Sentido Bistr\u00f4 | Lisboa Central Park Hotel","og_description":"O Terceiro Sentido Bistr\u00f4 do Lisboa Central Park Hotel Suites & Studios apresenta um menu de cozinha portuguesa com um toque contempor\u00e2neo.","og_url":"https:\/\/lcpark.com\/pt-pt\/restaurante-terceiro-sentido\/","og_site_name":"Lisboa Central Park Hotel Suites &amp; Studios, Lisbon Portugal","article_publisher":"https:\/\/www.facebook.com\/people\/Lisboa-Central-Park-Hotel\/100057055796565\/","article_modified_time":"2024-05-01T11:16:35+00:00","og_image":[{"width":1920,"height":1080,"url":"https:\/\/lcpark.com\/wp-content\/uploads\/2024\/04\/Restaurante-Terceiro-Sentido-Lisboa-Central-Park.webp","type":"image\/webp"}],"twitter_card":"summary_large_image","twitter_misc":{"Tempo estimado de leitura":"5 minutos"},"schema":{"@context":"https:\/\/schema.org","@graph":[{"@type":"WebPage","@id":"https:\/\/lcpark.com\/pt-pt\/restaurante-terceiro-sentido\/","url":"https:\/\/lcpark.com\/pt-pt\/restaurante-terceiro-sentido\/","name":"Restaurante Terceiro Sentido Bistr\u00f4 | Lisboa Central Park Hotel","isPartOf":{"@id":"https:\/\/lcpark.com\/pt-pt\/#website"},"primaryImageOfPage":{"@id":"https:\/\/lcpark.com\/pt-pt\/restaurante-terceiro-sentido\/#primaryimage"},"image":{"@id":"https:\/\/lcpark.com\/pt-pt\/restaurante-terceiro-sentido\/#primaryimage"},"thumbnailUrl":"https:\/\/lcpark.com\/wp-content\/uploads\/2024\/04\/Restaurante-Terceiro-Sentido-Lisboa-Central-Park.webp","datePublished":"2024-03-27T12:39:59+00:00","dateModified":"2024-05-01T11:16:35+00:00","description":"O Terceiro Sentido Bistr\u00f4 do Lisboa Central Park Hotel Suites & Studios apresenta um menu de cozinha portuguesa com um toque contempor\u00e2neo.","breadcrumb":{"@id":"https:\/\/lcpark.com\/pt-pt\/restaurante-terceiro-sentido\/#breadcrumb"},"inLanguage":"pt-PT","potentialAction":[{"@type":"ReadAction","target":["https:\/\/lcpark.com\/pt-pt\/restaurante-terceiro-sentido\/"]}]},{"@type":"ImageObject","inLanguage":"pt-PT","@id":"https:\/\/lcpark.com\/pt-pt\/restaurante-terceiro-sentido\/#primaryimage","url":"https:\/\/lcpark.com\/wp-content\/uploads\/2024\/04\/Restaurante-Terceiro-Sentido-Lisboa-Central-Park.webp","contentUrl":"https:\/\/lcpark.com\/wp-content\/uploads\/2024\/04\/Restaurante-Terceiro-Sentido-Lisboa-Central-Park.webp","width":1920,"height":1080,"caption":"Restaurante Terceiro Sentido Lisboa Central Park Hotel"},{"@type":"BreadcrumbList","@id":"https:\/\/lcpark.com\/pt-pt\/restaurante-terceiro-sentido\/#breadcrumb","itemListElement":[{"@type":"ListItem","position":1,"name":"Home","item":"https:\/\/lcpark.com\/pt-pt\/"},{"@type":"ListItem","position":2,"name":"Restaurante Terceiro Sentido"}]},{"@type":"WebSite","@id":"https:\/\/lcpark.com\/pt-pt\/#website","url":"https:\/\/lcpark.com\/pt-pt\/","name":"Lisbon Central Park Hotel Suites & Studios","description":"Lisbon Central Park - Staging website description","publisher":{"@id":"https:\/\/lcpark.com\/pt-pt\/#organization"},"potentialAction":[{"@type":"SearchAction","target":{"@type":"EntryPoint","urlTemplate":"https:\/\/lcpark.com\/pt-pt\/?s={search_term_string}"},"query-input":{"@type":"PropertyValueSpecification","valueRequired":true,"valueName":"search_term_string"}}],"inLanguage":"pt-PT"},{"@type":"Organization","@id":"https:\/\/lcpark.com\/pt-pt\/#organization","name":"Lisbon Central Park Hotel Suites & Studios","alternateName":"Lisbon Central Park Hotel","url":"https:\/\/lcpark.com\/pt-pt\/","logo":{"@type":"ImageObject","inLanguage":"pt-PT","@id":"https:\/\/lcpark.com\/pt-pt\/#\/schema\/logo\/image\/","url":"https:\/\/lcpark.com\/wp-content\/uploads\/2024\/04\/Lisboa-Central-Park-Favicon-Logo-Circle-Transparent.webp","contentUrl":"https:\/\/lcpark.com\/wp-content\/uploads\/2024\/04\/Lisboa-Central-Park-Favicon-Logo-Circle-Transparent.webp","width":834,"height":834,"caption":"Lisbon Central Park Hotel Suites & Studios"},"image":{"@id":"https:\/\/lcpark.com\/pt-pt\/#\/schema\/logo\/image\/"},"sameAs":["https:\/\/www.facebook.com\/people\/Lisboa-Central-Park-Hotel\/100057055796565\/","https:\/\/www.instagram.com\/lisboacentralpark\/"]}]}},"_links":{"self":[{"href":"https:\/\/lcpark.com\/pt-pt\/wp-json\/wp\/v2\/pages\/1817","targetHints":{"allow":["GET"]}}],"collection":[{"href":"https:\/\/lcpark.com\/pt-pt\/wp-json\/wp\/v2\/pages"}],"about":[{"href":"https:\/\/lcpark.com\/pt-pt\/wp-json\/wp\/v2\/types\/page"}],"author":[{"embeddable":true,"href":"https:\/\/lcpark.com\/pt-pt\/wp-json\/wp\/v2\/users\/2"}],"replies":[{"embeddable":true,"href":"https:\/\/lcpark.com\/pt-pt\/wp-json\/wp\/v2\/comments?post=1817"}],"version-history":[{"count":28,"href":"https:\/\/lcpark.com\/pt-pt\/wp-json\/wp\/v2\/pages\/1817\/revisions"}],"predecessor-version":[{"id":2016,"href":"https:\/\/lcpark.com\/pt-pt\/wp-json\/wp\/v2\/pages\/1817\/revisions\/2016"}],"wp:featuredmedia":[{"embeddable":true,"href":"https:\/\/lcpark.com\/pt-pt\/wp-json\/wp\/v2\/media\/1667"}],"wp:attachment":[{"href":"https:\/\/lcpark.com\/pt-pt\/wp-json\/wp\/v2\/media?parent=1817"}],"curies":[{"name":"wp","href":"https:\/\/api.w.org\/{rel}","templated":true}]}}