{"id":3089,"date":"2025-10-25T17:37:04","date_gmt":"2025-10-25T17:37:04","guid":{"rendered":"https:\/\/lcpark.com\/wonderland-lisboa-mercado-de-natal\/"},"modified":"2025-11-14T19:09:46","modified_gmt":"2025-11-14T19:09:46","slug":"wonderland-lisboa-mercado-de-natal","status":"publish","type":"page","link":"https:\/\/lcpark.com\/pt-pt\/wonderland-lisboa-mercado-de-natal\/","title":{"rendered":"Wonderland Lisboa Mercado de Natal"},"content":{"rendered":"<section class=\"l-section wpb_row height_auto width_full with_img parallax_ver\"><div class=\"l-section-img\" role=\"img\" aria-label=\"Lisbon Christmas Market Wonderland Cover\" data-img-width=\"2400\" data-img-height=\"1599\" style=\"background-image: url(https:\/\/lcpark.com\/wp-content\/uploads\/2025\/10\/Lisbon-Christmas-Market-Wonderland-Cover.webp);background-position: bottom center;background-repeat: no-repeat;\"><\/div><div class=\"l-section-overlay\" style=\"background:rgba(0,0,0,0.20)\"><\/div><div class=\"l-section-h i-cf\"><div class=\"g-cols vc_row via_grid cols_1-4-1 laptops-cols_inherit tablets-cols_inherit mobiles-cols_1 valign_bottom type_default stacking_default\"><div class=\"wpb_column vc_column_container\"><div class=\"vc_column-inner\"><\/div><\/div><div class=\"wpb_column vc_column_container\"><div class=\"vc_column-inner\"><div class=\"w-separator size_custom\" style=\"height:65vh\" id=\"leba\"><style>@media(max-width:1024px){ #leba{height:60vh!important}}@media(max-width:600px){ #leba{height:60vh!important}}<\/style><\/div><div class=\"wpb_text_column\"><div class=\"wpb_wrapper\"><h1 style=\"text-align: center;\"><span style=\"color: #d9c39a;\">WONDERLAND LISBOA<\/span><\/h1>\n<\/div><\/div><div class=\"w-separator size_custom\" style=\"height:10px\"><\/div><div class=\"wpb_text_column us_custom_de67d1db\"><div class=\"wpb_wrapper\"><p style=\"text-align: center;\"><span style=\"color: #d9c39a;\">28 de Novembro de 2025 a 4 de Janeiro de 2026<\/span><\/p>\n<\/div><\/div><div class=\"w-separator size_custom\" style=\"height:30px\"><\/div><div class=\"w-btn-wrapper align_center\"><a class=\"w-btn us-btn-style_2\" href=\"https:\/\/www.secure-hotel-booking.com\/Lisboa-Central-Park-Hotel-Suites-Studios\/JREN?hotelId=14196&amp;arrivalDate=2025-12-10&amp;departureDate=2025-12-11&amp;selectedAdultCount=2\"><span class=\"w-btn-label\">RESERVAR ALOJAMENTO<\/span><\/a><\/div><div class=\"w-separator size_custom\" style=\"height:10vh\" id=\"f959\"><style>@media(max-width:1024px){ #f959{height:5vh!important}}@media(max-width:600px){ #f959{height:5vh!important}}<\/style><\/div><\/div><\/div><div class=\"wpb_column vc_column_container\"><div class=\"vc_column-inner\"><\/div><\/div><\/div><\/div><\/section><section class=\"l-section wpb_row height_medium\"><div class=\"l-section-h i-cf\"><div class=\"g-cols vc_row via_grid cols_1-4-1 laptops-cols_inherit tablets-cols_inherit mobiles-cols_1 valign_top type_default stacking_default\"><div class=\"wpb_column vc_column_container\"><div class=\"vc_column-inner\"><\/div><\/div><div class=\"wpb_column vc_column_container\"><div class=\"vc_column-inner\"><div class=\"wpb_text_column\"><div class=\"wpb_wrapper\"><h2 style=\"text-align: center;\">NATAL M\u00c1GICO<\/h2>\n<\/div><\/div><div class=\"w-separator size_custom\" style=\"height:20px\"><\/div><div class=\"wpb_text_column\"><div class=\"wpb_wrapper\"><p style=\"text-align: center;\"><em>Roda gigante com vistas deslumbrantes \u2022 Pista de gelo sustent\u00e1vel \u2022 Casa do Pai Natal \u2022 Mercado de Natal artesanal \u2022 Pra\u00e7a de alimenta\u00e7\u00e3o \u2022 M\u00fasica ao vivo<\/em><\/p>\n<\/div><\/div><div class=\"w-separator size_custom\" style=\"height:20px\"><\/div><div class=\"wpb_text_column\"><div class=\"wpb_wrapper\"><p style=\"text-align: center;\">Do outro lado da rua do Lisboa Central Park Hotel, o Wonderland Lisboa transforma o Parque Eduardo VII num mundo de sonho festivo, de 28 de novembro de 2025 a 4 de janeiro de 2026. Eleito o Melhor Mercado de Natal com Sol da Europa, este evento gratuito captura o encanto da \u00e9poca festiva sob o suave sol de inverno de Lisboa, onde luzes cintilantes, risos e m\u00fasica enchem o ar.<\/p>\n<\/div><\/div><\/div><\/div><div class=\"wpb_column vc_column_container\"><div class=\"vc_column-inner\"><\/div><\/div><\/div><\/div><\/section><section class=\"l-section wpb_row height_medium width_custom\" style=\"--site-content-width:1280px;\"><div class=\"l-section-h i-cf\"><div class=\"g-cols vc_row via_grid cols_custom laptops-cols_inherit tablets-cols_inherit mobiles-cols_1 valign_middle type_default stacking_default\" style=\"--custom-columns:0.5fr 3fr 2fr 0.5fr \"><div class=\"wpb_column vc_column_container\"><div class=\"vc_column-inner\"><\/div><\/div><div class=\"wpb_column vc_column_container\"><div class=\"vc_column-inner\"><div class=\"w-image us_custom_0140f05a align_none\"><div class=\"w-image-h\"><img decoding=\"async\" width=\"1140\" height=\"1596\" src=\"https:\/\/lcpark.com\/wp-content\/uploads\/2025\/10\/Lisbon-Christmas-Market-Park-Eduardo-VII.webp\" class=\"attachment-full size-full\" alt=\"Lisbon Christmas Market Park Eduardo VII\" loading=\"lazy\" srcset=\"https:\/\/lcpark.com\/wp-content\/uploads\/2025\/10\/Lisbon-Christmas-Market-Park-Eduardo-VII.webp 1140w, https:\/\/lcpark.com\/wp-content\/uploads\/2025\/10\/Lisbon-Christmas-Market-Park-Eduardo-VII-214x300.webp 214w, https:\/\/lcpark.com\/wp-content\/uploads\/2025\/10\/Lisbon-Christmas-Market-Park-Eduardo-VII-731x1024.webp 731w\" sizes=\"auto, (max-width: 1140px) 100vw, 1140px\" \/><\/div><\/div><\/div><\/div><div class=\"wpb_column vc_column_container\"><div class=\"vc_column-inner\"><div class=\"w-image us_custom_0140f05a align_none\"><div class=\"w-image-h\"><img decoding=\"async\" width=\"1707\" height=\"2560\" src=\"https:\/\/lcpark.com\/wp-content\/uploads\/2025\/10\/Ferris-wheel-at-Lisbon-Christmas-Market.webp\" class=\"attachment-full size-full\" alt=\"Ferris wheel at Lisbon Christmas Market Wonderland\" loading=\"lazy\" srcset=\"https:\/\/lcpark.com\/wp-content\/uploads\/2025\/10\/Ferris-wheel-at-Lisbon-Christmas-Market.webp 1707w, https:\/\/lcpark.com\/wp-content\/uploads\/2025\/10\/Ferris-wheel-at-Lisbon-Christmas-Market-200x300.webp 200w, https:\/\/lcpark.com\/wp-content\/uploads\/2025\/10\/Ferris-wheel-at-Lisbon-Christmas-Market-683x1024.webp 683w\" sizes=\"auto, (max-width: 1707px) 100vw, 1707px\" \/><\/div><\/div><\/div><\/div><div class=\"wpb_column vc_column_container\"><div class=\"vc_column-inner\"><\/div><\/div><\/div><\/div><\/section><section class=\"l-section wpb_row height_medium width_custom\" style=\"--site-content-width:1280px;\"><div class=\"l-section-h i-cf\"><div class=\"g-cols vc_row via_grid cols_custom laptops-cols_inherit tablets-cols_inherit mobiles-cols_1 valign_top type_default stacking_default\" style=\"--custom-columns:0.5fr 3fr 2fr 0.5fr \"><div class=\"wpb_column vc_column_container\"><div class=\"vc_column-inner\"><\/div><\/div><div class=\"wpb_column vc_column_container\"><div class=\"vc_column-inner\"><div class=\"wpb_text_column\"><div class=\"wpb_wrapper\"><p>Os visitantes podem apreciar uma atmosfera verdadeiramente m\u00e1gica com uma roda gigante que oferece vistas deslumbrantes sobre a cidade e o rio Tejo.<\/p>\n<\/div><\/div><div class=\"w-separator size_custom\" style=\"height:10px\"><\/div><div class=\"wpb_text_column\"><div class=\"wpb_wrapper\"><p data-start=\"619\" data-end=\"1043\">H\u00e1 tamb\u00e9m uma pista de gelo sustent\u00e1vel de 800 m\u00b2, al\u00e9m da Casa do Pai Natal e da Vila do Afeto, perfeitas para fam\u00edlias com crian\u00e7as.<\/p>\n<\/div><\/div><div class=\"w-separator size_custom\" style=\"height:10px\"><\/div><div class=\"wpb_text_column\"><div class=\"wpb_wrapper\"><p data-start=\"619\" data-end=\"1043\">O Mercado de Natal em si \u00e9 imperd\u00edvel, com artesanato local, presentes feitos \u00e0 m\u00e3o e iguarias regionais \u2014 desde doces portugueses a comida de rua.<\/p>\n<\/div><\/div><\/div><\/div><div class=\"wpb_column vc_column_container\"><div class=\"vc_column-inner\"><div class=\"wpb_text_column\"><div class=\"wpb_wrapper\"><p>O Wonderland Lisboa \u00e9 uma experi\u00eancia imperd\u00edvel que celebra o esp\u00edrito alegre da cidade.<\/p>\n<\/div><\/div><div class=\"w-separator size_custom\" style=\"height:10px\"><\/div><div class=\"wpb_text_column\"><div class=\"wpb_wrapper\"><p>Ao ficar hospedado no Lisboa Central Park Hotel, estar\u00e1 a poucos passos de toda a festa \u2014 o local perfeito para desfrutar do encanto e da magia da \u00e9poca natal\u00edcia em Lisboa.<\/p>\n<\/div><\/div><div class=\"w-separator size_small\"><\/div><div class=\"w-btn-wrapper align_none\"><a class=\"w-btn us-btn-style_3 SeeMoreButtonStyle us_custom_064d3121 SeeMoreButton icon_atright\" href=\"https:\/\/www.secure-hotel-booking.com\/Lisboa-Central-Park-Hotel-Suites-Studios\/JREN?hotelId=14196&amp;arrivalDate=2025-12-10&amp;departureDate=2025-12-11&amp;selectedAdultCount=2\"><span class=\"w-btn-label\">RESERVAR ALOJAMENTO<\/span><i class=\"material-icons\">north_east<\/i><\/a><\/div><\/div><\/div><div class=\"wpb_column vc_column_container\"><div class=\"vc_column-inner\"><\/div><\/div><\/div><\/div><\/section><section class=\"l-section wpb_row height_small\"><div class=\"l-section-h i-cf\"><div class=\"g-cols vc_row via_grid cols_1 laptops-cols_inherit tablets-cols_inherit mobiles-cols_1 valign_top type_default stacking_default\"><div class=\"wpb_column vc_column_container\"><div class=\"vc_column-inner\"><div class=\"w-separator size_small\"><\/div><\/div><\/div><\/div><\/div><\/section>\n","protected":false},"excerpt":{"rendered":"WONDERLAND LISBOA 28 de Novembro de 2025 a 4 de Janeiro de 2026 RESERVAR ALOJAMENTONATAL M\u00c1GICO Roda gigante com vistas deslumbrantes \u2022 Pista de gelo sustent\u00e1vel \u2022 Casa do Pai Natal \u2022 Mercado de Natal artesanal \u2022 Pra\u00e7a de alimenta\u00e7\u00e3o \u2022 M\u00fasica ao vivo Do outro lado da rua do Lisboa Central Park Hotel, o...","protected":false},"author":2,"featured_media":3074,"parent":0,"menu_order":0,"comment_status":"closed","ping_status":"open","template":"","meta":{"footnotes":""},"class_list":["post-3089","page","type-page","status-publish","has-post-thumbnail","hentry"],"yoast_head":"<!-- This site is optimized with the Yoast SEO plugin v27.4 - https:\/\/yoast.com\/product\/yoast-seo-wordpress\/ -->\n<title>Wonderland Lisboa | Parque Eduardo VII<\/title>\n<meta name=\"description\" content=\"O Wonderland Lisboa, mesmo em frente ao Lisboa Central Park Hotel, transforma o Parque Eduardo VII num mundo de sonho festivo.\" \/>\n<meta name=\"robots\" content=\"index, follow, max-snippet:-1, max-image-preview:large, max-video-preview:-1\" \/>\n<link rel=\"canonical\" href=\"https:\/\/lcpark.com\/pt-pt\/wonderland-lisboa-mercado-de-natal\/\" \/>\n<meta property=\"og:locale\" content=\"pt_PT\" \/>\n<meta property=\"og:type\" content=\"article\" \/>\n<meta property=\"og:title\" content=\"Wonderland Lisboa | Parque Eduardo VII\" \/>\n<meta property=\"og:description\" content=\"O Wonderland Lisboa, mesmo em frente ao Lisboa Central Park Hotel, transforma o Parque Eduardo VII num mundo de sonho festivo.\" \/>\n<meta property=\"og:url\" content=\"https:\/\/lcpark.com\/pt-pt\/wonderland-lisboa-mercado-de-natal\/\" \/>\n<meta property=\"og:site_name\" content=\"Lisboa Central Park Hotel Suites &amp; Studios, Lisbon Portugal\" \/>\n<meta property=\"article:publisher\" content=\"https:\/\/www.facebook.com\/people\/Lisboa-Central-Park-Hotel\/100057055796565\/\" \/>\n<meta property=\"article:modified_time\" content=\"2025-11-14T19:09:46+00:00\" \/>\n<meta property=\"og:image\" content=\"https:\/\/lcpark.com\/wp-content\/uploads\/2025\/10\/Lisbon-Christmas-Market-Wonderland-Cover.webp\" \/>\n\t<meta property=\"og:image:width\" content=\"2400\" \/>\n\t<meta property=\"og:image:height\" content=\"1599\" \/>\n\t<meta property=\"og:image:type\" content=\"image\/webp\" \/>\n<meta name=\"twitter:card\" content=\"summary_large_image\" \/>\n<meta name=\"twitter:label1\" content=\"Tempo estimado de leitura\" \/>\n\t<meta name=\"twitter:data1\" content=\"3 minutos\" \/>\n<script type=\"application\/ld+json\" class=\"yoast-schema-graph\">{\"@context\":\"https:\\\/\\\/schema.org\",\"@graph\":[{\"@type\":\"WebPage\",\"@id\":\"https:\\\/\\\/lcpark.com\\\/pt-pt\\\/wonderland-lisboa-mercado-de-natal\\\/\",\"url\":\"https:\\\/\\\/lcpark.com\\\/pt-pt\\\/wonderland-lisboa-mercado-de-natal\\\/\",\"name\":\"Wonderland Lisboa | Parque Eduardo VII\",\"isPartOf\":{\"@id\":\"https:\\\/\\\/lcpark.com\\\/pt-pt\\\/#website\"},\"primaryImageOfPage\":{\"@id\":\"https:\\\/\\\/lcpark.com\\\/pt-pt\\\/wonderland-lisboa-mercado-de-natal\\\/#primaryimage\"},\"image\":{\"@id\":\"https:\\\/\\\/lcpark.com\\\/pt-pt\\\/wonderland-lisboa-mercado-de-natal\\\/#primaryimage\"},\"thumbnailUrl\":\"https:\\\/\\\/lcpark.com\\\/wp-content\\\/uploads\\\/2025\\\/10\\\/Lisbon-Christmas-Market-Wonderland-Cover.webp\",\"datePublished\":\"2025-10-25T17:37:04+00:00\",\"dateModified\":\"2025-11-14T19:09:46+00:00\",\"description\":\"O Wonderland Lisboa, mesmo em frente ao Lisboa Central Park Hotel, transforma o Parque Eduardo VII num mundo de sonho festivo.\",\"breadcrumb\":{\"@id\":\"https:\\\/\\\/lcpark.com\\\/pt-pt\\\/wonderland-lisboa-mercado-de-natal\\\/#breadcrumb\"},\"inLanguage\":\"pt-PT\",\"potentialAction\":[{\"@type\":\"ReadAction\",\"target\":[\"https:\\\/\\\/lcpark.com\\\/pt-pt\\\/wonderland-lisboa-mercado-de-natal\\\/\"]}]},{\"@type\":\"ImageObject\",\"inLanguage\":\"pt-PT\",\"@id\":\"https:\\\/\\\/lcpark.com\\\/pt-pt\\\/wonderland-lisboa-mercado-de-natal\\\/#primaryimage\",\"url\":\"https:\\\/\\\/lcpark.com\\\/wp-content\\\/uploads\\\/2025\\\/10\\\/Lisbon-Christmas-Market-Wonderland-Cover.webp\",\"contentUrl\":\"https:\\\/\\\/lcpark.com\\\/wp-content\\\/uploads\\\/2025\\\/10\\\/Lisbon-Christmas-Market-Wonderland-Cover.webp\",\"width\":2400,\"height\":1599,\"caption\":\"Lisbon Christmas Market Wonderland Cover\"},{\"@type\":\"BreadcrumbList\",\"@id\":\"https:\\\/\\\/lcpark.com\\\/pt-pt\\\/wonderland-lisboa-mercado-de-natal\\\/#breadcrumb\",\"itemListElement\":[{\"@type\":\"ListItem\",\"position\":1,\"name\":\"Home\",\"item\":\"https:\\\/\\\/lcpark.com\\\/pt-pt\\\/\"},{\"@type\":\"ListItem\",\"position\":2,\"name\":\"Wonderland Lisboa Mercado de Natal\"}]},{\"@type\":\"WebSite\",\"@id\":\"https:\\\/\\\/lcpark.com\\\/pt-pt\\\/#website\",\"url\":\"https:\\\/\\\/lcpark.com\\\/pt-pt\\\/\",\"name\":\"Lisbon Central Park Hotel Suites & Studios\",\"description\":\"Lisbon Central Park - Staging website description\",\"publisher\":{\"@id\":\"https:\\\/\\\/lcpark.com\\\/pt-pt\\\/#organization\"},\"potentialAction\":[{\"@type\":\"SearchAction\",\"target\":{\"@type\":\"EntryPoint\",\"urlTemplate\":\"https:\\\/\\\/lcpark.com\\\/pt-pt\\\/?s={search_term_string}\"},\"query-input\":{\"@type\":\"PropertyValueSpecification\",\"valueRequired\":true,\"valueName\":\"search_term_string\"}}],\"inLanguage\":\"pt-PT\"},{\"@type\":\"Organization\",\"@id\":\"https:\\\/\\\/lcpark.com\\\/pt-pt\\\/#organization\",\"name\":\"Lisbon Central Park Hotel Suites & Studios\",\"alternateName\":\"Lisbon Central Park Hotel\",\"url\":\"https:\\\/\\\/lcpark.com\\\/pt-pt\\\/\",\"logo\":{\"@type\":\"ImageObject\",\"inLanguage\":\"pt-PT\",\"@id\":\"https:\\\/\\\/lcpark.com\\\/pt-pt\\\/#\\\/schema\\\/logo\\\/image\\\/\",\"url\":\"https:\\\/\\\/lcpark.com\\\/wp-content\\\/uploads\\\/2024\\\/04\\\/Lisboa-Central-Park-Favicon-Logo-Circle-Transparent.webp\",\"contentUrl\":\"https:\\\/\\\/lcpark.com\\\/wp-content\\\/uploads\\\/2024\\\/04\\\/Lisboa-Central-Park-Favicon-Logo-Circle-Transparent.webp\",\"width\":834,\"height\":834,\"caption\":\"Lisbon Central Park Hotel Suites & Studios\"},\"image\":{\"@id\":\"https:\\\/\\\/lcpark.com\\\/pt-pt\\\/#\\\/schema\\\/logo\\\/image\\\/\"},\"sameAs\":[\"https:\\\/\\\/www.facebook.com\\\/people\\\/Lisboa-Central-Park-Hotel\\\/100057055796565\\\/\",\"https:\\\/\\\/www.instagram.com\\\/lisboacentralpark\\\/\"]}]}<\/script>\n<!-- \/ Yoast SEO plugin. -->","yoast_head_json":{"title":"Wonderland Lisboa | Parque Eduardo VII","description":"O Wonderland Lisboa, mesmo em frente ao Lisboa Central Park Hotel, transforma o Parque Eduardo VII num mundo de sonho festivo.","robots":{"index":"index","follow":"follow","max-snippet":"max-snippet:-1","max-image-preview":"max-image-preview:large","max-video-preview":"max-video-preview:-1"},"canonical":"https:\/\/lcpark.com\/pt-pt\/wonderland-lisboa-mercado-de-natal\/","og_locale":"pt_PT","og_type":"article","og_title":"Wonderland Lisboa | Parque Eduardo VII","og_description":"O Wonderland Lisboa, mesmo em frente ao Lisboa Central Park Hotel, transforma o Parque Eduardo VII num mundo de sonho festivo.","og_url":"https:\/\/lcpark.com\/pt-pt\/wonderland-lisboa-mercado-de-natal\/","og_site_name":"Lisboa Central Park Hotel Suites &amp; Studios, Lisbon Portugal","article_publisher":"https:\/\/www.facebook.com\/people\/Lisboa-Central-Park-Hotel\/100057055796565\/","article_modified_time":"2025-11-14T19:09:46+00:00","og_image":[{"width":2400,"height":1599,"url":"https:\/\/lcpark.com\/wp-content\/uploads\/2025\/10\/Lisbon-Christmas-Market-Wonderland-Cover.webp","type":"image\/webp"}],"twitter_card":"summary_large_image","twitter_misc":{"Tempo estimado de leitura":"3 minutos"},"schema":{"@context":"https:\/\/schema.org","@graph":[{"@type":"WebPage","@id":"https:\/\/lcpark.com\/pt-pt\/wonderland-lisboa-mercado-de-natal\/","url":"https:\/\/lcpark.com\/pt-pt\/wonderland-lisboa-mercado-de-natal\/","name":"Wonderland Lisboa | Parque Eduardo VII","isPartOf":{"@id":"https:\/\/lcpark.com\/pt-pt\/#website"},"primaryImageOfPage":{"@id":"https:\/\/lcpark.com\/pt-pt\/wonderland-lisboa-mercado-de-natal\/#primaryimage"},"image":{"@id":"https:\/\/lcpark.com\/pt-pt\/wonderland-lisboa-mercado-de-natal\/#primaryimage"},"thumbnailUrl":"https:\/\/lcpark.com\/wp-content\/uploads\/2025\/10\/Lisbon-Christmas-Market-Wonderland-Cover.webp","datePublished":"2025-10-25T17:37:04+00:00","dateModified":"2025-11-14T19:09:46+00:00","description":"O Wonderland Lisboa, mesmo em frente ao Lisboa Central Park Hotel, transforma o Parque Eduardo VII num mundo de sonho festivo.","breadcrumb":{"@id":"https:\/\/lcpark.com\/pt-pt\/wonderland-lisboa-mercado-de-natal\/#breadcrumb"},"inLanguage":"pt-PT","potentialAction":[{"@type":"ReadAction","target":["https:\/\/lcpark.com\/pt-pt\/wonderland-lisboa-mercado-de-natal\/"]}]},{"@type":"ImageObject","inLanguage":"pt-PT","@id":"https:\/\/lcpark.com\/pt-pt\/wonderland-lisboa-mercado-de-natal\/#primaryimage","url":"https:\/\/lcpark.com\/wp-content\/uploads\/2025\/10\/Lisbon-Christmas-Market-Wonderland-Cover.webp","contentUrl":"https:\/\/lcpark.com\/wp-content\/uploads\/2025\/10\/Lisbon-Christmas-Market-Wonderland-Cover.webp","width":2400,"height":1599,"caption":"Lisbon Christmas Market Wonderland Cover"},{"@type":"BreadcrumbList","@id":"https:\/\/lcpark.com\/pt-pt\/wonderland-lisboa-mercado-de-natal\/#breadcrumb","itemListElement":[{"@type":"ListItem","position":1,"name":"Home","item":"https:\/\/lcpark.com\/pt-pt\/"},{"@type":"ListItem","position":2,"name":"Wonderland Lisboa Mercado de Natal"}]},{"@type":"WebSite","@id":"https:\/\/lcpark.com\/pt-pt\/#website","url":"https:\/\/lcpark.com\/pt-pt\/","name":"Lisbon Central Park Hotel Suites & Studios","description":"Lisbon Central Park - Staging website description","publisher":{"@id":"https:\/\/lcpark.com\/pt-pt\/#organization"},"potentialAction":[{"@type":"SearchAction","target":{"@type":"EntryPoint","urlTemplate":"https:\/\/lcpark.com\/pt-pt\/?s={search_term_string}"},"query-input":{"@type":"PropertyValueSpecification","valueRequired":true,"valueName":"search_term_string"}}],"inLanguage":"pt-PT"},{"@type":"Organization","@id":"https:\/\/lcpark.com\/pt-pt\/#organization","name":"Lisbon Central Park Hotel Suites & Studios","alternateName":"Lisbon Central Park Hotel","url":"https:\/\/lcpark.com\/pt-pt\/","logo":{"@type":"ImageObject","inLanguage":"pt-PT","@id":"https:\/\/lcpark.com\/pt-pt\/#\/schema\/logo\/image\/","url":"https:\/\/lcpark.com\/wp-content\/uploads\/2024\/04\/Lisboa-Central-Park-Favicon-Logo-Circle-Transparent.webp","contentUrl":"https:\/\/lcpark.com\/wp-content\/uploads\/2024\/04\/Lisboa-Central-Park-Favicon-Logo-Circle-Transparent.webp","width":834,"height":834,"caption":"Lisbon Central Park Hotel Suites & Studios"},"image":{"@id":"https:\/\/lcpark.com\/pt-pt\/#\/schema\/logo\/image\/"},"sameAs":["https:\/\/www.facebook.com\/people\/Lisboa-Central-Park-Hotel\/100057055796565\/","https:\/\/www.instagram.com\/lisboacentralpark\/"]}]}},"_links":{"self":[{"href":"https:\/\/lcpark.com\/pt-pt\/wp-json\/wp\/v2\/pages\/3089","targetHints":{"allow":["GET"]}}],"collection":[{"href":"https:\/\/lcpark.com\/pt-pt\/wp-json\/wp\/v2\/pages"}],"about":[{"href":"https:\/\/lcpark.com\/pt-pt\/wp-json\/wp\/v2\/types\/page"}],"author":[{"embeddable":true,"href":"https:\/\/lcpark.com\/pt-pt\/wp-json\/wp\/v2\/users\/2"}],"replies":[{"embeddable":true,"href":"https:\/\/lcpark.com\/pt-pt\/wp-json\/wp\/v2\/comments?post=3089"}],"version-history":[{"count":5,"href":"https:\/\/lcpark.com\/pt-pt\/wp-json\/wp\/v2\/pages\/3089\/revisions"}],"predecessor-version":[{"id":3104,"href":"https:\/\/lcpark.com\/pt-pt\/wp-json\/wp\/v2\/pages\/3089\/revisions\/3104"}],"wp:featuredmedia":[{"embeddable":true,"href":"https:\/\/lcpark.com\/pt-pt\/wp-json\/wp\/v2\/media\/3074"}],"wp:attachment":[{"href":"https:\/\/lcpark.com\/pt-pt\/wp-json\/wp\/v2\/media?parent=3089"}],"curies":[{"name":"wp","href":"https:\/\/api.w.org\/{rel}","templated":true}]}}