{"id":3282,"date":"2026-04-14T23:09:19","date_gmt":"2026-04-14T23:09:19","guid":{"rendered":"https:\/\/lcpark.com\/ofertas-especiais\/pack-familias\/"},"modified":"2026-04-17T17:56:35","modified_gmt":"2026-04-17T17:56:35","slug":"pack-familias","status":"publish","type":"page","link":"https:\/\/lcpark.com\/pt-pt\/ofertas-especiais\/pack-familias\/","title":{"rendered":"Pack Familias"},"content":{"rendered":"<section class=\"l-section wpb_row height_auto width_full with_img parallax_ver\"><div class=\"l-section-img\" role=\"img\" aria-label=\"Family Hotel Lisbon, Family Suites\" data-img-width=\"2309\" data-img-height=\"1299\" style=\"background-image: url(https:\/\/lcpark.com\/wp-content\/uploads\/2026\/03\/Family-Hotel-Lisbon.webp);background-repeat: no-repeat;\"><\/div><div class=\"l-section-overlay\" style=\"background:rgba(0,0,0,0.50)\"><\/div><div class=\"l-section-h i-cf\"><div class=\"g-cols vc_row via_grid cols_1-4-1 laptops-cols_inherit tablets-cols_inherit mobiles-cols_1 valign_top type_default stacking_default\"><div class=\"wpb_column vc_column_container\"><div class=\"vc_column-inner\"><\/div><\/div><div class=\"wpb_column vc_column_container\"><div class=\"vc_column-inner\"><div class=\"w-separator size_custom\" style=\"height:320px\" id=\"i4f7\"><style>@media(max-width:1024px){ #i4f7{height:260px!important}}@media(max-width:600px){ #i4f7{height:100px!important}}<\/style><\/div><div class=\"wpb_text_column\"><div class=\"wpb_wrapper\"><h1 style=\"text-align: center;\"><span style=\"color: #d9c39a;\">OFERTA ESPECIAL FAMILIAS<\/span><\/h1>\n<\/div><\/div><div class=\"w-separator size_custom\" style=\"height:10px\"><\/div><div class=\"wpb_text_column us_custom_de67d1db\"><div class=\"wpb_wrapper\"><p style=\"text-align: center;\"><span style=\"color: #d9c39a;\">Mais conforto, mais vantagens, mais tempo juntos<\/span><\/p>\n<\/div><\/div><div class=\"w-separator size_custom\" style=\"height:20px\"><\/div><div class=\"w-btn-wrapper align_center\"><a class=\"w-btn us-btn-style_2\" href=\"https:\/\/www.secure-hotel-booking.com\/Lisboa-Central-Park-Hotel-Suites-Studios\/JREN?hotelId=14196&amp;arrivalDate=2026-11-26&amp;departureDate=2026-11-28&amp;rateAction=Highlight&amp;rateId=577194&amp;selectedAdultCount=2&amp;selectedchildCount=2\"><span class=\"w-btn-label\">RESERVAR OFERTA<\/span><\/a><\/div><div class=\"w-separator size_custom\" style=\"height:320px\" id=\"y02b\"><style>@media(max-width:1024px){ #y02b{height:260px!important}}@media(max-width:600px){ #y02b{height:100px!important}}<\/style><\/div><\/div><\/div><div class=\"wpb_column vc_column_container\"><div class=\"vc_column-inner\"><\/div><\/div><\/div><\/div><\/section><section class=\"l-section wpb_row height_medium width_custom\" style=\"--site-content-width:1200px;\"><div class=\"l-section-h i-cf\"><div class=\"g-cols vc_row via_grid cols_2 laptops-cols_inherit tablets-cols_inherit mobiles-cols_1 valign_top type_default stacking_default\"><div class=\"wpb_column vc_column_container\"><div class=\"vc_column-inner\"><div class=\"wpb_text_column\"><div class=\"wpb_wrapper\"><h3><strong>INCLUIDO<\/strong><\/h3>\n<\/div><\/div><div class=\"w-separator size_custom\" style=\"height:10px\"><\/div><div class=\"wpb_text_column\"><div class=\"wpb_wrapper\"><div class=\"wpb_text_column\">\n<div class=\"wpb_wrapper\">\n<ul>\n<li><span>15% de desconto sobre a melhor tarifa dispon\u00edvel <\/span><\/li>\n<li>Alojamento em Suite Familiar com dois quartos<\/li>\n<li>Pequeno-almo\u00e7o em buffet gratuito para pais e filhos<\/li>\n<li>Check-in antecipado, check-out tardio, sujeito a disponibilidade<\/li>\n<li>Vantagens exclusivas em algumas das atra\u00e7\u00f5es mais populares de Lisboa*<\/li>\n<\/ul>\n<p>* Incluindo um desconto de 10 % no Ocean\u00e1rio e no telef\u00e9rico do Parque das Na\u00e7\u00f5es, bem como um desconto de 15 % no Jardim Zool\u00f3gico de Lisboa. <\/p>\n<\/div>\n<\/div>\n<\/div><\/div><div class=\"w-separator size_custom\" style=\"height:20px\"><\/div><div class=\"wpb_text_column\"><div class=\"wpb_wrapper\"><h4>desde 126\u20ac<\/h4>\n<\/div><\/div><div class=\"w-separator size_small\"><\/div><div class=\"w-btn-wrapper align_none\"><a class=\"w-btn us-btn-style_3 SeeMoreButtonStyle us_custom_064d3121 SeeMoreButton icon_atright\" href=\"https:\/\/www.secure-hotel-booking.com\/Lisboa-Central-Park-Hotel-Suites-Studios\/JREN?hotelId=14196&amp;arrivalDate=2026-11-26&amp;departureDate=2026-11-28&amp;rateAction=Highlight&amp;rateId=577194&amp;selectedAdultCount=2&amp;selectedchildCount=2\"><span class=\"w-btn-label\">RESERVAR OFERTA<\/span><i class=\"material-icons\">north_east<\/i><\/a><\/div><\/div><\/div><div class=\"wpb_column vc_column_container\"><div class=\"vc_column-inner\"><div class=\"wpb_text_column\"><div class=\"wpb_wrapper\"><h3><strong>TERMOS<\/strong><\/h3>\n<\/div><\/div><div class=\"w-separator size_custom\" style=\"height:10px\"><\/div><div class=\"wpb_text_column\"><div class=\"wpb_wrapper\"><ul>\n<li>Dispon\u00edvel para fam\u00edlias com um ou dois filhos com 12 anos ou menos<\/li>\n<li><span>Estadia m\u00ednima de duas noites<\/span><\/li>\n<li>Check-in: 15:00 horas<\/li>\n<li>Check-out: 12:00 horas<\/li>\n<\/ul>\n<\/div><\/div><\/div><\/div><\/div><\/div><\/section><section class=\"l-section wpb_row height_small width_custom\" style=\"--site-content-width:1200px;\"><div class=\"l-section-h i-cf\"><div class=\"g-cols vc_row via_grid cols_1 laptops-cols_inherit tablets-cols_inherit mobiles-cols_1 valign_top type_default stacking_default\"><div class=\"wpb_column vc_column_container\"><div class=\"vc_column-inner\"><div class=\"wpb_text_column\"><div class=\"wpb_wrapper\"><p style=\"text-align: center;\"><em>Todas as ofertas est\u00e3o sujeitas a disponibilidade. Poder\u00e3o ser aplic\u00e1veis datas n\u00e3o eleg\u00edveis . As ofertas n\u00e3o ser\u00e3o v\u00e1lidas quando associadas com qualquer outra oferta. As taxas de servi\u00e7o, as tarifas e os impostos em vigor podem ser alterados sem aviso pr\u00e9vio.<\/em><\/p>\n<\/div><\/div><div class=\"w-separator size_large\"><\/div><\/div><\/div><\/div><\/div><\/section>\n","protected":false},"excerpt":{"rendered":"OFERTA ESPECIAL FAMILIAS Mais conforto, mais vantagens, mais tempo juntos RESERVAR OFERTAINCLUIDO 15% de desconto sobre a melhor tarifa dispon\u00edvel Alojamento em Suite Familiar com dois quartos Pequeno-almo\u00e7o em buffet gratuito para pais e filhos Check-in antecipado, check-out tardio, sujeito a disponibilidade Vantagens exclusivas em algumas das atra\u00e7\u00f5es mais populares de Lisboa* * Incluindo um...","protected":false},"author":2,"featured_media":3137,"parent":1806,"menu_order":0,"comment_status":"closed","ping_status":"closed","template":"","meta":{"footnotes":""},"class_list":["post-3282","page","type-page","status-publish","has-post-thumbnail","hentry"],"yoast_head":"<!-- This site is optimized with the Yoast SEO plugin v27.4 - https:\/\/yoast.com\/product\/yoast-seo-wordpress\/ -->\n<title>Oferta Pacote de Familia | Lisboa Central Park Hotel<\/title>\n<meta name=\"description\" content=\"Reserve a nossa oferta para fam\u00edlias e aproveite o pequeno-almo\u00e7o gratuito e um desconto de 15% sobre a nossa melhor tarifa dispon\u00edvel. Reservar.\" \/>\n<meta name=\"robots\" content=\"index, follow, max-snippet:-1, max-image-preview:large, max-video-preview:-1\" \/>\n<link rel=\"canonical\" href=\"https:\/\/lcpark.com\/pt-pt\/ofertas-especiais\/pack-familias\/\" \/>\n<meta property=\"og:locale\" content=\"pt_PT\" \/>\n<meta property=\"og:type\" content=\"article\" \/>\n<meta property=\"og:title\" content=\"Oferta Pacote de Familia | Lisboa Central Park Hotel\" \/>\n<meta property=\"og:description\" content=\"Reserve a nossa oferta para fam\u00edlias e aproveite o pequeno-almo\u00e7o gratuito e um desconto de 15% sobre a nossa melhor tarifa dispon\u00edvel. Reservar.\" \/>\n<meta property=\"og:url\" content=\"https:\/\/lcpark.com\/pt-pt\/ofertas-especiais\/pack-familias\/\" \/>\n<meta property=\"og:site_name\" content=\"Lisboa Central Park Hotel Suites &amp; Studios, Lisbon Portugal\" \/>\n<meta property=\"article:publisher\" content=\"https:\/\/www.facebook.com\/people\/Lisboa-Central-Park-Hotel\/100057055796565\/\" \/>\n<meta property=\"article:modified_time\" content=\"2026-04-17T17:56:35+00:00\" \/>\n<meta property=\"og:image\" content=\"https:\/\/lcpark.com\/wp-content\/uploads\/2026\/03\/Family-Hotel-Lisbon.webp\" \/>\n\t<meta property=\"og:image:width\" content=\"2309\" \/>\n\t<meta property=\"og:image:height\" content=\"1299\" \/>\n\t<meta property=\"og:image:type\" content=\"image\/webp\" \/>\n<meta name=\"twitter:card\" content=\"summary_large_image\" \/>\n<meta name=\"twitter:label1\" content=\"Tempo estimado de leitura\" \/>\n\t<meta name=\"twitter:data1\" content=\"2 minutos\" \/>\n<script type=\"application\/ld+json\" class=\"yoast-schema-graph\">{\"@context\":\"https:\\\/\\\/schema.org\",\"@graph\":[{\"@type\":\"WebPage\",\"@id\":\"https:\\\/\\\/lcpark.com\\\/pt-pt\\\/ofertas-especiais\\\/pack-familias\\\/\",\"url\":\"https:\\\/\\\/lcpark.com\\\/pt-pt\\\/ofertas-especiais\\\/pack-familias\\\/\",\"name\":\"Oferta Pacote de Familia | Lisboa Central Park Hotel\",\"isPartOf\":{\"@id\":\"https:\\\/\\\/lcpark.com\\\/pt-pt\\\/#website\"},\"primaryImageOfPage\":{\"@id\":\"https:\\\/\\\/lcpark.com\\\/pt-pt\\\/ofertas-especiais\\\/pack-familias\\\/#primaryimage\"},\"image\":{\"@id\":\"https:\\\/\\\/lcpark.com\\\/pt-pt\\\/ofertas-especiais\\\/pack-familias\\\/#primaryimage\"},\"thumbnailUrl\":\"https:\\\/\\\/lcpark.com\\\/wp-content\\\/uploads\\\/2026\\\/03\\\/Family-Hotel-Lisbon.webp\",\"datePublished\":\"2026-04-14T23:09:19+00:00\",\"dateModified\":\"2026-04-17T17:56:35+00:00\",\"description\":\"Reserve a nossa oferta para fam\u00edlias e aproveite o pequeno-almo\u00e7o gratuito e um desconto de 15% sobre a nossa melhor tarifa dispon\u00edvel. Reservar.\",\"breadcrumb\":{\"@id\":\"https:\\\/\\\/lcpark.com\\\/pt-pt\\\/ofertas-especiais\\\/pack-familias\\\/#breadcrumb\"},\"inLanguage\":\"pt-PT\",\"potentialAction\":[{\"@type\":\"ReadAction\",\"target\":[\"https:\\\/\\\/lcpark.com\\\/pt-pt\\\/ofertas-especiais\\\/pack-familias\\\/\"]}]},{\"@type\":\"ImageObject\",\"inLanguage\":\"pt-PT\",\"@id\":\"https:\\\/\\\/lcpark.com\\\/pt-pt\\\/ofertas-especiais\\\/pack-familias\\\/#primaryimage\",\"url\":\"https:\\\/\\\/lcpark.com\\\/wp-content\\\/uploads\\\/2026\\\/03\\\/Family-Hotel-Lisbon.webp\",\"contentUrl\":\"https:\\\/\\\/lcpark.com\\\/wp-content\\\/uploads\\\/2026\\\/03\\\/Family-Hotel-Lisbon.webp\",\"width\":2309,\"height\":1299,\"caption\":\"Family Hotel Lisbon, Family Suites\"},{\"@type\":\"BreadcrumbList\",\"@id\":\"https:\\\/\\\/lcpark.com\\\/pt-pt\\\/ofertas-especiais\\\/pack-familias\\\/#breadcrumb\",\"itemListElement\":[{\"@type\":\"ListItem\",\"position\":1,\"name\":\"Home\",\"item\":\"https:\\\/\\\/lcpark.com\\\/pt-pt\\\/\"},{\"@type\":\"ListItem\",\"position\":2,\"name\":\"Ofertas Especiais\",\"item\":\"https:\\\/\\\/lcpark.com\\\/pt-pt\\\/ofertas-especiais\\\/\"},{\"@type\":\"ListItem\",\"position\":3,\"name\":\"Pack Familias\"}]},{\"@type\":\"WebSite\",\"@id\":\"https:\\\/\\\/lcpark.com\\\/pt-pt\\\/#website\",\"url\":\"https:\\\/\\\/lcpark.com\\\/pt-pt\\\/\",\"name\":\"Lisbon Central Park Hotel Suites & Studios\",\"description\":\"Lisbon Central Park - Staging website description\",\"publisher\":{\"@id\":\"https:\\\/\\\/lcpark.com\\\/pt-pt\\\/#organization\"},\"potentialAction\":[{\"@type\":\"SearchAction\",\"target\":{\"@type\":\"EntryPoint\",\"urlTemplate\":\"https:\\\/\\\/lcpark.com\\\/pt-pt\\\/?s={search_term_string}\"},\"query-input\":{\"@type\":\"PropertyValueSpecification\",\"valueRequired\":true,\"valueName\":\"search_term_string\"}}],\"inLanguage\":\"pt-PT\"},{\"@type\":\"Organization\",\"@id\":\"https:\\\/\\\/lcpark.com\\\/pt-pt\\\/#organization\",\"name\":\"Lisbon Central Park Hotel Suites & Studios\",\"alternateName\":\"Lisbon Central Park Hotel\",\"url\":\"https:\\\/\\\/lcpark.com\\\/pt-pt\\\/\",\"logo\":{\"@type\":\"ImageObject\",\"inLanguage\":\"pt-PT\",\"@id\":\"https:\\\/\\\/lcpark.com\\\/pt-pt\\\/#\\\/schema\\\/logo\\\/image\\\/\",\"url\":\"https:\\\/\\\/lcpark.com\\\/wp-content\\\/uploads\\\/2024\\\/04\\\/Lisboa-Central-Park-Favicon-Logo-Circle-Transparent.webp\",\"contentUrl\":\"https:\\\/\\\/lcpark.com\\\/wp-content\\\/uploads\\\/2024\\\/04\\\/Lisboa-Central-Park-Favicon-Logo-Circle-Transparent.webp\",\"width\":834,\"height\":834,\"caption\":\"Lisbon Central Park Hotel Suites & Studios\"},\"image\":{\"@id\":\"https:\\\/\\\/lcpark.com\\\/pt-pt\\\/#\\\/schema\\\/logo\\\/image\\\/\"},\"sameAs\":[\"https:\\\/\\\/www.facebook.com\\\/people\\\/Lisboa-Central-Park-Hotel\\\/100057055796565\\\/\",\"https:\\\/\\\/www.instagram.com\\\/lisboacentralpark\\\/\"]}]}<\/script>\n<!-- \/ Yoast SEO plugin. -->","yoast_head_json":{"title":"Oferta Pacote de Familia | Lisboa Central Park Hotel","description":"Reserve a nossa oferta para fam\u00edlias e aproveite o pequeno-almo\u00e7o gratuito e um desconto de 15% sobre a nossa melhor tarifa dispon\u00edvel. Reservar.","robots":{"index":"index","follow":"follow","max-snippet":"max-snippet:-1","max-image-preview":"max-image-preview:large","max-video-preview":"max-video-preview:-1"},"canonical":"https:\/\/lcpark.com\/pt-pt\/ofertas-especiais\/pack-familias\/","og_locale":"pt_PT","og_type":"article","og_title":"Oferta Pacote de Familia | Lisboa Central Park Hotel","og_description":"Reserve a nossa oferta para fam\u00edlias e aproveite o pequeno-almo\u00e7o gratuito e um desconto de 15% sobre a nossa melhor tarifa dispon\u00edvel. Reservar.","og_url":"https:\/\/lcpark.com\/pt-pt\/ofertas-especiais\/pack-familias\/","og_site_name":"Lisboa Central Park Hotel Suites &amp; Studios, Lisbon Portugal","article_publisher":"https:\/\/www.facebook.com\/people\/Lisboa-Central-Park-Hotel\/100057055796565\/","article_modified_time":"2026-04-17T17:56:35+00:00","og_image":[{"width":2309,"height":1299,"url":"https:\/\/lcpark.com\/wp-content\/uploads\/2026\/03\/Family-Hotel-Lisbon.webp","type":"image\/webp"}],"twitter_card":"summary_large_image","twitter_misc":{"Tempo estimado de leitura":"2 minutos"},"schema":{"@context":"https:\/\/schema.org","@graph":[{"@type":"WebPage","@id":"https:\/\/lcpark.com\/pt-pt\/ofertas-especiais\/pack-familias\/","url":"https:\/\/lcpark.com\/pt-pt\/ofertas-especiais\/pack-familias\/","name":"Oferta Pacote de Familia | Lisboa Central Park Hotel","isPartOf":{"@id":"https:\/\/lcpark.com\/pt-pt\/#website"},"primaryImageOfPage":{"@id":"https:\/\/lcpark.com\/pt-pt\/ofertas-especiais\/pack-familias\/#primaryimage"},"image":{"@id":"https:\/\/lcpark.com\/pt-pt\/ofertas-especiais\/pack-familias\/#primaryimage"},"thumbnailUrl":"https:\/\/lcpark.com\/wp-content\/uploads\/2026\/03\/Family-Hotel-Lisbon.webp","datePublished":"2026-04-14T23:09:19+00:00","dateModified":"2026-04-17T17:56:35+00:00","description":"Reserve a nossa oferta para fam\u00edlias e aproveite o pequeno-almo\u00e7o gratuito e um desconto de 15% sobre a nossa melhor tarifa dispon\u00edvel. Reservar.","breadcrumb":{"@id":"https:\/\/lcpark.com\/pt-pt\/ofertas-especiais\/pack-familias\/#breadcrumb"},"inLanguage":"pt-PT","potentialAction":[{"@type":"ReadAction","target":["https:\/\/lcpark.com\/pt-pt\/ofertas-especiais\/pack-familias\/"]}]},{"@type":"ImageObject","inLanguage":"pt-PT","@id":"https:\/\/lcpark.com\/pt-pt\/ofertas-especiais\/pack-familias\/#primaryimage","url":"https:\/\/lcpark.com\/wp-content\/uploads\/2026\/03\/Family-Hotel-Lisbon.webp","contentUrl":"https:\/\/lcpark.com\/wp-content\/uploads\/2026\/03\/Family-Hotel-Lisbon.webp","width":2309,"height":1299,"caption":"Family Hotel Lisbon, Family Suites"},{"@type":"BreadcrumbList","@id":"https:\/\/lcpark.com\/pt-pt\/ofertas-especiais\/pack-familias\/#breadcrumb","itemListElement":[{"@type":"ListItem","position":1,"name":"Home","item":"https:\/\/lcpark.com\/pt-pt\/"},{"@type":"ListItem","position":2,"name":"Ofertas Especiais","item":"https:\/\/lcpark.com\/pt-pt\/ofertas-especiais\/"},{"@type":"ListItem","position":3,"name":"Pack Familias"}]},{"@type":"WebSite","@id":"https:\/\/lcpark.com\/pt-pt\/#website","url":"https:\/\/lcpark.com\/pt-pt\/","name":"Lisbon Central Park Hotel Suites & Studios","description":"Lisbon Central Park - Staging website description","publisher":{"@id":"https:\/\/lcpark.com\/pt-pt\/#organization"},"potentialAction":[{"@type":"SearchAction","target":{"@type":"EntryPoint","urlTemplate":"https:\/\/lcpark.com\/pt-pt\/?s={search_term_string}"},"query-input":{"@type":"PropertyValueSpecification","valueRequired":true,"valueName":"search_term_string"}}],"inLanguage":"pt-PT"},{"@type":"Organization","@id":"https:\/\/lcpark.com\/pt-pt\/#organization","name":"Lisbon Central Park Hotel Suites & Studios","alternateName":"Lisbon Central Park Hotel","url":"https:\/\/lcpark.com\/pt-pt\/","logo":{"@type":"ImageObject","inLanguage":"pt-PT","@id":"https:\/\/lcpark.com\/pt-pt\/#\/schema\/logo\/image\/","url":"https:\/\/lcpark.com\/wp-content\/uploads\/2024\/04\/Lisboa-Central-Park-Favicon-Logo-Circle-Transparent.webp","contentUrl":"https:\/\/lcpark.com\/wp-content\/uploads\/2024\/04\/Lisboa-Central-Park-Favicon-Logo-Circle-Transparent.webp","width":834,"height":834,"caption":"Lisbon Central Park Hotel Suites & Studios"},"image":{"@id":"https:\/\/lcpark.com\/pt-pt\/#\/schema\/logo\/image\/"},"sameAs":["https:\/\/www.facebook.com\/people\/Lisboa-Central-Park-Hotel\/100057055796565\/","https:\/\/www.instagram.com\/lisboacentralpark\/"]}]}},"_links":{"self":[{"href":"https:\/\/lcpark.com\/pt-pt\/wp-json\/wp\/v2\/pages\/3282","targetHints":{"allow":["GET"]}}],"collection":[{"href":"https:\/\/lcpark.com\/pt-pt\/wp-json\/wp\/v2\/pages"}],"about":[{"href":"https:\/\/lcpark.com\/pt-pt\/wp-json\/wp\/v2\/types\/page"}],"author":[{"embeddable":true,"href":"https:\/\/lcpark.com\/pt-pt\/wp-json\/wp\/v2\/users\/2"}],"replies":[{"embeddable":true,"href":"https:\/\/lcpark.com\/pt-pt\/wp-json\/wp\/v2\/comments?post=3282"}],"version-history":[{"count":3,"href":"https:\/\/lcpark.com\/pt-pt\/wp-json\/wp\/v2\/pages\/3282\/revisions"}],"predecessor-version":[{"id":3285,"href":"https:\/\/lcpark.com\/pt-pt\/wp-json\/wp\/v2\/pages\/3282\/revisions\/3285"}],"up":[{"embeddable":true,"href":"https:\/\/lcpark.com\/pt-pt\/wp-json\/wp\/v2\/pages\/1806"}],"wp:featuredmedia":[{"embeddable":true,"href":"https:\/\/lcpark.com\/pt-pt\/wp-json\/wp\/v2\/media\/3137"}],"wp:attachment":[{"href":"https:\/\/lcpark.com\/pt-pt\/wp-json\/wp\/v2\/media?parent=3282"}],"curies":[{"name":"wp","href":"https:\/\/api.w.org\/{rel}","templated":true}]}}